{"id":299,"date":"2011-02-14T18:47:51","date_gmt":"2011-02-14T17:47:51","guid":{"rendered":"http:\/\/wp.unil.ch\/adas\/"},"modified":"2019-11-16T11:59:52","modified_gmt":"2019-11-16T10:59:52","slug":"comite-2009-2010","status":"publish","type":"page","link":"https:\/\/wp.unil.ch\/adas\/comite\/comite-2009-2010\/?lang=fr","title":{"rendered":"Comit\u00e9 2009-2010"},"content":{"rendered":"<h3>Composition du comit\u00e9<\/h3>\n<ul>\n<li>Claire Bertelli (IMUL), co-pr\u00e9sidente<\/li>\n<li>Nadia Steiner (CHUV), co-pr\u00e9sidente<\/li>\n<li>Armand Valsesia (Ludwig), caissier<\/li>\n<li>Laeticia Kolly (DAL), secr\u00e9taire<\/li>\n<li>Andreas Joosten (CHUV), webmaster<\/li>\n<li>Emanuela Frangipani (DMF), membre active<\/li>\n<li>Nayuta Brand (DEE), membre active<\/li>\n<li>Julien Roux (DEE), membre actif<\/li>\n<li>No\u00e9mie Gardiol (Ludwig), membre active<\/li>\n<li>Lukas Baitsch (Ludwig), membre actif<\/li>\n<li>Damiano del Vescovo (DPT), membre actif<\/li>\n<\/ul>\n<h3>Liste des rep\u00e9sentants<\/h3>\n<ul>\n<li><strong>Conseil de l&#8217;Ecole Doctorale : <\/strong>Armand Valessia \/ Damiano del Vescovo \/ Lukas Baitsch \/ Claire Bertelli<\/li>\n<li><strong>Conseil de l&#8217;Ecole de Biologie :<\/strong> Julien Roux \/ Laeticia Kolly \/ Nadia Steiner (suppl\u00e9ant)<\/li>\n<li><strong>Comit\u00e9 de pilotage de la r\u00e9forme de l&#8217;enseignement en biologie :<\/strong> Julien Roux \/ Nadia Steiner<\/li>\n<li><strong>Commission de recours :<\/strong> Claire Bertelli \/ Andreas Joosten (suppl\u00e9ant)<\/li>\n<li><strong>Groupe de conseil pour la gestion du budget SVS : <\/strong>Laeticia Kolly \/ Julien Roux (suppl\u00e9ant)<\/li>\n<li><strong>Commission de la recherche :<\/strong> Lucas Spierer<\/li>\n<li><strong>Conseil de la section des sciences fondamentales :<\/strong> No\u00e9mie Gardiol \/ Nadia Steiner<\/li>\n<li><strong>Conseil de Facult\u00e9 : <\/strong>No\u00e9mie Gardiol \/ Emanuela Frangipani \/ Damiano del Vescovo (suppl\u00e9ant) \/ Nayuta Brand (suppl\u00e9ant)<\/li>\n<li><strong>Conseil de l&#8217;Universit\u00e9 :<\/strong> Murielle Bortolotti<\/li>\n<li><strong>Correspondante ACIDUL :<\/strong> Nayuta Brand<\/li>\n<li><strong>Correspondant LAB :<\/strong> Romain Studer<\/li>\n<\/ul>\n","protected":false},"excerpt":{"rendered":"<p>Composition du comit\u00e9 Claire Bertelli (IMUL), co-pr\u00e9sidente Nadia Steiner (CHUV), co-pr\u00e9sidente Armand Valsesia (Ludwig), caissier Laeticia Kolly (DAL), secr\u00e9taire Andreas Joosten (CHUV), webmaster Emanuela Frangipani (DMF), membre active Nayuta Brand &hellip; <\/p>\n","protected":false},"author":108,"featured_media":0,"parent":2,"menu_order":0,"comment_status":"closed","ping_status":"closed","template":"","meta":{"_seopress_robots_primary_cat":"","_seopress_titles_title":"","_seopress_titles_desc":"","_seopress_robots_index":"","ngg_post_thumbnail":0,"footnotes":"","_links_to":"","_links_to_target":""},"class_list":["post-299","page","type-page","status-publish"],"_links":{"self":[{"href":"https:\/\/wp.unil.ch\/adas\/wp-json\/wp\/v2\/pages\/299","targetHints":{"allow":["GET"]}}],"collection":[{"href":"https:\/\/wp.unil.ch\/adas\/wp-json\/wp\/v2\/pages"}],"about":[{"href":"https:\/\/wp.unil.ch\/adas\/wp-json\/wp\/v2\/types\/page"}],"author":[{"embeddable":true,"href":"https:\/\/wp.unil.ch\/adas\/wp-json\/wp\/v2\/users\/108"}],"replies":[{"embeddable":true,"href":"https:\/\/wp.unil.ch\/adas\/wp-json\/wp\/v2\/comments?post=299"}],"version-history":[{"count":0,"href":"https:\/\/wp.unil.ch\/adas\/wp-json\/wp\/v2\/pages\/299\/revisions"}],"up":[{"embeddable":true,"href":"https:\/\/wp.unil.ch\/adas\/wp-json\/wp\/v2\/pages\/2"}],"wp:attachment":[{"href":"https:\/\/wp.unil.ch\/adas\/wp-json\/wp\/v2\/media?parent=299"}],"curies":[{"name":"wp","href":"https:\/\/api.w.org\/{rel}","templated":true}]}}