{"id":286,"date":"2011-01-25T18:37:03","date_gmt":"2011-01-25T17:37:03","guid":{"rendered":"http:\/\/wp.unil.ch\/adas\/"},"modified":"2019-04-29T12:07:45","modified_gmt":"2019-04-29T10:07:45","slug":"photos-d-day","status":"publish","type":"page","link":"https:\/\/wp.unil.ch\/adas\/photos\/photos-d-day\/?lang=fr","title":{"rendered":"Photos D.Day"},"content":{"rendered":"<p>Voici les photos du D.Day 2019!&nbsp;<\/p>\nngg_shortcode_0_placeholder\n<p>Les informations sur les pr\u00e9c\u00e9dentes \u00e9ditions du D.Day sont disponibles en suivant les liens ci-dessous:<br \/>\n&nbsp;<\/p>\n<ul>\n<li style=\"list-style-type: none\">\n<ul>\n<li>D.Day 2012:<\/li>\n<\/ul>\n<\/li>\n<\/ul>\n<p><a title=\"D.Day 2012\" href=\"https:\/\/wp.unil.ch\/dday\/previous-ddays\/d-day-2012\/\"><img loading=\"lazy\" decoding=\"async\" class=\"alignnone\" src=\"https:\/\/wp.unil.ch\/dday\/wp-content\/blogs.dir\/84\/files\/d-day-2012\/p4192103.jpg\" alt=\"\" width=\"160\" height=\"105\"><\/a><\/p>\n<ul>\n<li style=\"list-style-type: none\">\n<ul>\n<li>D.Day 2011:<\/li>\n<\/ul>\n<\/li>\n<\/ul>\n<p><a title=\"D.Day 2011\" href=\"https:\/\/wp.unil.ch\/dday\/previous-ddays\/d-day-2011\/\"><img loading=\"lazy\" decoding=\"async\" class=\"alignnone\" src=\"https:\/\/wp.unil.ch\/dday\/wp-content\/blogs.dir\/84\/files\/d-day-2011_2\/dday2011_9.jpg\" alt=\"\" width=\"160\" height=\"105\"><\/a><\/p>\n<ul>\n<li style=\"list-style-type: none\">\n<ul>\n<li>D.Day 2010:<\/li>\n<\/ul>\n<\/li>\n<\/ul>\n<p><a title=\"D.Day 2010\" href=\"https:\/\/wp.unil.ch\/dday\/previous-ddays\/d-day-2010\/\"><img loading=\"lazy\" decoding=\"async\" class=\"alignnone\" src=\"https:\/\/wp.unil.ch\/dday\/wp-content\/blogs.dir\/84\/files\/27auditoire\/01matin.jpg\" alt=\"\" width=\"160\" height=\"105\"><\/a><\/p>\n<ul>\n<li style=\"list-style-type: none\">\n<ul>\n<li>D.Day 2009:<\/li>\n<\/ul>\n<\/li>\n<\/ul>\n<p><a title=\"D.Day 2009\" href=\"https:\/\/wp.unil.ch\/dday\/previous-ddays\/d-day-2009\/\"><img loading=\"lazy\" decoding=\"async\" class=\"alignnone\" src=\"https:\/\/wp.unil.ch\/dday\/wp-content\/blogs.dir\/84\/files\/img_4256\/IMG_4182.jpg\" alt=\"\" width=\"160\" height=\"105\"><\/a><\/p>\n<ul>\n<li style=\"list-style-type: none\">\n<ul>\n<li>D.Day 2008:<\/li>\n<\/ul>\n<\/li>\n<\/ul>\n<p><a title=\"D.Day 2008\" href=\"https:\/\/wp.unil.ch\/dday\/previous-ddays\/d-day-2008\/\"><img loading=\"lazy\" decoding=\"async\" class=\"alignnone\" src=\"https:\/\/wp.unil.ch\/dday\/wp-content\/blogs.dir\/84\/files\/img_2715\/IMG_2644.jpg\" alt=\"\" width=\"160\" height=\"105\"><\/a><\/p>\n<ul>\n<li style=\"list-style-type: none\">\n<ul>\n<li>D.Day 2007:<\/li>\n<\/ul>\n<\/li>\n<\/ul>\n<p><a title=\"D.Day 2007\" href=\"https:\/\/wp.unil.ch\/dday\/previous-ddays\/d-day-2007\/\"><img loading=\"lazy\" decoding=\"async\" class=\"alignnone\" src=\"https:\/\/wp.unil.ch\/dday\/wp-content\/blogs.dir\/84\/files\/img_0917_1024\/IMG_0945_1024.jpg\" alt=\"\" width=\"160\" height=\"105\"><\/a><\/p>\n<ul>\n<li style=\"list-style-type: none\">\n<ul>\n<li>D.Day 2006:<\/li>\n<\/ul>\n<\/li>\n<\/ul>\n<p><a title=\"D.Day 2006\" href=\"https:\/\/wp.unil.ch\/dday\/previous-ddays\/d-day-2006\/\"><img loading=\"lazy\" decoding=\"async\" class=\"alignnone\" src=\"https:\/\/wp.unil.ch\/dday\/wp-content\/blogs.dir\/84\/files\/adas_comite_2006\/IMG_2326.jpg\" alt=\"\" width=\"160\" height=\"105\"><\/a><\/p>\n","protected":false},"excerpt":{"rendered":"<p>Voici les photos du D.Day 2019!&nbsp; &nbsp; Les informations sur les pr\u00e9c\u00e9dentes \u00e9ditions du D.Day sont disponibles en suivant les liens ci-dessous: &nbsp; D.Day 2012: D.Day 2011: D.Day 2010: D.Day &hellip; <\/p>\n","protected":false},"author":1001873,"featured_media":0,"parent":17,"menu_order":1,"comment_status":"closed","ping_status":"closed","template":"","meta":{"_seopress_robots_primary_cat":"","_seopress_titles_title":"","_seopress_titles_desc":"","_seopress_robots_index":"","ngg_post_thumbnail":0,"footnotes":"","_links_to":"","_links_to_target":""},"class_list":["post-286","page","type-page","status-publish"],"_links":{"self":[{"href":"https:\/\/wp.unil.ch\/adas\/wp-json\/wp\/v2\/pages\/286","targetHints":{"allow":["GET"]}}],"collection":[{"href":"https:\/\/wp.unil.ch\/adas\/wp-json\/wp\/v2\/pages"}],"about":[{"href":"https:\/\/wp.unil.ch\/adas\/wp-json\/wp\/v2\/types\/page"}],"author":[{"embeddable":true,"href":"https:\/\/wp.unil.ch\/adas\/wp-json\/wp\/v2\/users\/1001873"}],"replies":[{"embeddable":true,"href":"https:\/\/wp.unil.ch\/adas\/wp-json\/wp\/v2\/comments?post=286"}],"version-history":[{"count":0,"href":"https:\/\/wp.unil.ch\/adas\/wp-json\/wp\/v2\/pages\/286\/revisions"}],"up":[{"embeddable":true,"href":"https:\/\/wp.unil.ch\/adas\/wp-json\/wp\/v2\/pages\/17"}],"wp:attachment":[{"href":"https:\/\/wp.unil.ch\/adas\/wp-json\/wp\/v2\/media?parent=286"}],"curies":[{"name":"wp","href":"https:\/\/api.w.org\/{rel}","templated":true}]}}