{"id":2765,"date":"2017-12-01T14:06:59","date_gmt":"2017-12-01T13:06:59","guid":{"rendered":"http:\/\/wp.unil.ch\/adas\/?page_id=2765"},"modified":"2021-11-11T19:27:16","modified_gmt":"2021-11-11T18:27:16","slug":"committee-2017-2018","status":"publish","type":"page","link":"https:\/\/wp.unil.ch\/adas\/committee\/committee-2017-2018\/","title":{"rendered":"Committee 2017-2018"},"content":{"rendered":"\n<p><br>\u00a0<\/p>\n\n\n\n<h3 class=\"wp-block-heading\"><\/h3>\n\n\n\n<h3 class=\"wp-block-heading\"> <strong>Committee members<\/strong>  <\/h3>\n\n\n\n<figure class=\"wp-block-table\"><table><tbody><tr><td>Co-Presidents :&nbsp;<\/td><td>Liliane Broye, Patricia Waszyk<\/td><\/tr><tr><td>Secretary :&nbsp;&nbsp;&nbsp;&nbsp;<\/td><td>Aur\u00e9lie M. Stephan<\/td><\/tr><tr><td>Treasurer :&nbsp;&nbsp;&nbsp;&nbsp;&nbsp;<\/td><td>Aur\u00e9lie Scherler<\/td><\/tr><tr><td>Webmaster&nbsp;: &nbsp;&nbsp;<\/td><td>Florian Tagini<\/td><\/tr><tr><td>Active member : &nbsp;&nbsp;<\/td><td>Cassandre Kinnaer<\/td><\/tr><tr><td>Active member : &nbsp;&nbsp;<\/td><td>Eric Delarze<\/td><\/tr><tr><td>Active member : &nbsp;&nbsp;<\/td><td>Eleni Batzianouli<\/td><\/tr><tr><td>Active member : &nbsp;&nbsp;<\/td><td>Marion Aruanno<\/td><\/tr><tr><td>Active member :<\/td><td>Lauriane Hamard<\/td><\/tr><tr><td>Active member :&nbsp;<\/td><td>Olivier Bignucolo<\/td><\/tr><\/tbody><\/table><\/figure>\n\n\n\n<h2 class=\"wp-block-heading\">L<b>ist of representatives<\/b> <\/h2>\n\n\n\n<p><\/p>\n\n\n\n<figure class=\"wp-block-table\"><table><tbody><tr><td>University council:&nbsp;<\/td><td>Florian Tagini<\/td><\/tr><tr><td>Doctoral School council:&nbsp;<\/td><td>Florian Tagini, Liliane&nbsp;Broye (substitute)&nbsp;<\/td><\/tr><tr><td>Faculty council:<\/td><td>In collaboration with representatives of the Corps Interm\u00e9diaire<\/td><\/tr><tr><td>Council of the School of Biology:<\/td><td>Aur\u00e9lie Scherler, Cassandre Kinnaer (substitute)<\/td><\/tr><tr><td>Commission section of fundamental sciences &nbsp; &nbsp; &nbsp; &nbsp;&nbsp;<\/td><td>Cassandre Kinnaer<\/td><\/tr><tr><td>Commission Pro-femmes:&nbsp;<\/td><td>Eleni Batzianouli<\/td><\/tr><tr><td>Commission for Research: &nbsp;<\/td><td>Lauriane Hamard, Aur\u00e9lie M. Stephan&nbsp;(substitute)<\/td><\/tr><tr><td>Commission for Appeal:&nbsp;<\/td><td>Marion Aruanno, Eric Delarze (substitute)<\/td><\/tr><tr><td>Commission Prix des Masters:<\/td><td>Eric Delarze, Olivier&nbsp;Bignucolo (substitute)<\/td><\/tr><tr><td>Soci\u00e9t\u00e9 Vaudoise des Sciences Naturelles representative: &nbsp;<\/td><td>Aur\u00e9lie Scherler, Marion Aruanno (substitute)<\/td><\/tr><tr><td>Beer O&#8217;Clock: &nbsp;<\/td><td>Ivana Ubezzi<\/td><\/tr><tr><td>Scientific Coffee:&nbsp;&nbsp;&nbsp;&nbsp;&nbsp;<\/td><td>Eleni Batzianouli, Aur\u00e9lie M. Stephan, Eric Delarze, Tha\u00efs Reichler, Aur\u00e9lie Scherler, Wilson Castro et Sarah Vacle<\/td><\/tr><\/tbody><\/table><\/figure>\n","protected":false},"excerpt":{"rendered":"<p>\u00a0 Committee members Co-Presidents :&nbsp; Liliane Broye, Patricia Waszyk Secretary :&nbsp;&nbsp;&nbsp;&nbsp; Aur\u00e9lie M. Stephan Treasurer :&nbsp;&nbsp;&nbsp;&nbsp;&nbsp; Aur\u00e9lie Scherler Webmaster&nbsp;: &nbsp;&nbsp; Florian Tagini Active member : &nbsp;&nbsp; Cassandre Kinnaer Active member &hellip; <\/p>\n","protected":false},"author":1001688,"featured_media":0,"parent":530,"menu_order":-7,"comment_status":"closed","ping_status":"closed","template":"","meta":{"_seopress_robots_primary_cat":"","_seopress_titles_title":"","_seopress_titles_desc":"","_seopress_robots_index":"","ngg_post_thumbnail":0,"footnotes":"","_links_to":"","_links_to_target":""},"class_list":["post-2765","page","type-page","status-publish"],"_links":{"self":[{"href":"https:\/\/wp.unil.ch\/adas\/wp-json\/wp\/v2\/pages\/2765","targetHints":{"allow":["GET"]}}],"collection":[{"href":"https:\/\/wp.unil.ch\/adas\/wp-json\/wp\/v2\/pages"}],"about":[{"href":"https:\/\/wp.unil.ch\/adas\/wp-json\/wp\/v2\/types\/page"}],"author":[{"embeddable":true,"href":"https:\/\/wp.unil.ch\/adas\/wp-json\/wp\/v2\/users\/1001688"}],"replies":[{"embeddable":true,"href":"https:\/\/wp.unil.ch\/adas\/wp-json\/wp\/v2\/comments?post=2765"}],"version-history":[{"count":0,"href":"https:\/\/wp.unil.ch\/adas\/wp-json\/wp\/v2\/pages\/2765\/revisions"}],"up":[{"embeddable":true,"href":"https:\/\/wp.unil.ch\/adas\/wp-json\/wp\/v2\/pages\/530"}],"wp:attachment":[{"href":"https:\/\/wp.unil.ch\/adas\/wp-json\/wp\/v2\/media?parent=2765"}],"curies":[{"name":"wp","href":"https:\/\/api.w.org\/{rel}","templated":true}]}}