{"id":2759,"date":"2017-12-01T14:06:58","date_gmt":"2017-12-01T13:06:58","guid":{"rendered":"http:\/\/wp.unil.ch\/adas\/?page_id=2759"},"modified":"2021-11-11T19:29:22","modified_gmt":"2021-11-11T18:29:22","slug":"committee-2017-2018","status":"publish","type":"page","link":"https:\/\/wp.unil.ch\/adas\/comite\/committee-2017-2018\/?lang=fr","title":{"rendered":"Comit\u00e9 2017-2018"},"content":{"rendered":"\n<h3 class=\"wp-block-heading\"><\/h3>\n\n\n\n<h3 class=\"wp-block-heading\"><strong>Membres du comit\u00e9<\/strong><\/h3>\n\n\n\n<figure class=\"wp-block-table\"><table><tbody><tr><td>Co-Presidentes :&nbsp;<\/td><td>Liliane Broye, Patricia Waszyk<\/td><\/tr><tr><td>Secr\u00e9taire :&nbsp;&nbsp;&nbsp;&nbsp;<\/td><td>Aur\u00e9lie M. Stephan<\/td><\/tr><tr><td>Tr\u00e9sori\u00e8re :&nbsp;&nbsp;&nbsp;&nbsp;&nbsp;<\/td><td>Aur\u00e9lie Scherler<\/td><\/tr><tr><td>Webmaster&nbsp;: &nbsp;&nbsp;<\/td><td>Florian Tagini<\/td><\/tr><tr><td>Membre active : &nbsp;&nbsp;<\/td><td>Cassandre Kinnaer<\/td><\/tr><tr><td>Membre actif : &nbsp;&nbsp;<\/td><td>Eric Delarze<\/td><\/tr><tr><td>Membre active : &nbsp;&nbsp;<\/td><td>Eleni Batzianouli<\/td><\/tr><tr><td>Membre active : &nbsp;&nbsp;<\/td><td>Marion Aruanno<\/td><\/tr><tr><td>Membre active :<\/td><td>Lauriane Hamard<\/td><\/tr><tr><td>Membre actif : &nbsp;&nbsp;<\/td><td>Olivier Bignucolo<\/td><\/tr><\/tbody><\/table><\/figure>\n\n\n\n<h3 class=\"wp-block-heading\"> L<b>iste des repr\u00e9sentants<\/b> <\/h3>\n\n\n\n<figure class=\"wp-block-table\"><table><tbody><tr><td>Conseil de l&#8217;Universit\u00e9:&nbsp;<\/td><td>Florian Tagini<\/td><\/tr><tr><td>Conseil de l&#8217;Ecole Doctorale:&nbsp;<\/td><td>Florian Tagini, Liliane&nbsp;Broye (suppl\u00e9ante)<\/td><\/tr><tr><td>Conseil de Facult\u00e9:<\/td><td>En contact avec les repr\u00e9sentants du corps interm\u00e9diaire<\/td><\/tr><tr><td>Conseil de l&#8217;Ecole de Biologie:<\/td><td>Aur\u00e9lie Scherler, suppl\u00e9ante :&nbsp;Cassandre Kinnaer<\/td><\/tr><tr><td>Commission Secteur des Sciences Fondamentales &nbsp; &nbsp; &nbsp; &nbsp;<\/td><td>Cassandre Kinnaer<\/td><\/tr><tr><td>Commission Pro-femmes:&nbsp;<\/td><td>Eleni Batzianouli<\/td><\/tr><tr><td>Commission pour la Recherche:&nbsp;<\/td><td>Lauriane Hamard,&nbsp;Aur\u00e9lie M. Stephan (suppl\u00e9ante)<\/td><\/tr><tr><td>Commission des Recours:&nbsp;<\/td><td>Marion Aruanno, Eric Delarze&nbsp; (suppl\u00e9ant)<\/td><\/tr><tr><td>Commission Prix des Masters:<\/td><td>Eric Delarze, Olivier&nbsp;Bignucolo&nbsp; (suppl\u00e9ant)<\/td><\/tr><tr><td>Soci\u00e9t\u00e9 Vaudoise des Sciences Naturelles representative: &nbsp;<\/td><td>Aur\u00e9lie Scherler, Marion Aruanno&nbsp; (suppl\u00e9ante)<\/td><\/tr><tr><td>Beer O&#8217;Clock: &nbsp;<\/td><td>Ivana Ubezzi<\/td><\/tr><tr><td>Caf\u00e9 scientifique:&nbsp;&nbsp;&nbsp;&nbsp;&nbsp;<\/td><td>Eleni Batzianouli, Aur\u00e9lie M. Stephan, Eric Delarze, Tha\u00efs Reichler, Aur\u00e9lie Scherler, Wilson Castro et Sarah Vacle<\/td><\/tr><\/tbody><\/table><\/figure>\n","protected":false},"excerpt":{"rendered":"<p>Membres du comit\u00e9 Co-Presidentes :&nbsp; Liliane Broye, Patricia Waszyk Secr\u00e9taire :&nbsp;&nbsp;&nbsp;&nbsp; Aur\u00e9lie M. Stephan Tr\u00e9sori\u00e8re :&nbsp;&nbsp;&nbsp;&nbsp;&nbsp; Aur\u00e9lie Scherler Webmaster&nbsp;: &nbsp;&nbsp; Florian Tagini Membre active : &nbsp;&nbsp; Cassandre Kinnaer Membre actif &hellip; <\/p>\n","protected":false},"author":1001688,"featured_media":0,"parent":2,"menu_order":-7,"comment_status":"closed","ping_status":"closed","template":"","meta":{"_seopress_robots_primary_cat":"","_seopress_titles_title":"","_seopress_titles_desc":"","_seopress_robots_index":"","ngg_post_thumbnail":0,"footnotes":"","_links_to":"","_links_to_target":""},"class_list":["post-2759","page","type-page","status-publish"],"_links":{"self":[{"href":"https:\/\/wp.unil.ch\/adas\/wp-json\/wp\/v2\/pages\/2759","targetHints":{"allow":["GET"]}}],"collection":[{"href":"https:\/\/wp.unil.ch\/adas\/wp-json\/wp\/v2\/pages"}],"about":[{"href":"https:\/\/wp.unil.ch\/adas\/wp-json\/wp\/v2\/types\/page"}],"author":[{"embeddable":true,"href":"https:\/\/wp.unil.ch\/adas\/wp-json\/wp\/v2\/users\/1001688"}],"replies":[{"embeddable":true,"href":"https:\/\/wp.unil.ch\/adas\/wp-json\/wp\/v2\/comments?post=2759"}],"version-history":[{"count":0,"href":"https:\/\/wp.unil.ch\/adas\/wp-json\/wp\/v2\/pages\/2759\/revisions"}],"up":[{"embeddable":true,"href":"https:\/\/wp.unil.ch\/adas\/wp-json\/wp\/v2\/pages\/2"}],"wp:attachment":[{"href":"https:\/\/wp.unil.ch\/adas\/wp-json\/wp\/v2\/media?parent=2759"}],"curies":[{"name":"wp","href":"https:\/\/api.w.org\/{rel}","templated":true}]}}