{"id":2705,"date":"2017-05-15T11:16:33","date_gmt":"2017-05-15T09:16:33","guid":{"rendered":"http:\/\/wp.unil.ch\/adas\/?page_id=2705"},"modified":"2021-11-11T16:20:44","modified_gmt":"2021-11-11T15:20:44","slug":"committee-2016-2017","status":"publish","type":"page","link":"https:\/\/wp.unil.ch\/adas\/committee\/committee-2016-2017\/","title":{"rendered":"committee 2016-2017"},"content":{"rendered":"<h3>Members of the committee<\/h3>\n<table>\n<tbody>\n<tr>\n<td>Co- Pr\u00e9sidentes :&nbsp;<\/td>\n<td>Liliane Gonzalez, Patricia Waszyk<\/td>\n<\/tr>\n<tr>\n<td>Secr\u00e9taire&nbsp;:&nbsp;&nbsp;&nbsp;&nbsp;<\/td>\n<td>Tha\u00efs Reichler, suppl\u00e9ante : Aur\u00e9lie M. Stephan<\/td>\n<\/tr>\n<tr>\n<td>Tr\u00e9sori\u00e8re&nbsp;:&nbsp;&nbsp;&nbsp;&nbsp;&nbsp;<\/td>\n<td>Cassandre Kinnaer<\/td>\n<\/tr>\n<tr>\n<td>Webmaster&nbsp;:&nbsp;&nbsp;&nbsp;&nbsp;&nbsp;&nbsp;<\/td>\n<td>David Dylus,&nbsp;Trestan Pillonel<\/td>\n<\/tr>\n<\/tbody>\n<\/table>\n<p>&nbsp;<\/p>\n<p>&nbsp;<\/p>\n<p>&nbsp;<\/p>\n<p><strong><u>Commission et conseils<\/u><\/strong><\/p>\n<table>\n<tbody>\n<tr>\n<td>Conseil de l\u2019Universit\u00e9:&nbsp;<\/td>\n<td>Florian Tagini<\/td>\n<\/tr>\n<tr>\n<td>Conseil de l\u2019\u00e9cole Doctorale:&nbsp;<\/td>\n<td>&nbsp;Lilly Khamsy et Florian Tagini<\/td>\n<\/tr>\n<tr>\n<td>Conseil de Facult\u00e9:<\/td>\n<td>Manon Vouga, Trestan Pillonel<\/td>\n<\/tr>\n<tr>\n<td>Conseil de l\u2019Ecole de Biologie:<\/td>\n<td>Cassandre Kinnaer, suppl\u00e9ante : Aur\u00e9lie Scherler<\/td>\n<\/tr>\n<tr>\n<td>Commission SSF:&nbsp;&nbsp;&nbsp;&nbsp;&nbsp;&nbsp;&nbsp;&nbsp;&nbsp;<\/td>\n<td>Cassandre Kinnaer, suppl\u00e9ant : David Dylus<\/td>\n<\/tr>\n<tr>\n<td>Commission Pro-femmes:&nbsp;<\/td>\n<td>Eleni Batzianouli<\/td>\n<\/tr>\n<tr>\n<td>Commission de Recherche: &nbsp;<\/td>\n<td>Aur\u00e9lie M. Stephan<\/td>\n<\/tr>\n<tr>\n<td>Commission de Recours:&nbsp;<\/td>\n<td>Eric Delarze<\/td>\n<\/tr>\n<tr>\n<td>Commission Prix des Masters:<\/td>\n<td>Eric Delarze<\/td>\n<\/tr>\n<tr>\n<td>Beer O\u2019clock: &nbsp;<\/td>\n<td>&nbsp;Wilson Castro<\/td>\n<\/tr>\n<tr>\n<td>Caf\u00e9 Scientifique:&nbsp;&nbsp;&nbsp;&nbsp;&nbsp;<\/td>\n<td>&nbsp;Eleni Batzianouli, Aur\u00e9lie M. Stephan, Eric Delarze, Tha\u00efs Reichler,&nbsp;Aur\u00e9lie Scherler, Wilson Castro et Sarah Vacle<\/td>\n<\/tr>\n<\/tbody>\n<\/table>\n<p>&nbsp;<\/p>\n<p><strong><u>Ordinary Membres<\/u><\/strong><\/p>\n<p>Lidia Lacruz<\/p>\n","protected":false},"excerpt":{"rendered":"<p>Members of the committee Co- Pr\u00e9sidentes :&nbsp; Liliane Gonzalez, Patricia Waszyk Secr\u00e9taire&nbsp;:&nbsp;&nbsp;&nbsp;&nbsp; Tha\u00efs Reichler, suppl\u00e9ante : Aur\u00e9lie M. Stephan Tr\u00e9sori\u00e8re&nbsp;:&nbsp;&nbsp;&nbsp;&nbsp;&nbsp; Cassandre Kinnaer Webmaster&nbsp;:&nbsp;&nbsp;&nbsp;&nbsp;&nbsp;&nbsp; David Dylus,&nbsp;Trestan Pillonel &nbsp; &nbsp; &nbsp; Commission &hellip; <\/p>\n","protected":false},"author":1001464,"featured_media":0,"parent":530,"menu_order":-5,"comment_status":"closed","ping_status":"closed","template":"","meta":{"_seopress_robots_primary_cat":"","_seopress_titles_title":"","_seopress_titles_desc":"","_seopress_robots_index":"","ngg_post_thumbnail":0,"footnotes":"","_links_to":"","_links_to_target":""},"class_list":["post-2705","page","type-page","status-publish"],"_links":{"self":[{"href":"https:\/\/wp.unil.ch\/adas\/wp-json\/wp\/v2\/pages\/2705","targetHints":{"allow":["GET"]}}],"collection":[{"href":"https:\/\/wp.unil.ch\/adas\/wp-json\/wp\/v2\/pages"}],"about":[{"href":"https:\/\/wp.unil.ch\/adas\/wp-json\/wp\/v2\/types\/page"}],"author":[{"embeddable":true,"href":"https:\/\/wp.unil.ch\/adas\/wp-json\/wp\/v2\/users\/1001464"}],"replies":[{"embeddable":true,"href":"https:\/\/wp.unil.ch\/adas\/wp-json\/wp\/v2\/comments?post=2705"}],"version-history":[{"count":0,"href":"https:\/\/wp.unil.ch\/adas\/wp-json\/wp\/v2\/pages\/2705\/revisions"}],"up":[{"embeddable":true,"href":"https:\/\/wp.unil.ch\/adas\/wp-json\/wp\/v2\/pages\/530"}],"wp:attachment":[{"href":"https:\/\/wp.unil.ch\/adas\/wp-json\/wp\/v2\/media?parent=2705"}],"curies":[{"name":"wp","href":"https:\/\/api.w.org\/{rel}","templated":true}]}}