{"id":26692,"date":"2021-02-15T14:31:11","date_gmt":"2021-02-15T13:31:11","guid":{"rendered":"https:\/\/wp.unil.ch\/adas\/?page_id=26692"},"modified":"2021-02-15T14:32:20","modified_gmt":"2021-02-15T13:32:20","slug":"comite-2020-2021","status":"publish","type":"page","link":"https:\/\/wp.unil.ch\/adas\/comite\/comite-2020-2021\/?lang=fr","title":{"rendered":"Comit\u00e9 2020-2021"},"content":{"rendered":"\n<p>Membres du comit\u00e9<br>&nbsp;<\/p>\n\n\n\n<figure class=\"wp-block-table\"><table><tbody><tr><td>Co-Pr\u00e9sidents :&nbsp;<\/td><td>Ludivine Brandt, Nasim Farahani Zayas, Francesco Ruberto<\/td><\/tr><tr><td>Secr\u00e9taire :&nbsp;&nbsp;&nbsp;&nbsp;<\/td><td>Hammam Antar, Ath\u00e9na Sklias&nbsp;<\/td><\/tr><tr><td>Tr\u00e9sori\u00e8re :&nbsp;&nbsp;&nbsp;&nbsp;&nbsp;<\/td><td>Evgeniya Trofimenko<\/td><\/tr><tr><td>Webmasters : &nbsp;&nbsp;<\/td><td>Dimitra Synefiaridou, Alex Wicky&nbsp;<\/td><\/tr><tr><td>Membre active : &nbsp;<\/td><td>Liliane Broye<\/td><\/tr><tr><td>Membre active : &nbsp;<\/td><td>Ioanna Stefani<\/td><\/tr><tr><td>Membre active : &nbsp;<\/td><td>Andrea Vucicevic&nbsp;<\/td><\/tr><tr><td>Membre active : &nbsp;<\/td><td>Jonathan Save<\/td><\/tr><tr><td>Membre actif :<\/td><td>Paul-Emmanuel Vanderielle<\/td><\/tr><tr><td>Membre actif :<\/td><td>Jizhou Li<\/td><\/tr><tr><td>Membre active<\/td><td>Caroline Schmitt<\/td><\/tr><tr><td>Membre active<\/td><td>Nathalie Isorce<\/td><\/tr><\/tbody><\/table><\/figure>\n\n\n\n<p>Liste des repr\u00e9sentants aux conseils et commissions:<\/p>\n\n\n\n<figure class=\"wp-block-table\"><table><tbody><tr><td>Conseil de l\u2019Universit\u00e9:&nbsp;<\/td><td>Evgeniya Trofimenko<\/td><\/tr><tr><td>Conseil de l\u2019Ecole Doctorale:&nbsp;<\/td><td>Dimitra Synefiaridou, Francesco Ruberto (substitute)&nbsp;<\/td><\/tr><tr><td>Conseil de Facult\u00e9:<\/td><td>In collaboration with representatives of the Corps Interm\u00e9diaire<\/td><\/tr><tr><td>Conseil de l\u2019Ecole de Biologie:<\/td><td>Ioanna Stefani, Jonathan Save (substitute)<\/td><\/tr><tr><td>Commission section des sciences fondamentales:<\/td><td>Jonathan Save, Dimitra Synefiaridou (substitute)<\/td><\/tr><tr><td>Commission Pro-femmes:&nbsp;<\/td><td>Nasim Farahani Zayas<\/td><\/tr><tr><td>Commission de la recherche FBM: &nbsp;<\/td><td>Ioanna Stefani<\/td><\/tr><tr><td>Commission des recours:&nbsp;<\/td><td>Jizhou Li, Ludivine Brandt&nbsp;(substitute))<\/td><\/tr><tr><td><a href=\"https:\/\/www.unil.ch\/graduatecampus\/fr\/home\/menuguid\/contact---missions\/commission-de-la-releve-scientifique.html\">Commission de la rel\u00e8ve scientifique UNIL<\/a><\/td><td>Liliane Broye&nbsp;<\/td><\/tr><tr><td>Commission de l&#8217;enseignement de l&#8217;UNIL<\/td><td>Liliane Broye&nbsp;<\/td><\/tr><tr><td>Commission de la recherche de l&#8217;UNIL<\/td><td>Liliane Broye&nbsp;<\/td><\/tr><tr><td>Comission de la mobilit\u00e9 de l&#8217;UNIL<\/td><td>Liliane Broye&nbsp;<\/td><\/tr><tr><td>Commission Prix des Masters:<\/td><td>Ludivine Brandt<\/td><\/tr><tr><td>Repr\u00e9sentante \u00e0 la Soci\u00e9t\u00e9 Vaudoise des Sciences Naturelles: &nbsp;<\/td><td>Nathalie Isorce, Jonathan Save<\/td><\/tr><tr><td>Pint of Science:<\/td><td>Ioanna Stefani, Evgeniya Trofimenko<\/td><\/tr><\/tbody><\/table><\/figure>\n","protected":false},"excerpt":{"rendered":"<p>Membres du comit\u00e9&nbsp; Co-Pr\u00e9sidents :&nbsp; Ludivine Brandt, Nasim Farahani Zayas, Francesco Ruberto Secr\u00e9taire :&nbsp;&nbsp;&nbsp;&nbsp; Hammam Antar, Ath\u00e9na Sklias&nbsp; Tr\u00e9sori\u00e8re :&nbsp;&nbsp;&nbsp;&nbsp;&nbsp; Evgeniya Trofimenko Webmasters : &nbsp;&nbsp; Dimitra Synefiaridou, Alex Wicky&nbsp; Membre &hellip; <\/p>\n","protected":false},"author":1002019,"featured_media":0,"parent":2,"menu_order":-1,"comment_status":"closed","ping_status":"closed","template":"","meta":{"_seopress_robots_primary_cat":"","_seopress_titles_title":"","_seopress_titles_desc":"","_seopress_robots_index":"","ngg_post_thumbnail":0,"footnotes":"","_links_to":"","_links_to_target":""},"class_list":["post-26692","page","type-page","status-publish"],"_links":{"self":[{"href":"https:\/\/wp.unil.ch\/adas\/wp-json\/wp\/v2\/pages\/26692","targetHints":{"allow":["GET"]}}],"collection":[{"href":"https:\/\/wp.unil.ch\/adas\/wp-json\/wp\/v2\/pages"}],"about":[{"href":"https:\/\/wp.unil.ch\/adas\/wp-json\/wp\/v2\/types\/page"}],"author":[{"embeddable":true,"href":"https:\/\/wp.unil.ch\/adas\/wp-json\/wp\/v2\/users\/1002019"}],"replies":[{"embeddable":true,"href":"https:\/\/wp.unil.ch\/adas\/wp-json\/wp\/v2\/comments?post=26692"}],"version-history":[{"count":0,"href":"https:\/\/wp.unil.ch\/adas\/wp-json\/wp\/v2\/pages\/26692\/revisions"}],"up":[{"embeddable":true,"href":"https:\/\/wp.unil.ch\/adas\/wp-json\/wp\/v2\/pages\/2"}],"wp:attachment":[{"href":"https:\/\/wp.unil.ch\/adas\/wp-json\/wp\/v2\/media?parent=26692"}],"curies":[{"name":"wp","href":"https:\/\/api.w.org\/{rel}","templated":true}]}}