{"id":26507,"date":"2019-11-16T11:57:31","date_gmt":"2019-11-16T10:57:31","guid":{"rendered":"http:\/\/wp.unil.ch\/adas\/?page_id=26507"},"modified":"2019-11-16T11:57:31","modified_gmt":"2019-11-16T10:57:31","slug":"comite-2019-2020","status":"publish","type":"page","link":"https:\/\/wp.unil.ch\/adas\/comite\/comite-2019-2020\/?lang=fr","title":{"rendered":"Comit\u00e9 2019-2020"},"content":{"rendered":"<p><b>Membres du comit\u00e9<\/b><br \/>\n&nbsp;<\/p>\n<table style=\"height: 288px\" width=\"470\">\n<tbody>\n<tr style=\"height: 24px\">\n<td style=\"height: 24px;width: 126px\">Co-Pr\u00e9sidents :&nbsp;<\/td>\n<td style=\"height: 24px;width: 391px\">Ioanna Stefani, Marion Aruanno, Francesco Ruberto<\/td>\n<\/tr>\n<tr style=\"height: 24px\">\n<td style=\"height: 24px;width: 126px\">Secr\u00e9taire :&nbsp;&nbsp;&nbsp;&nbsp;<\/td>\n<td style=\"height: 24px;width: 391px\">Emilie Trachsel<\/td>\n<\/tr>\n<tr style=\"height: 24px\">\n<td style=\"height: 24px;width: 126px\">Tr\u00e9sori\u00e8re :&nbsp;&nbsp;&nbsp;&nbsp;&nbsp;<\/td>\n<td style=\"height: 24px;width: 391px\">Evgeniya Trofimenko<\/td>\n<\/tr>\n<tr style=\"height: 24px\">\n<td style=\"height: 24px;width: 126px\">Webmasters : &nbsp;&nbsp;<\/td>\n<td style=\"height: 24px;width: 391px\">Dimitra Synefiaridou<\/td>\n<\/tr>\n<tr style=\"height: 24px\">\n<td style=\"height: 24px;width: 126px\">Membre active : &nbsp;<\/td>\n<td style=\"height: 24px;width: 391px\">Liliane Broye<\/td>\n<\/tr>\n<tr style=\"height: 24px\">\n<td style=\"height: 24px;width: 126px\">Membre active : &nbsp;<\/td>\n<td style=\"height: 24px;width: 391px\">Lauriane Hamard<\/td>\n<\/tr>\n<tr style=\"height: 24px\">\n<td style=\"height: 24px;width: 126px\">Membre active : &nbsp;<\/td>\n<td style=\"height: 24px;width: 391px\">Patricia Waszyk<\/td>\n<\/tr>\n<tr style=\"height: 24px\">\n<td style=\"height: 24px;width: 126px\">Membre active : &nbsp;<\/td>\n<td style=\"height: 24px;width: 391px\">Charlotte Joll\u00e9<\/td>\n<\/tr>\n<tr style=\"height: 24px\">\n<td style=\"height: 24px;width: 126px\">Membre actif :<\/td>\n<td style=\"height: 24px;width: 391px\">Paul-Emmanuel Vanderielle<\/td>\n<\/tr>\n<tr style=\"height: 24px\">\n<td style=\"height: 24px;width: 126px\">Membre actif :<\/td>\n<td style=\"width: 391px;height: 24px\">Jizhou Li<\/td>\n<\/tr>\n<\/tbody>\n<\/table>\n<p>&nbsp;<\/p>\n<p><b>Liste des repr\u00e9sentants aux conseils et commissions:<\/b><\/p>\n<table style=\"height: 384px;width: 657px\">\n<tbody>\n<tr style=\"height: 24px\">\n<td style=\"height: 24px;width: 283px\">Conseil de l\u2019Universit\u00e9:&nbsp;<\/td>\n<td style=\"height: 24px;width: 374px\">Evgeniya Trofimenko<\/td>\n<\/tr>\n<tr style=\"height: 24px\">\n<td style=\"height: 24px;width: 283px\">Conseil de l\u2019Ecole Doctorale:&nbsp;<\/td>\n<td style=\"width: 374px\">Evgeniya Trofimenko, Liliane Broye (substitute)&nbsp;<\/td>\n<\/tr>\n<tr style=\"height: 24px\">\n<td style=\"height: 24px;width: 283px\">Conseil de Facult\u00e9:<\/td>\n<td style=\"width: 374px\">In collaboration with representatives of the Corps Interm\u00e9diaire<\/td>\n<\/tr>\n<tr style=\"height: 24px\">\n<td style=\"height: 24px;width: 283px\">Conseil de l\u2019Ecole de Biologie:<\/td>\n<td style=\"width: 374px\">Lauriane Hamard, Ioanna Stefani (substitute)<\/td>\n<\/tr>\n<tr style=\"height: 48px\">\n<td style=\"height: 48px;width: 283px\">Commission section des sciences fondamentales:<\/td>\n<td style=\"width: 374px\">Ioanna Stefani<\/td>\n<\/tr>\n<tr style=\"height: 24px\">\n<td style=\"height: 24px;width: 283px\">Commission Pro-femmes:&nbsp;<\/td>\n<td style=\"width: 374px\">Charlotte Joll\u00e9, Marion Aruanno (substitute)<\/td>\n<\/tr>\n<tr style=\"height: 24px\">\n<td style=\"height: 24px;width: 283px\">Commission de la recherche: &nbsp;<\/td>\n<td style=\"width: 374px\">Lauriane Hamard<\/td>\n<\/tr>\n<tr style=\"height: 24px\">\n<td style=\"height: 24px;width: 283px\">Commission des recours:&nbsp;<\/td>\n<td style=\"width: 374px\">Jizhou Li, Evgeniya Trofimenko&nbsp;(substitute)<\/td>\n<\/tr>\n<tr style=\"height: 24px\">\n<td style=\"height: 24px;width: 283px\">Commission Prix des Masters:<\/td>\n<td style=\"width: 374px\">Emilie Trachsel<\/td>\n<\/tr>\n<tr style=\"height: 48px\">\n<td style=\"height: 48px;width: 283px\">Repr\u00e9sentante \u00e0 la Soci\u00e9t\u00e9 Vaudoise des Sciences Naturelles: &nbsp;<\/td>\n<td style=\"width: 374px\">Marion Aruanno<\/td>\n<\/tr>\n<tr style=\"height: 24px\">\n<td style=\"height: 24px;width: 283px\">Beer O\u2019Clock: &nbsp;<\/td>\n<td style=\"width: 374px\">Ivana Ubezzi<\/td>\n<\/tr>\n<tr style=\"height: 48px\">\n<td style=\"height: 48px;width: 283px\">Caf\u00e9 scientifique:&nbsp;&nbsp;&nbsp;&nbsp;&nbsp;<\/td>\n<td style=\"width: 374px\">Marion Aruanno, Aur\u00e9lie M. Stephan, Eric Delarze, Emilie Trachsel, Ioanna Stefani<\/td>\n<\/tr>\n<tr style=\"height: 24px\">\n<td style=\"height: 24px;width: 283px\">Pint of Science:<\/td>\n<td style=\"width: 374px\">Ioanna Stefani, Evgeniya Trofimenko<\/td>\n<\/tr>\n<\/tbody>\n<\/table>\n<p>&nbsp;<\/p>\n","protected":false},"excerpt":{"rendered":"<p>Membres du comit\u00e9 &nbsp; Co-Pr\u00e9sidents :&nbsp; Ioanna Stefani, Marion Aruanno, Francesco Ruberto Secr\u00e9taire :&nbsp;&nbsp;&nbsp;&nbsp; Emilie Trachsel Tr\u00e9sori\u00e8re :&nbsp;&nbsp;&nbsp;&nbsp;&nbsp; Evgeniya Trofimenko Webmasters : &nbsp;&nbsp; Dimitra Synefiaridou Membre active : &nbsp; Liliane &hellip; <\/p>\n","protected":false},"author":996,"featured_media":0,"parent":2,"menu_order":-2,"comment_status":"closed","ping_status":"closed","template":"","meta":{"_seopress_robots_primary_cat":"","_seopress_titles_title":"","_seopress_titles_desc":"","_seopress_robots_index":"","ngg_post_thumbnail":0,"footnotes":"","_links_to":"","_links_to_target":""},"class_list":["post-26507","page","type-page","status-publish"],"_links":{"self":[{"href":"https:\/\/wp.unil.ch\/adas\/wp-json\/wp\/v2\/pages\/26507","targetHints":{"allow":["GET"]}}],"collection":[{"href":"https:\/\/wp.unil.ch\/adas\/wp-json\/wp\/v2\/pages"}],"about":[{"href":"https:\/\/wp.unil.ch\/adas\/wp-json\/wp\/v2\/types\/page"}],"author":[{"embeddable":true,"href":"https:\/\/wp.unil.ch\/adas\/wp-json\/wp\/v2\/users\/996"}],"replies":[{"embeddable":true,"href":"https:\/\/wp.unil.ch\/adas\/wp-json\/wp\/v2\/comments?post=26507"}],"version-history":[{"count":0,"href":"https:\/\/wp.unil.ch\/adas\/wp-json\/wp\/v2\/pages\/26507\/revisions"}],"up":[{"embeddable":true,"href":"https:\/\/wp.unil.ch\/adas\/wp-json\/wp\/v2\/pages\/2"}],"wp:attachment":[{"href":"https:\/\/wp.unil.ch\/adas\/wp-json\/wp\/v2\/media?parent=26507"}],"curies":[{"name":"wp","href":"https:\/\/api.w.org\/{rel}","templated":true}]}}