{"id":2348,"date":"2014-12-11T23:21:54","date_gmt":"2014-12-11T22:21:54","guid":{"rendered":"http:\/\/wp.unil.ch\/adas\/?page_id=2348"},"modified":"2021-11-11T19:53:28","modified_gmt":"2021-11-11T18:53:28","slug":"comite-2014-2015","status":"publish","type":"page","link":"https:\/\/wp.unil.ch\/adas\/comite\/comite-2014-2015\/?lang=fr","title":{"rendered":"Comit\u00e9 2014-2015"},"content":{"rendered":"\n<h3 class=\"wp-block-heading\">\u00a0<\/h3>\n\n\n\n<h3 class=\"wp-block-heading\"> <strong>Composition du comit\u00e9<\/strong><\/h3>\n\n\n\n<figure class=\"wp-block-table\"><table><tbody><tr><td>Co-pr\u00e9sidentes:<\/td><td> Layane Hanna-El-Daher (BIO),  Omaya Dudin (DMF),  B\u00e9ryl Royer-Bertrand (DGM)<\/td><\/tr><tr><td>Secr\u00e9taire:<\/td><td>Tha\u00efs Reichler (DMF)<\/td><\/tr><tr><td>Tr\u00e9sori\u00e8re:\u00a0<\/td><td>Sarah Vacle (DPT)<\/td><\/tr><tr><td>Webmaster:<\/td><td>Trestan Pillonel (IMUR), Mati Moyat (DM)<\/td><\/tr><tr><td>Membre active: <\/td><td>Natalie Neubert (Ludwig)<\/td><\/tr><tr><td>Membre active:  <\/td><td>Melanie Juilland (DB)<\/td><\/tr><tr><td>Membre active:  <\/td><td>Ga\u00ebl Boivin<\/td><\/tr><tr><td>Membre active:   <\/td><td>Wilson Castro (DB)<\/td><\/tr><tr><td>Membre active:  <\/td><td>Cassandre Kinnaer (DMF)<\/td><\/tr><tr><td>Membre active:  <\/td><td>Mathieu Chevalier<\/td><\/tr><tr><td>Membre active:  <\/td><td>Aleksandar Vjestica (DMF)<\/td><\/tr><\/tbody><\/table><\/figure>\n\n\n\n<h3 class=\"wp-block-heading\"> <strong>Liste des rep\u00e9sentants<\/strong>  <\/h3>\n\n\n\n<figure class=\"wp-block-table alignleft\"><table><tbody><tr><td>Conseil de l\u2019Ecole Doctorale:\u00a0<\/td><td>Mati Moyat, Natalie Neubert <\/td><\/tr><tr><td>Conseil de l\u2019Ecole de Biologie:<\/td><td>B\u00e9ryl Royer-Bertrand, Sarah Vacle (Substitute)<\/td><\/tr><tr><td>Commission de recours:\u00a0<\/td><td>Tha\u00efs Reichler, Sarah Vacle (suppl\u00e9ant )<\/td><\/tr><tr><td>Commission de la recherche: \u00a0<\/td><td>Ga\u00ebl Boivin<\/td><\/tr><tr><td>Conseil de la section des sciences fondamentales: <\/td><td>Cassandre Kinnaer, Sarah Vacle (suppl\u00e9ant )<\/td><\/tr><tr><td>Conseil de Facult\u00e9:<\/td><td>Natalie Neubert, Ludovic Pilloux<\/td><\/tr><tr><td>Conseil de l\u2019Universit\u00e9:<\/td><td>Natalie Neubert, Omaya Dudin<\/td><\/tr><tr><td>Correspondant ACIDUL:<\/td><td>Omaya Dudin<\/td><\/tr><tr><td>Commission Prix des Master:<\/td><td>Omaya Dudin<\/td><\/tr><tr><td>Commission Pro-Femme:<\/td><td>M\u00e9lanie Juilland<\/td><\/tr><tr><td>Soci\u00e9t\u00e9 Vaudoise des Sciences Naturelles:<\/td><td>Trestan Pillonel, Wilson Castro  (suppl\u00e9ant ) <\/td><\/tr><\/tbody><\/table><\/figure>\n\n\n\n<p><\/p>\n","protected":false},"excerpt":{"rendered":"<p>\u00a0 Composition du comit\u00e9 Co-pr\u00e9sidentes: Layane Hanna-El-Daher (BIO), Omaya Dudin (DMF), B\u00e9ryl Royer-Bertrand (DGM) Secr\u00e9taire: Tha\u00efs Reichler (DMF) Tr\u00e9sori\u00e8re:\u00a0 Sarah Vacle (DPT) Webmaster: Trestan Pillonel (IMUR), Mati Moyat (DM) Membre &hellip; <\/p>\n","protected":false},"author":1212,"featured_media":0,"parent":2,"menu_order":-5,"comment_status":"closed","ping_status":"closed","template":"","meta":{"_seopress_robots_primary_cat":"","_seopress_titles_title":"","_seopress_titles_desc":"","_seopress_robots_index":"","ngg_post_thumbnail":0,"footnotes":"","_links_to":"","_links_to_target":""},"class_list":["post-2348","page","type-page","status-publish"],"_links":{"self":[{"href":"https:\/\/wp.unil.ch\/adas\/wp-json\/wp\/v2\/pages\/2348","targetHints":{"allow":["GET"]}}],"collection":[{"href":"https:\/\/wp.unil.ch\/adas\/wp-json\/wp\/v2\/pages"}],"about":[{"href":"https:\/\/wp.unil.ch\/adas\/wp-json\/wp\/v2\/types\/page"}],"author":[{"embeddable":true,"href":"https:\/\/wp.unil.ch\/adas\/wp-json\/wp\/v2\/users\/1212"}],"replies":[{"embeddable":true,"href":"https:\/\/wp.unil.ch\/adas\/wp-json\/wp\/v2\/comments?post=2348"}],"version-history":[{"count":0,"href":"https:\/\/wp.unil.ch\/adas\/wp-json\/wp\/v2\/pages\/2348\/revisions"}],"up":[{"embeddable":true,"href":"https:\/\/wp.unil.ch\/adas\/wp-json\/wp\/v2\/pages\/2"}],"wp:attachment":[{"href":"https:\/\/wp.unil.ch\/adas\/wp-json\/wp\/v2\/media?parent=2348"}],"curies":[{"name":"wp","href":"https:\/\/api.w.org\/{rel}","templated":true}]}}