{"id":1998,"date":"2014-02-18T11:52:08","date_gmt":"2014-02-18T10:52:08","guid":{"rendered":"http:\/\/wp.unil.ch\/adas\/?page_id=1998"},"modified":"2014-02-18T11:59:10","modified_gmt":"2014-02-18T10:59:10","slug":"comite-2012-2013","status":"publish","type":"page","link":"https:\/\/wp.unil.ch\/adas\/comite\/comite-2012-2013\/?lang=fr","title":{"rendered":"Comit\u00e9 2012-2013"},"content":{"rendered":"<p>&nbsp;<\/p>\n<h3>Composition du comit\u00e9<\/h3>\n<ul>\n<li>Damiano Cosmo del Vescovo (DPT), co-pr\u00e9sident<\/li>\n<li>Brigida Rusconi (IMUR), co-pr\u00e9sidente<\/li>\n<li>St\u00e9phanie Longet (IAL), tr\u00e9sori\u00e8re<\/li>\n<li>Ludovic Pilloux (IMUR), secr\u00e9taire<\/li>\n<li>Christophe Chapard (DER), webmaster<\/li>\n<li>Marta Bellone (LCH), membre active<\/li>\n<li>Omaya Dudin (DMF), membre actif<\/li>\n<li>Melanie Juilland (DB), membre active<\/li>\n<li>Layane Hanna-El-Daher (BIO), membre active<\/li>\n<li>Rim Hojeij (URO), membre active<\/li>\n<li>Emilie Viau (LCH), membre active<\/li>\n<li>Natalie Neubert (Ludwig), membre active<\/li>\n<\/ul>\n<p><strong> <\/strong><\/p>\n<h3>Liste des rep\u00e9sentants<\/h3>\n<ul>\n<li><strong>Conseil de l&#8217;Ecole Doctorale : <\/strong> Emilie Viau, Marta Bellone, Rim Hojeij et 1 poste \u00e0 repourvoir<\/li>\n<li><strong>Conseil de l&#8217;Ecole de Biologie : <\/strong> Layane Hanna-El-Daher, suppl\u00e9ante : St\u00e9phanie Longet<\/li>\n<li><strong>Commission de recours : <\/strong> St\u00e9phanie Longet, suppl\u00e9ante : Sonia Domingos Pereira<\/li>\n<li><strong>Commission de la recherche :<\/strong> Omaya Dudin<\/li>\n<li><strong>Conseil de la section des sciences fondamentales :<\/strong> Brigida Rusconi et Emilie Viau <\/li>\n<li><strong>Conseil de Facult\u00e9 : <\/strong> Virgile Lecoultre &#8211; suppl\u00e9ant Christophe Chapard, St\u00e9phanie Longet &#8211; suppl\u00e9ante Emilie Viau, Natalie &#8211; suppl\u00e9ant Omaya Dudin<\/li>\n<li><strong>Conseil de l&#8217;Universit\u00e9 : <\/strong> Brigida Rusconi<\/li>\n<li><strong>Commission Prix des Master : <\/strong> Omaya Dudin<\/li>\n<li><strong>Commission Pro-Femme : <\/strong> M\u00e9lanie Juilland<\/li>\n<li><strong>Soci\u00e9t\u00e9 Vaudoise des Sciences Naturelles : <\/strong> Rim Hojeij<\/li>\n<\/ul>\n","protected":false},"excerpt":{"rendered":"<p>&nbsp; Composition du comit\u00e9 Damiano Cosmo del Vescovo (DPT), co-pr\u00e9sident Brigida Rusconi (IMUR), co-pr\u00e9sidente St\u00e9phanie Longet (IAL), tr\u00e9sori\u00e8re Ludovic Pilloux (IMUR), secr\u00e9taire Christophe Chapard (DER), webmaster Marta Bellone (LCH), membre &hellip; <\/p>\n","protected":false},"author":1212,"featured_media":0,"parent":2,"menu_order":-3,"comment_status":"closed","ping_status":"closed","template":"","meta":{"_seopress_robots_primary_cat":"","_seopress_titles_title":"","_seopress_titles_desc":"","_seopress_robots_index":"","ngg_post_thumbnail":0,"footnotes":"","_links_to":"","_links_to_target":""},"class_list":["post-1998","page","type-page","status-publish"],"_links":{"self":[{"href":"https:\/\/wp.unil.ch\/adas\/wp-json\/wp\/v2\/pages\/1998","targetHints":{"allow":["GET"]}}],"collection":[{"href":"https:\/\/wp.unil.ch\/adas\/wp-json\/wp\/v2\/pages"}],"about":[{"href":"https:\/\/wp.unil.ch\/adas\/wp-json\/wp\/v2\/types\/page"}],"author":[{"embeddable":true,"href":"https:\/\/wp.unil.ch\/adas\/wp-json\/wp\/v2\/users\/1212"}],"replies":[{"embeddable":true,"href":"https:\/\/wp.unil.ch\/adas\/wp-json\/wp\/v2\/comments?post=1998"}],"version-history":[{"count":0,"href":"https:\/\/wp.unil.ch\/adas\/wp-json\/wp\/v2\/pages\/1998\/revisions"}],"up":[{"embeddable":true,"href":"https:\/\/wp.unil.ch\/adas\/wp-json\/wp\/v2\/pages\/2"}],"wp:attachment":[{"href":"https:\/\/wp.unil.ch\/adas\/wp-json\/wp\/v2\/media?parent=1998"}],"curies":[{"name":"wp","href":"https:\/\/api.w.org\/{rel}","templated":true}]}}