{"id":1991,"date":"2014-02-18T11:30:54","date_gmt":"2014-02-18T10:30:54","guid":{"rendered":"http:\/\/wp.unil.ch\/adas\/?page_id=1991"},"modified":"2014-04-11T16:18:46","modified_gmt":"2014-04-11T14:18:46","slug":"comite-2013-2014","status":"publish","type":"page","link":"https:\/\/wp.unil.ch\/adas\/comite\/comite-2013-2014\/?lang=fr","title":{"rendered":"Comit\u00e9 2013-2014"},"content":{"rendered":"<p>&nbsp;<br \/>\n<a href=\"https:\/\/wp.unil.ch\/adas\/files\/2014\/02\/Adas-Group-Photo.jpg\"><img loading=\"lazy\" decoding=\"async\" src=\"https:\/\/wp.unil.ch\/adas\/files\/2014\/02\/Adas-Group-Photo.jpg\" alt=\"Adas Group Photo\" width=\"720\" height=\"283\" class=\"alignnone size-full wp-image-2027\" \/><\/a><br \/>\n&nbsp;<\/p>\n<h3>Composition du comit\u00e9<\/h3>\n<ul>\n<li>Layane Hanna-El-Daher (BIO), co-pr\u00e9sidente<\/li>\n<li>Omaya Dudin (DMF), co-pr\u00e9sident<\/li>\n<li>Sarah Vacle (DPT), tr\u00e9sori\u00e8re<\/li>\n<li>Ludovic Pilloux (IMUR), secr\u00e9taire<\/li>\n<li>Trestan Pillonel (IMUR), webmaster<\/li>\n<li>Natalie Neubert (Ludwig), membre active<\/li>\n<li>Melanie Juilland (DB), membre active<\/li>\n<li>Darko Maric (DPT), membre actif<\/li>\n<li>Mati Moyat (DM), membre actif<\/li>\n<\/ul>\n<p><strong> <\/strong><\/p>\n<h3>Liste des rep\u00e9sentants<\/h3>\n<ul>\n<li><strong>Conseil de l&#8217;Ecole Doctorale : <\/strong>Sarah Vacle, Mati Moyat, Natalie Neubert, M\u00e9lanie Julliand<\/li>\n<li><strong>Conseil de l&#8217;Ecole de Biologie : <\/strong>Layane Hanna-El-Daher, suppl\u00e9ante\u00a0: St\u00e9phanie Longet<\/li>\n<li><strong>Commission de recours : <\/strong>Omaya Dudin, suppl\u00e9ant\u00a0: Ludovic Pilloux<\/li>\n<li><strong>Commission de la recherche :<\/strong>Omaya Dudin<\/li>\n<li><strong>Conseil de la section des sciences fondamentales :<\/strong>Sarah Vacle<\/li>\n<li><strong>Conseil de Facult\u00e9 : <\/strong>Natalie Neubert, Ludovic Pilloux et Darko Maric<\/li>\n<li><strong>Conseil de l&#8217;Universit\u00e9 : <\/strong>Natalie Neubert et Omaya Dudin<\/li>\n<li><strong>Correspondant ACIDUL : <\/strong><\/li>\n<li><strong>Commission Prix des Master : <\/strong>Omaya Dudin<\/li>\n<li><strong>Commission Pro-Femme : <\/strong>M\u00e9lanie Juilland<\/li>\n<li><strong>Soci\u00e9t\u00e9 Vaudoise des Sciences Naturelles : <\/strong>Trestan Pillonel<\/li>\n<\/ul>\n","protected":false},"excerpt":{"rendered":"<p>&nbsp; &nbsp; Composition du comit\u00e9 Layane Hanna-El-Daher (BIO), co-pr\u00e9sidente Omaya Dudin (DMF), co-pr\u00e9sident Sarah Vacle (DPT), tr\u00e9sori\u00e8re Ludovic Pilloux (IMUR), secr\u00e9taire Trestan Pillonel (IMUR), webmaster Natalie Neubert (Ludwig), membre active &hellip; <\/p>\n","protected":false},"author":1212,"featured_media":0,"parent":2,"menu_order":-4,"comment_status":"closed","ping_status":"closed","template":"","meta":{"_seopress_robots_primary_cat":"","_seopress_titles_title":"","_seopress_titles_desc":"","_seopress_robots_index":"","ngg_post_thumbnail":0,"footnotes":"","_links_to":"","_links_to_target":""},"class_list":["post-1991","page","type-page","status-publish"],"_links":{"self":[{"href":"https:\/\/wp.unil.ch\/adas\/wp-json\/wp\/v2\/pages\/1991","targetHints":{"allow":["GET"]}}],"collection":[{"href":"https:\/\/wp.unil.ch\/adas\/wp-json\/wp\/v2\/pages"}],"about":[{"href":"https:\/\/wp.unil.ch\/adas\/wp-json\/wp\/v2\/types\/page"}],"author":[{"embeddable":true,"href":"https:\/\/wp.unil.ch\/adas\/wp-json\/wp\/v2\/users\/1212"}],"replies":[{"embeddable":true,"href":"https:\/\/wp.unil.ch\/adas\/wp-json\/wp\/v2\/comments?post=1991"}],"version-history":[{"count":0,"href":"https:\/\/wp.unil.ch\/adas\/wp-json\/wp\/v2\/pages\/1991\/revisions"}],"up":[{"embeddable":true,"href":"https:\/\/wp.unil.ch\/adas\/wp-json\/wp\/v2\/pages\/2"}],"wp:attachment":[{"href":"https:\/\/wp.unil.ch\/adas\/wp-json\/wp\/v2\/media?parent=1991"}],"curies":[{"name":"wp","href":"https:\/\/api.w.org\/{rel}","templated":true}]}}