{"id":185,"date":"2010-12-31T16:25:57","date_gmt":"2010-12-31T15:25:57","guid":{"rendered":"http:\/\/wp.unil.ch\/adas\/"},"modified":"2019-06-05T14:35:33","modified_gmt":"2019-06-05T12:35:33","slug":"bourses","status":"publish","type":"page","link":"https:\/\/wp.unil.ch\/adas\/services\/bourses\/?lang=fr","title":{"rendered":"Bourses"},"content":{"rendered":"<p>&nbsp;<\/p>\n<h3>Bourses<\/h3>\n<p>Le fonds national (FNRS) met au concours des subsides pour financer un post doctorat \u00e0 des chercheurs et chercheuses d\u00e9butants ou avanc\u00e9s.<\/p>\n<ul>\n<li><a href=\"https:\/\/www.snf.ch\/fr\/encouragement\/carrieres\/Pages\/default.aspx\">https:\/\/www.snf.ch\/F\/encouragement\/personnes\/chercheurs-debutants\/Pages\/default.aspx<\/a><\/li>\n<\/ul>\n<p>Cette page regroupe tous les financements mis au concours par le FNS ainsi que leur \u00e9ch\u00e9ance.<\/p>\n<ul>\n<li><a href=\"https:\/\/www.unil.ch\/researcher\/fr\/home\/menuinst\/funding\/fns.html\">https:\/\/www.unil.ch\/fbm\/page61416.html<\/a><\/li>\n<\/ul>\n<p>La FBM propose chaque ann\u00e9e un financement sous la forme de bourses&nbsp; dans diff\u00e9rents secteurs (bourses de la rel\u00e8ve acadamique, projets interdisciplinaires, plateformes technologiques,\u2026).<\/p>\n<ul>\n<li><a href=\"https:\/\/www.unil.ch\/fbm\/home\/menuinst\/recherche\/presentation-appels-doffres.html\">https:\/\/www.unil.ch\/fbm\/page54121.html<\/a><\/li>\n<\/ul>\n<p>Le programme de recherche FP7 est une initiative mise en \u0153uvre par l\u2019Union Europ\u00e9enne afin de proposer un soutien financier \u00e0 des projets dans plusieurs domaines scientifiques.<\/p>\n<ul>\n<li><a href=\"https:\/\/cordis.europa.eu\/fp7\/home_en.html\">https:\/\/cordis.europa.eu\/fp7\/home_en.html<\/a><\/li>\n<li><a href=\"https:\/\/ec.europa.eu\/research\/fp7\/index_en.cfm\">https:\/\/ec.europa.eu\/research\/fp7\/index_en.cfm<\/a><\/li>\n<\/ul>\n<p>L\u2019UNIL h\u00e9berge aussi un certain nombre de liens utiles susceptibles de soutenir financi\u00e8rement des projets scientifiques.<\/p>\n<ul>\n<li><a href=\"https:\/\/www.unil.ch\/fbm\/page2345.html\">https:\/\/www.unil.ch\/fbm\/page2345.html<\/a><\/li>\n<\/ul>\n<h3>Opportunit\u00e9s<\/h3>\n<h4>Plateformes<\/h4>\n<p>Ces plateformes permettent de vous aider dans votre recherche d\u2019emploi aussi bien au niveau acad\u00e9mique qu\u2019industriel.<\/p>\n<ul>\n<li><strong>Plateformes d\u2019emploi<\/strong>\n<ul>\n<li><a href=\"https:\/\/www.swissbiotech.org\/\">Swiss Biotech<\/a><\/li>\n<li><a href=\"https:\/\/www.telejob.ch\/insertion\/search\">Telejob<\/a><\/li>\n<li><a href=\"https:\/\/www.eurobiojobs.org\/index.php?id=173119\">EuroBioJobs<\/a><\/li>\n<\/ul>\n<\/li>\n<\/ul>\n<ul>\n<li><strong>Plateformes par domaines de comp\u00e9tence.<\/strong> Ces plateformes proposent des liens soit pour des emplois, des demandes de bourses ou les deux\n<ul>\n<li><a href=\"https:\/\/www.britishecologicalsociety.org\/grants\/\">Ecologie<\/a><\/li>\n<li><a href=\"https:\/\/www.eseb.org\/\">Evolution <\/a><\/li>\n<li><a href=\"https:\/\/www.aspb.org\/jobbank\/\">Plante <\/a><\/li>\n<li><a href=\"https:\/\/www.febs.org\/\">Biochimie <\/a><\/li>\n<li><a href=\"https:\/\/www.embo.org\/\">Biologie mol\u00e9culaire<\/a><\/li>\n<li><a href=\"https:\/\/www.ecco-org.eu\/\">Cancer <\/a><\/li>\n<li><a href=\"https:\/\/www.efis.org\/grants\/efis-il-fellowship\/index.html\">Immunologie<\/a><\/li>\n<li><a href=\"https:\/\/fens.mdc-berlin.de\/jobs\/\">Neurosciences<\/a><\/li>\n<li><a href=\"https:\/\/www.fems-microbiology.org\/\">Microbiologie<\/a><\/li>\n<\/ul>\n<\/li>\n<\/ul>\n<h4>Industries<\/h4>\n<p>Ces liens vous m\u00e8nent directement au moteur de recherche d\u2019emploi de diff\u00e9rentes entreprises.<\/p>\n<ul>\n<li><a href=\"https:\/\/www.abbott.com\/global\/url\/content\/en_US\/50:50\/general_content\/General_Content_00013.htm\">Abbott<\/a><\/li>\n<li><a href=\"https:\/\/www.astrazeneca.com\/Careers\">Astrazeneca<\/a><\/li>\n<li><a href=\"https:\/\/www.lilly.com\/careers\/\">Lilly<\/a><\/li>\n<li><a href=\"https:\/\/www.gsk.com\/careers\/index.htm\">GSK<\/a><\/li>\n<li><a href=\"https:\/\/careers.jnj.com\/\">Johnson &amp; Johnson<\/a><\/li>\n<li><a href=\"https:\/\/www.merckserono.net\/en\/careers\/job_search_and_apply\/job_search_and_apply.html\">MerckSereno<\/a><\/li>\n<li><a href=\"https:\/\/www.novartis.ch\/careers\/index.shtml\">Novartis<\/a><\/li>\n<li><a href=\"https:\/\/www.pfizer.com\/careers\/\">Pfizer<\/a><\/li>\n<li><a href=\"https:\/\/www.ch.pg.com\/jobs\/index_fr.shtml\">P&amp;G<\/a><\/li>\n<li><a href=\"https:\/\/careers.roche.com\/\">Roche<\/a><\/li>\n<\/ul>\n","protected":false},"excerpt":{"rendered":"<p>&nbsp; Bourses Le fonds national (FNRS) met au concours des subsides pour financer un post doctorat \u00e0 des chercheurs et chercheuses d\u00e9butants ou avanc\u00e9s. https:\/\/www.snf.ch\/F\/encouragement\/personnes\/chercheurs-debutants\/Pages\/default.aspx Cette page regroupe tous les &hellip; <\/p>\n","protected":false},"author":1001873,"featured_media":0,"parent":6,"menu_order":0,"comment_status":"closed","ping_status":"closed","template":"","meta":{"_seopress_robots_primary_cat":"","_seopress_titles_title":"","_seopress_titles_desc":"","_seopress_robots_index":"","ngg_post_thumbnail":0,"footnotes":"","_links_to":"","_links_to_target":""},"class_list":["post-185","page","type-page","status-publish"],"_links":{"self":[{"href":"https:\/\/wp.unil.ch\/adas\/wp-json\/wp\/v2\/pages\/185","targetHints":{"allow":["GET"]}}],"collection":[{"href":"https:\/\/wp.unil.ch\/adas\/wp-json\/wp\/v2\/pages"}],"about":[{"href":"https:\/\/wp.unil.ch\/adas\/wp-json\/wp\/v2\/types\/page"}],"author":[{"embeddable":true,"href":"https:\/\/wp.unil.ch\/adas\/wp-json\/wp\/v2\/users\/1001873"}],"replies":[{"embeddable":true,"href":"https:\/\/wp.unil.ch\/adas\/wp-json\/wp\/v2\/comments?post=185"}],"version-history":[{"count":0,"href":"https:\/\/wp.unil.ch\/adas\/wp-json\/wp\/v2\/pages\/185\/revisions"}],"up":[{"embeddable":true,"href":"https:\/\/wp.unil.ch\/adas\/wp-json\/wp\/v2\/pages\/6"}],"wp:attachment":[{"href":"https:\/\/wp.unil.ch\/adas\/wp-json\/wp\/v2\/media?parent=185"}],"curies":[{"name":"wp","href":"https:\/\/api.w.org\/{rel}","templated":true}]}}