{"id":1686,"date":"2012-11-19T17:11:42","date_gmt":"2012-11-19T16:11:42","guid":{"rendered":"http:\/\/wp.unil.ch\/adas\/?page_id=1686"},"modified":"2021-11-11T15:50:08","modified_gmt":"2021-11-11T14:50:08","slug":"committee-2011-2012","status":"publish","type":"page","link":"https:\/\/wp.unil.ch\/adas\/committee\/committee-2011-2012\/","title":{"rendered":"committee 2011-2012"},"content":{"rendered":"<h3>Members of the committee<\/h3>\n<ul>\n<li>St\u00e9phanie Corgnac (DB), co-president<\/li>\n<li>Brigida Rusconi (IMUR), co-president<\/li>\n<li>Damiano Cosmo del Vescovo (DPT), Treasurer<\/li>\n<li>St\u00e9phanie Longet (IAL), Treasurer<\/li>\n<li>No\u00e9mie Gardiol (Ludwig), Secretary<\/li>\n<li>Sonia Domingos Pereira (URO), Secretary<\/li>\n<li>Andreas Joosten (IRA), webmaster<\/li>\n<li>Christophe Chapard (DER), webmaster<\/li>\n<li>Marta Bellone (LCH), active member<\/li>\n<li>Omaya Dudin (DMF), active member<\/li>\n<li>Melanie Juilland (DB), active member<\/li>\n<li>Layane Hanna-El-Daher (BIO), active member<\/li>\n<li>Rim Hojeij (URO), active member<\/li>\n<li>Emilie Viau (LCH), active member <\/li>\n<\/ul>\n<p>&nbsp;<\/p>\n<h3>Representative list<\/h3>\n<ul>\n<li><strong>Doctoral School Board:<\/strong> Damiano del Vescovo \/ Emilie Viau \/ Sonia Domingos Pereira \/ St\u00e9phanie Corgnac<\/li>\n<li><strong>Biology School Board:<\/strong> Layane Hanna-El-Daher \/ St\u00e9phanie Longet<\/li>\n<li><strong>Appeal Board:<\/strong> Sonia Domingos Pereira<\/li>\n<li><strong>Commission of Research:<\/strong> Sonia Domingos Pereira<\/li>\n<li><strong>Board of the section of fundamental sciences:<\/strong> No\u00e9mie Gardiol \/ Brigida Rusconi<\/li>\n<li><strong>Faculty Board:<\/strong> No\u00e9mie Gardiol \/ Stephanie Longet \/Damiano del Vescovo (Substitute) \/ Sonia Domingos Pereira (Substitute)<\/li>\n<li><strong>University Board:<\/strong> Brigida Rusconi<\/li>\n<li><strong>Correspondent ACIDUL:<\/strong> Omaya Dudin<\/li>\n<li><strong>Commission Prix des Masters:<\/strong> Omaya Dudin<\/li>\n<li><strong>Commission Pro-Femme:<\/strong> Rim Hojeij<\/li>\n<\/ul>\n","protected":false},"excerpt":{"rendered":"<p>Members of the committee St\u00e9phanie Corgnac (DB), co-president Brigida Rusconi (IMUR), co-president Damiano Cosmo del Vescovo (DPT), Treasurer St\u00e9phanie Longet (IAL), Treasurer No\u00e9mie Gardiol (Ludwig), Secretary Sonia Domingos Pereira (URO), &hellip; <\/p>\n","protected":false},"author":832,"featured_media":0,"parent":530,"menu_order":-2,"comment_status":"closed","ping_status":"closed","template":"","meta":{"_seopress_robots_primary_cat":"","_seopress_titles_title":"","_seopress_titles_desc":"","_seopress_robots_index":"","ngg_post_thumbnail":0,"footnotes":"","_links_to":"","_links_to_target":""},"class_list":["post-1686","page","type-page","status-publish"],"_links":{"self":[{"href":"https:\/\/wp.unil.ch\/adas\/wp-json\/wp\/v2\/pages\/1686","targetHints":{"allow":["GET"]}}],"collection":[{"href":"https:\/\/wp.unil.ch\/adas\/wp-json\/wp\/v2\/pages"}],"about":[{"href":"https:\/\/wp.unil.ch\/adas\/wp-json\/wp\/v2\/types\/page"}],"author":[{"embeddable":true,"href":"https:\/\/wp.unil.ch\/adas\/wp-json\/wp\/v2\/users\/832"}],"replies":[{"embeddable":true,"href":"https:\/\/wp.unil.ch\/adas\/wp-json\/wp\/v2\/comments?post=1686"}],"version-history":[{"count":0,"href":"https:\/\/wp.unil.ch\/adas\/wp-json\/wp\/v2\/pages\/1686\/revisions"}],"up":[{"embeddable":true,"href":"https:\/\/wp.unil.ch\/adas\/wp-json\/wp\/v2\/pages\/530"}],"wp:attachment":[{"href":"https:\/\/wp.unil.ch\/adas\/wp-json\/wp\/v2\/media?parent=1686"}],"curies":[{"name":"wp","href":"https:\/\/api.w.org\/{rel}","templated":true}]}}