{"id":1681,"date":"2012-11-19T17:08:49","date_gmt":"2012-11-19T16:08:49","guid":{"rendered":"http:\/\/wp.unil.ch\/adas\/?page_id=1681"},"modified":"2012-11-19T17:49:53","modified_gmt":"2012-11-19T16:49:53","slug":"comite-2011-2012","status":"publish","type":"page","link":"https:\/\/wp.unil.ch\/adas\/comite\/comite-2011-2012\/?lang=fr","title":{"rendered":"Comit\u00e9 2011-2012"},"content":{"rendered":"<p>&nbsp;<\/p>\n<h3>Composition du comit\u00e9<\/h3>\n<ul>\n<li>St\u00e9phanie Corgnac (DB), co-pr\u00e9sidente<\/li>\n<li>Brigida Rusconi (IMUR), co-pr\u00e9sidente<\/li>\n<li>Damiano Cosmo del Vescovo (DPT), tr\u00e9sorier<\/li>\n<li>St\u00e9phanie Longet (IAL), tr\u00e9sori\u00e8re<\/li>\n<li>No\u00e9mie Gardiol (Ludwig), secr\u00e9taire<\/li>\n<li>Sonia Domingos Pereira (URO), secr\u00e9taire<\/li>\n<li>Andreas Joosten (IRA), webmaster<\/li>\n<li>Christophe Chapard (DER), webmaster<\/li>\n<li>Marta Bellone (LCH), membre active<\/li>\n<li>Omaya Dudin (DMF), membre actif<\/li>\n<li>Melanie Juilland (DB), membre active<\/li>\n<li>Layane Hanna-El-Daher (BIO), membre active<\/li>\n<li>Rim Hojeij (URO), membre active<\/li>\n<li>Emilie Viau (LCH), membre active<\/li>\n<\/ul>\n<p><strong> <\/strong><\/p>\n<h3>Liste des rep\u00e9sentants<\/h3>\n<ul>\n<li><strong>Conseil de l&#8217;Ecole Doctorale : <\/strong>Damiano Cosmo del Vescovo \/  Emilie Viau \/ Sonia Domingos Pereira \/ St\u00e9phanie Corgnac<\/li>\n<li><strong>Conseil de l&#8217;Ecole de Biologie : <\/strong>Layane Hanna-El-Daher \/ St\u00e9phanie Longet<\/li>\n<li><strong>Commission de recours : <\/strong>Sonia Domingos Pereira<\/li>\n<li><strong>Commission de la recherche :<\/strong> Sonia Domingos Pereira<\/li>\n<li><strong>Conseil de la section des sciences fondamentales :<\/strong> No\u00e9mie Gardiol \/ Brigida Rusconi<\/li>\n<li><strong>Conseil de Facult\u00e9 : <\/strong>No\u00e9mie Gardiol \/ Stephanie Longet \/Damiano del Vescovo (suppl\u00e9ant) \/ Sonia Domingos Pereira (suppl\u00e9ante)<\/li>\n<li><strong>Conseil de l&#8217;Universit\u00e9 : <\/strong>Brigida Rusconi<\/li>\n<li><strong>Correspondant ACIDUL : <\/strong>Omaya Dudin<\/li>\n<li><strong>Commission Prix des Master : <\/strong>Omaya Dudin<\/li>\n<li><strong>Commission Pro-Femme : <\/strong>Rim Hojeij<\/li>\n<\/ul>\n","protected":false},"excerpt":{"rendered":"<p>&nbsp; Composition du comit\u00e9 St\u00e9phanie Corgnac (DB), co-pr\u00e9sidente Brigida Rusconi (IMUR), co-pr\u00e9sidente Damiano Cosmo del Vescovo (DPT), tr\u00e9sorier St\u00e9phanie Longet (IAL), tr\u00e9sori\u00e8re No\u00e9mie Gardiol (Ludwig), secr\u00e9taire Sonia Domingos Pereira (URO), &hellip; <\/p>\n","protected":false},"author":832,"featured_media":0,"parent":2,"menu_order":-2,"comment_status":"closed","ping_status":"closed","template":"","meta":{"_seopress_robots_primary_cat":"","_seopress_titles_title":"","_seopress_titles_desc":"","_seopress_robots_index":"","ngg_post_thumbnail":0,"footnotes":"","_links_to":"","_links_to_target":""},"class_list":["post-1681","page","type-page","status-publish"],"_links":{"self":[{"href":"https:\/\/wp.unil.ch\/adas\/wp-json\/wp\/v2\/pages\/1681","targetHints":{"allow":["GET"]}}],"collection":[{"href":"https:\/\/wp.unil.ch\/adas\/wp-json\/wp\/v2\/pages"}],"about":[{"href":"https:\/\/wp.unil.ch\/adas\/wp-json\/wp\/v2\/types\/page"}],"author":[{"embeddable":true,"href":"https:\/\/wp.unil.ch\/adas\/wp-json\/wp\/v2\/users\/832"}],"replies":[{"embeddable":true,"href":"https:\/\/wp.unil.ch\/adas\/wp-json\/wp\/v2\/comments?post=1681"}],"version-history":[{"count":0,"href":"https:\/\/wp.unil.ch\/adas\/wp-json\/wp\/v2\/pages\/1681\/revisions"}],"up":[{"embeddable":true,"href":"https:\/\/wp.unil.ch\/adas\/wp-json\/wp\/v2\/pages\/2"}],"wp:attachment":[{"href":"https:\/\/wp.unil.ch\/adas\/wp-json\/wp\/v2\/media?parent=1681"}],"curies":[{"name":"wp","href":"https:\/\/api.w.org\/{rel}","templated":true}]}}