{"id":154,"date":"2010-12-31T13:41:26","date_gmt":"2010-12-31T12:41:26","guid":{"rendered":"http:\/\/wp.unil.ch\/adas\/"},"modified":"2022-08-08T13:47:12","modified_gmt":"2022-08-08T11:47:12","slug":"difficultes-conflits","status":"publish","type":"page","link":"https:\/\/wp.unil.ch\/adas\/services\/liens-utiles\/difficultes-conflits\/?lang=fr","title":{"rendered":"Difficult\u00e9s \/ conflits"},"content":{"rendered":"\n<h3 class=\"wp-block-heading\">Difficult\u00e9s dans la vie universitaire ou quotidienne<\/h3>\n\n\n\n<p>Plusieurs services \u00e0 l&#8217;Unil offrent de l&#8217;aide dans des situations difficiles.<br>Vous trouverez ci-dessous les descriptions des services envers qui vous pouvez vous diriger en cas des probl\u00e8mes.<\/p>\n\n\n\n<p>L\u2019Universit\u00e9 de Lausanne propose de <a href=\"https:\/\/www.unil.ch\/sasme\/fr\/home\/menuinst\/soutien-aux-etudiantes.html\" data-type=\"URL\" data-id=\"https:\/\/www.unil.ch\/sasme\/fr\/home\/menuinst\/soutien-aux-etudiantes.html\" target=\"_blank\" rel=\"noreferrer noopener\">nombreuses <\/a>prestations en faveur de ses \u00e9tudiantes et \u00e9tudiants afin de leur venir en aide : aides financi\u00e8res et dispense partielle des taxes universitaires, soutien psychologique, bilan dentaire, etc.<\/p>\n\n\n\n<h3 class=\"wp-block-heading\">Services au niveau universitaire<\/h3>\n\n\n\n<figure class=\"wp-block-table\"><table><tbody><tr><td>Bureau de m\u00e9diation<\/td><td>c, t<\/td><\/tr><tr><td>Help \u00e0 l\u00b4UNIL<\/td><td>c, t, p<\/td><\/tr><tr><td>Service des affaires socio-culturelles (SASC)<\/td><td>f, p<\/td><\/tr><tr><td>Aum\u00f4nerie<\/td><td>p<\/td><\/tr><tr><td>Bureau de l&#8217;\u00e9galit\u00e9 des chances<\/td><td>e<\/td><\/tr><\/tbody><\/table><\/figure>\n\n\n\n<h3 class=\"wp-block-heading\">Services\/Personnes de contact au niveau de la Facult\u00e9<\/h3>\n\n\n\n<figure class=\"wp-block-table\"><table><tbody><tr><td>Pr\u00e9sident du comit\u00e9 de th\u00e8se<\/td><td>t<\/td><\/tr><tr><td>Directrice de l&#8217;\u00c9cole Doctorale<\/td><td>t<\/td><\/tr><tr><td>Ombudsman local<\/td><td>s<\/td><\/tr><\/tbody><\/table><\/figure>\n\n\n\n<p><em><strong>l\u00e9gende des abbr\u00e9viations:<\/strong><\/em><\/p>\n\n\n\n<figure class=\"wp-block-table\"><table><tbody><tr><td>t<\/td><td>probl\u00e8mes en th\u00e8se, conflits avec le directeur de th\u00e8se<\/td><\/tr><tr><td>c<\/td><td>autres conflits interpersonnelles \u00e0 l&#8217;universit\u00e9<\/td><\/tr><tr><td>e<\/td><td>probl\u00e8mes touchant l&#8217;\u00e9galit\u00e9 des sexes<\/td><\/tr><tr><td>p<\/td><td>probl\u00e8mes personnelles hors universit\u00e9<\/td><\/tr><tr><td>f<\/td><td>probl\u00e8mes financi\u00e8res ou juridiques<\/td><\/tr><tr><td>s<\/td><td>probl\u00e8mes de l&#8217;int\u00e9grit\u00e9 scientifique, soup\u00e7on de fraude scientifique<\/td><\/tr><\/tbody><\/table><\/figure>\n\n\n\n<figure class=\"wp-block-table\"><table><tbody><tr><td><strong>Service\/Personne de contact<\/strong><\/td><td><strong>Description<\/strong><\/td><td><strong>Lien\/Contact<\/strong><\/td><\/tr><tr><td>Bureau de m\u00e9diation<\/td><td>Dans des conflits interpersonnelles \u00e0 l&#8217;Unil, la m\u00e9diatrice externe du Bureau de m\u00e9diation cherche \u00e0 faciliter les n\u00e9gociations avec comme issue possible un accord acceptable pour tous.<\/td><td><a href=\"https:\/\/www.unil.ch\/interne\/fr\/home\/menuinst\/organisation\/services\/mediation.html\">M\u00e9diation UNIL<\/a><\/td><\/tr><tr><td>Help \u00e0 l\u00b4UNIL<\/td><td>Les Personnes-relais \u00e0 Help \u00e0 l\u00b4UNIL sont des repr\u00e9sentants des services, facult\u00e9s et associations partenaires qui ont suivi une sensibilisation \u00e0 la relation. Elles \u00e9coutent et consultent tout ceux qui, dans le cadre de l&#8217;UNIL, ont un probl\u00e8me qu&#8217;ils ne parviennent pas \u00e0 r\u00e9soudre par eux-m\u00eames.<\/td><td><a href=\"https:\/\/www.unil.ch\/help\/home.html\">Help<\/a><\/td><\/tr><tr><td>Service des affaires sociales et de la mobilit\u00e9 \u00e9tudiante<\/td><td>Vous pouvez contacter ce service en cas des probl\u00e8mes financi\u00e8res ou juridiques. On trouve sur leur site aussi des informations utiles sur la mobilit\u00e9 ou la vie en Suisse pour des \u00e9trangers.<br>Ils offrent \u00e9galement un soutien psychiatrique et psychoth\u00e9rapique.<\/td><td><a href=\"https:\/\/www.unil.ch\/sasme\/fr\/home.html\">Service des affaires sociales et de la mobilit\u00e9 \u00e9tudiante<\/a><\/td><\/tr><tr><td>Aum\u00f4nerie<\/td><td>L&#8217;Aum\u00f4nerie UNIL-EPFL est une pr\u00e9sence des \u00c9glises catholique et protestante sur le campus. Ils offrent, entre autre, l&#8217;accompagnement et soutien dans des moments difficiles.<\/td><td><a href=\"https:\/\/www.unil.ch\/aum\/page41705.html\" target=\"_blank\" rel=\"noopener\">Aum\u00f4nerie<\/a><\/td><\/tr><tr><td>Bureau d&#8217;\u00e9galit\u00e9 des chances<\/td><td>Le Bureau de l&#8217;\u00e9galit\u00e9 des chances cherche \u00e0 promouvoir l\u2019\u00e9galit\u00e9 des chances entre femmes et hommes \u00e0 l&#8217;UNIL. Ils ont une permanence qui se tient \u00e0 disposition pour toute question touchant \u00e0 l\u2019\u00e9galit\u00e9 des sexes.<\/td><td><a href=\"https:\/\/www.unil.ch\/egalite\/page7141.html\" target=\"_blank\" rel=\"noopener\">Egalit\u00e9<\/a><\/td><\/tr><tr><td>Pr\u00e9sident du comit\u00e9 de th\u00e8se<\/td><td>Dans les cas o\u00f9 le comit\u00e9 de th\u00e8se est d\u00e9j\u00e0 d\u00e9fini, le Pr\u00e9sident de son comit\u00e9 de th\u00e8se est le interlocuteur pr\u00e9f\u00e9rentiel au cas des probl\u00e8mes avec son directeur de th\u00e8se.<br>Mais la quantit\u00e9 du soutien varie beaucoup entre les pr\u00e9sidents.<\/td><td>&nbsp;<\/td><\/tr><tr><td>Directrice de l&#8217;\u00c9cole Doctorale<br>Prof. Niko Geldner<\/td><td>La Directrice de l&#8217;\u00c9cole Doctorale, est \u00e9galement \u00e0 votre disposition pour chercher des solutions en cas des probl\u00e8mes dans le cadre de votre th\u00e8se.<\/td><td>Contact pour rendez-vous:<br>phdthesis[at]unil.ch<\/td><\/tr><tr><td>Ombudsman local<\/td><td>Les chercheurs de la facult\u00e9 peuvent, en cas de soup\u00e7on de fraude scientifique s&#8217;adresser au Ombudsman local dont la charge est de recueillir les plaintes et de juger de leur pertinence. Ce r\u00f4le est d\u00e9sormais assur\u00e9 par le service de m\u00e9diation de l&#8217;universit\u00e9<\/td><td><a href=\"https:\/\/www.unil.ch\/interne\/fr\/home\/menuinst\/organisation\/services\/mediation.html\">M\u00e9diation UNIL<\/a><\/td><\/tr><\/tbody><\/table><\/figure>\n","protected":false},"excerpt":{"rendered":"<p>Difficult\u00e9s dans la vie universitaire ou quotidienne Plusieurs services \u00e0 l&#8217;Unil offrent de l&#8217;aide dans des situations difficiles.Vous trouverez ci-dessous les descriptions des services envers qui vous pouvez vous diriger &hellip; <\/p>\n","protected":false},"author":108,"featured_media":0,"parent":112,"menu_order":1,"comment_status":"closed","ping_status":"closed","template":"","meta":{"_seopress_robots_primary_cat":"","_seopress_titles_title":"","_seopress_titles_desc":"","_seopress_robots_index":"","ngg_post_thumbnail":0,"footnotes":"","_links_to":"","_links_to_target":""},"class_list":["post-154","page","type-page","status-publish"],"_links":{"self":[{"href":"https:\/\/wp.unil.ch\/adas\/wp-json\/wp\/v2\/pages\/154","targetHints":{"allow":["GET"]}}],"collection":[{"href":"https:\/\/wp.unil.ch\/adas\/wp-json\/wp\/v2\/pages"}],"about":[{"href":"https:\/\/wp.unil.ch\/adas\/wp-json\/wp\/v2\/types\/page"}],"author":[{"embeddable":true,"href":"https:\/\/wp.unil.ch\/adas\/wp-json\/wp\/v2\/users\/108"}],"replies":[{"embeddable":true,"href":"https:\/\/wp.unil.ch\/adas\/wp-json\/wp\/v2\/comments?post=154"}],"version-history":[{"count":0,"href":"https:\/\/wp.unil.ch\/adas\/wp-json\/wp\/v2\/pages\/154\/revisions"}],"up":[{"embeddable":true,"href":"https:\/\/wp.unil.ch\/adas\/wp-json\/wp\/v2\/pages\/112"}],"wp:attachment":[{"href":"https:\/\/wp.unil.ch\/adas\/wp-json\/wp\/v2\/media?parent=154"}],"curies":[{"name":"wp","href":"https:\/\/api.w.org\/{rel}","templated":true}]}}