{"id":145,"date":"2010-12-31T13:16:14","date_gmt":"2010-12-31T12:16:14","guid":{"rendered":"http:\/\/wp.unil.ch\/adas\/"},"modified":"2010-12-31T13:16:41","modified_gmt":"2010-12-31T12:16:41","slug":"acidul","status":"publish","type":"page","link":"https:\/\/wp.unil.ch\/adas\/associations\/acidul\/?lang=fr","title":{"rendered":"ACIDUL"},"content":{"rendered":"<p><\/p>\n<h3>Association du corps interm\u00e9diaire et des doctorant-e-s<\/h3>\n<p><a href=\"https:\/\/www.unil.ch\/acidul\">https:\/\/www.unil.ch\/acidul<\/a><\/p>\n<p>L\u2019Acidul a \u00e9t\u00e9 cr\u00e9e en mai 2003. Le but principal de l&#8217;association est de f\u00e9d\u00e9rer et de repr\u00e9senter les membres du corps interm\u00e9diaire\u00a0 (CI) et les doctorant-e-s de l&#8217;UNIL pour d\u00e9fendre leurs int\u00e9r\u00eats aupr\u00e8s des autorit\u00e9s universitaires et politiques.<\/p>\n<p>Elle prendra \u00e9galement en charge la gestion des repr\u00e9sentations du CI dans les commissions (au Conseil de l&#8217;Universit\u00e9 p. ex.) et veillera \u00e0 une meilleur circulation de l&#8217;information envers et au sein des membres du CI.<\/p>\n<p>La premi\u00e8re bataille gagn\u00e9e de l&#8217;ACIDUL a \u00e9t\u00e9 la 5\u00e8me semaine de vacances. Au printemps 2003, des assistants de toutes les facult\u00e9s de l&#8217;universit\u00e9 se sont r\u00e9unis pour lancer une p\u00e9tition pour une 5\u00e8me semaine de vacances, pour obtenir les m\u00eames cong\u00e9s que les autres employ\u00e9s de l&#8217;Etat de Vaud et aussi pour r\u00e9int\u00e9grer la caisse de pension de l&#8217;Etat de Vaud. En d\u00e9cembre de la m\u00eame ann\u00e9e, une lettre nous promettait les m\u00eames cong\u00e9s et vacances que les autres employ\u00e9s de l&#8217;universit\u00e9.<\/p>\n","protected":false},"excerpt":{"rendered":"<p>Association du corps interm\u00e9diaire et des doctorant-e-s https:\/\/www.unil.ch\/acidul L\u2019Acidul a \u00e9t\u00e9 cr\u00e9e en mai 2003. Le but principal de l&#8217;association est de f\u00e9d\u00e9rer et de repr\u00e9senter les membres du corps &hellip; <\/p>\n","protected":false},"author":235,"featured_media":0,"parent":115,"menu_order":2,"comment_status":"closed","ping_status":"closed","template":"","meta":{"_seopress_robots_primary_cat":"","_seopress_titles_title":"","_seopress_titles_desc":"","_seopress_robots_index":"","ngg_post_thumbnail":0,"footnotes":"","_links_to":"","_links_to_target":""},"class_list":["post-145","page","type-page","status-publish"],"_links":{"self":[{"href":"https:\/\/wp.unil.ch\/adas\/wp-json\/wp\/v2\/pages\/145","targetHints":{"allow":["GET"]}}],"collection":[{"href":"https:\/\/wp.unil.ch\/adas\/wp-json\/wp\/v2\/pages"}],"about":[{"href":"https:\/\/wp.unil.ch\/adas\/wp-json\/wp\/v2\/types\/page"}],"author":[{"embeddable":true,"href":"https:\/\/wp.unil.ch\/adas\/wp-json\/wp\/v2\/users\/235"}],"replies":[{"embeddable":true,"href":"https:\/\/wp.unil.ch\/adas\/wp-json\/wp\/v2\/comments?post=145"}],"version-history":[{"count":0,"href":"https:\/\/wp.unil.ch\/adas\/wp-json\/wp\/v2\/pages\/145\/revisions"}],"up":[{"embeddable":true,"href":"https:\/\/wp.unil.ch\/adas\/wp-json\/wp\/v2\/pages\/115"}],"wp:attachment":[{"href":"https:\/\/wp.unil.ch\/adas\/wp-json\/wp\/v2\/media?parent=145"}],"curies":[{"name":"wp","href":"https:\/\/api.w.org\/{rel}","templated":true}]}}