{"id":136,"date":"2010-12-31T13:11:44","date_gmt":"2010-12-31T12:11:44","guid":{"rendered":"http:\/\/wp.unil.ch\/adas\/"},"modified":"2012-09-24T17:41:49","modified_gmt":"2012-09-24T15:41:49","slug":"actiouni-associations","status":"publish","type":"page","link":"https:\/\/wp.unil.ch\/adas\/associations\/actiouni-associations\/?lang=fr","title":{"rendered":"ACTIONUNI"},"content":{"rendered":"<p><\/p>\n<h3>Association suisse des chercheurs<\/h3>\n<p><a href=\"https:\/\/www.actionuni.ch\/\">https:\/\/www.actionuni.ch\/<\/a><\/p>\n<p>Actionuni est la seule association ind\u00e9pendante repr\u00e9sentant les chercheurs des universit\u00e9s et des EPF suisses aux niveaux national et international. La plupart des associations suisses de corps interm\u00e9diaire et des chercheurs individuels sont membres d\u2019Actionuni.<\/p>\n<p>Les objectifs d\u2019Actionuni sont de\u00a0:<\/p>\n<ul>\n<li>stimuler le d\u00e9bat sur l\u2019enseignement et la recherche universitaire<\/li>\n<li>am\u00e9liorer le travail des chercheurs dans les hautes \u00e9coles suisses<\/li>\n<\/ul>\n","protected":false},"excerpt":{"rendered":"<p>Association suisse des chercheurs https:\/\/www.actionuni.ch\/ Actionuni est la seule association ind\u00e9pendante repr\u00e9sentant les chercheurs des universit\u00e9s et des EPF suisses aux niveaux national et international. La plupart des associations suisses &hellip; <\/p>\n","protected":false},"author":235,"featured_media":0,"parent":115,"menu_order":1,"comment_status":"closed","ping_status":"closed","template":"","meta":{"_seopress_robots_primary_cat":"","_seopress_titles_title":"","_seopress_titles_desc":"","_seopress_robots_index":"","ngg_post_thumbnail":0,"footnotes":"","_links_to":"","_links_to_target":""},"class_list":["post-136","page","type-page","status-publish"],"_links":{"self":[{"href":"https:\/\/wp.unil.ch\/adas\/wp-json\/wp\/v2\/pages\/136","targetHints":{"allow":["GET"]}}],"collection":[{"href":"https:\/\/wp.unil.ch\/adas\/wp-json\/wp\/v2\/pages"}],"about":[{"href":"https:\/\/wp.unil.ch\/adas\/wp-json\/wp\/v2\/types\/page"}],"author":[{"embeddable":true,"href":"https:\/\/wp.unil.ch\/adas\/wp-json\/wp\/v2\/users\/235"}],"replies":[{"embeddable":true,"href":"https:\/\/wp.unil.ch\/adas\/wp-json\/wp\/v2\/comments?post=136"}],"version-history":[{"count":0,"href":"https:\/\/wp.unil.ch\/adas\/wp-json\/wp\/v2\/pages\/136\/revisions"}],"up":[{"embeddable":true,"href":"https:\/\/wp.unil.ch\/adas\/wp-json\/wp\/v2\/pages\/115"}],"wp:attachment":[{"href":"https:\/\/wp.unil.ch\/adas\/wp-json\/wp\/v2\/media?parent=136"}],"curies":[{"name":"wp","href":"https:\/\/api.w.org\/{rel}","templated":true}]}}