{"id":112,"date":"2010-12-26T16:52:37","date_gmt":"2010-12-26T15:52:37","guid":{"rendered":"http:\/\/wp.unil.ch\/adas\/"},"modified":"2012-09-01T15:56:42","modified_gmt":"2012-09-01T13:56:42","slug":"liens-utiles","status":"publish","type":"page","link":"https:\/\/wp.unil.ch\/adas\/services\/liens-utiles\/?lang=fr","title":{"rendered":"Liens utiles"},"content":{"rendered":"<p>&nbsp;<\/br><\/p>\n<p>En cas de conflits\/difficult\u00e9s, <a href=\"https:\/\/wp.unil.ch\/adas\/services\/liens-utiles\/difficultes-conflits\/\">cliquez ici<\/a>.<\/p>\n<p>&nbsp;<\/br><\/p>\n<p>Pour \u00e9valuer des enseignements ou cr\u00e9er votre propre questionnaire d&#8217;\u00e9valuation, <a href=\"https:\/\/wp.unil.ch\/adas\/services\/liens-utiles\/evaluations\/\">cliquez ici<\/a>. <\/p>\n","protected":false},"excerpt":{"rendered":"<p>&nbsp; En cas de conflits\/difficult\u00e9s, cliquez ici. &nbsp; Pour \u00e9valuer des enseignements ou cr\u00e9er votre propre questionnaire d&#8217;\u00e9valuation, cliquez ici.<\/p>\n","protected":false},"author":235,"featured_media":0,"parent":6,"menu_order":2,"comment_status":"closed","ping_status":"closed","template":"","meta":{"_seopress_robots_primary_cat":"","_seopress_titles_title":"","_seopress_titles_desc":"","_seopress_robots_index":"","ngg_post_thumbnail":0,"footnotes":"","_links_to":"","_links_to_target":""},"class_list":["post-112","page","type-page","status-publish"],"_links":{"self":[{"href":"https:\/\/wp.unil.ch\/adas\/wp-json\/wp\/v2\/pages\/112","targetHints":{"allow":["GET"]}}],"collection":[{"href":"https:\/\/wp.unil.ch\/adas\/wp-json\/wp\/v2\/pages"}],"about":[{"href":"https:\/\/wp.unil.ch\/adas\/wp-json\/wp\/v2\/types\/page"}],"author":[{"embeddable":true,"href":"https:\/\/wp.unil.ch\/adas\/wp-json\/wp\/v2\/users\/235"}],"replies":[{"embeddable":true,"href":"https:\/\/wp.unil.ch\/adas\/wp-json\/wp\/v2\/comments?post=112"}],"version-history":[{"count":0,"href":"https:\/\/wp.unil.ch\/adas\/wp-json\/wp\/v2\/pages\/112\/revisions"}],"up":[{"embeddable":true,"href":"https:\/\/wp.unil.ch\/adas\/wp-json\/wp\/v2\/pages\/6"}],"wp:attachment":[{"href":"https:\/\/wp.unil.ch\/adas\/wp-json\/wp\/v2\/media?parent=112"}],"curies":[{"name":"wp","href":"https:\/\/api.w.org\/{rel}","templated":true}]}}