{"id":1104,"date":"2012-09-01T15:54:15","date_gmt":"2012-09-01T13:54:15","guid":{"rendered":"http:\/\/wp.unil.ch\/adas\/?page_id=1104"},"modified":"2025-09-17T11:16:20","modified_gmt":"2025-09-17T09:16:20","slug":"statuts-2","status":"publish","type":"page","link":"https:\/\/wp.unil.ch\/adas\/statuts-2\/","title":{"rendered":"Statuts"},"content":{"rendered":"\n<div class=\"wp-block-group\"><div class=\"wp-block-group__inner-container is-layout-constrained wp-block-group-is-layout-constrained\">\n<p><strong>Statuts<\/strong><\/p>\n<p><strong>Only available in French<\/strong><br>\u2014\u2014\u2014\u2014\u2014\u2014\u2014\u2014\u2014\u2014\u2014\u2014\u2014\u2014\u2014\u2014\u2014\u2014\u2014\u2014\u2014\u2014\u2014\u2014<br>STATUTS de l\u2019Association des Doctorants et Assistants<br>de la Facult\u00e9 de Biologie et M\u00e9decine<br>de l\u2019UNIVERSITE de LAUSANNE<br>\u2014\u2014\u2014\u2014\u2014\u2014\u2014\u2014\u2014\u2014\u2014\u2014\u2014\u2014\u2014\u2014\u2014\u2014\u2014\u2014\u2014\u2014\u2014\u2014<\/p>\n<p>Toutes les fonctions et qualit\u00e9s relatives \u00e0 des personnes sont \u00e9crites au masculin et<br>doivent \u00eatre comprises au masculin comme au f\u00e9minin.<\/p>\n<p>&nbsp;<\/p>\n<p><em>Raison sociale, si\u00e8ge<\/em><\/p>\n<p><strong>Art. 1<\/strong><\/p>\n<p>Sous le nom Association des Doctorants et Assistants de la Facult\u00e9 de Biologie et<br>M\u00e9decine \u2013 ADAS (ci-apr\u00e8s l\u2019association), avec si\u00e8ge \u00e0 Lausanne, il est constitu\u00e9 une<br>association au sens des articles 60 et suivants du code civil.<\/p>\n<p>&nbsp;<\/p>\n<p><em>Buts<\/em><\/p>\n<p><strong>Art. 2<\/strong><\/p>\n<p>L\u2019association a pour buts :<\/p>\n<ol>\n<li>a) de coordonner l\u2019action de ses membres dans tous les domaines qui peuvent les<br>int\u00e9resser,<br>b) de collaborer avec les autres associations qui traitent des probl\u00e8mes universitaires,<br>c) de faire valoir le point de vue des doctorants et assistants aupr\u00e8s des organes<br>comp\u00e9tents,<br>d) de d\u00e9fendre et de promouvoir les int\u00e9r\u00eats professionnels, mat\u00e9riels et moraux des<br>doctorants et assistants,<br>e) de promouvoir les \u00e9changes au sein de la Facult\u00e9 de Biologie et M\u00e9decine.<\/li>\n<\/ol>\n<p>&nbsp;<\/p>\n<p><em>Ressources<\/em><\/p>\n<p><strong>Art. 3<\/strong><\/p>\n<p>Les ressources de l\u2019association sont constitu\u00e9es par le produit de ses activit\u00e9s, des<br>contributions b\u00e9n\u00e9voles, des dons, des subventions et toute autre contribution.<\/p>\n<p>L\u2019utilisation des ressources mises \u00e0 disposition par le D\u00e9canat ou la Direction en tant que<br>compensations pour charges adminstratives fait l\u2019objet d\u2019un r\u00e8glement particulier, adopt\u00e9<br>par l\u2019assembl\u00e9e g\u00e9n\u00e9rale.<\/p>\n<p>&nbsp;<\/p>\n<p><em>Membres<\/em><\/p>\n<p><strong>Art. 4<\/strong><\/p>\n<p>Sont membres de l\u2019association les candidats au doctorat (Art. 90 RLUL) et les ma\u00eetres<br>assistants (Art. 60 LUL), premiers assistants et assistants dipl\u00f4m\u00e9s (Art. 61LUL, 102 RLUL) de la Facult\u00e9 de<br>Biologie et M\u00e9decine.<\/p>\n<p>&nbsp;<\/p>\n<p><em>Perte de la qualit\u00e9 de membre<\/em><\/p>\n<p><strong>Art. 5<\/strong><\/p>\n<p>Tout membre de l\u2019association en perd la qualit\u00e9 d\u00e8s la cessation de ses fonctions universitaires d\u00e9crites dans l\u2019art. 4 ou par d\u00e9mission adress\u00e9e par \u00e9crit au comit\u00e9 ou lors d\u2019exhibition comportements inacceptables ou incompatibles avec les obligations et les buts de l\u2019association.<\/p>\n<p>&nbsp;<\/p>\n<p><em>Organes<\/em><\/p>\n<p><strong>Art. 6<\/strong><\/p>\n<p>Les organes de l\u2019association sont :<\/p>\n<ol>\n<li>a) l\u2019assembl\u00e9e g\u00e9n\u00e9rale,<br>b) le comit\u00e9,<br>c) les v\u00e9rificateurs de comptes,<br>d) les groupes de travail.<\/li>\n<\/ol>\n<p>&nbsp;<\/p>\n<p><em>L\u2019assembl\u00e9e g\u00e9n\u00e9rale<\/em><\/p>\n<p><strong>Art. 7<\/strong><\/p>\n<p>L\u2019assembl\u00e9e g\u00e9n\u00e9rale des membres est le pouvoir supr\u00eame de l\u2019association. Elle a le droit:<\/p>\n<ol>\n<li>A) D\u2019adopter et de modifier les statuts<\/li>\n<li>B) Approuver le programme et les activit\u00e9s pour l\u2019ann\u00e9e suivante<\/li>\n<li>C) De nommer ou de r\u00e9voquer les membres du comit\u00e9<\/li>\n<li>D) De dissoudre l\u2019association<\/li>\n<li>E) D\u2019adopter le r\u00e8glement concernant les compensations pour charges administratives<\/li>\n<li>F) D\u2019adopter le projet de distribution des ressources pour compensations de charges administratives pr\u00e9par\u00e9 par le comit\u00e9<\/li>\n<\/ol>\n<p>&nbsp;<\/p>\n<p><em>L\u2019assembl\u00e9e g\u00e9n\u00e9rale ordinaire<\/em><\/p>\n<p><strong>Art. 8<\/strong><\/p>\n<p>1) L\u2019assembl\u00e9e g\u00e9n\u00e9rale ordinaire se r\u00e9unit au moins une fois par ann\u00e9e.<br>2) Le comit\u00e9 a charge de convoquer l\u2019assembl\u00e9e g\u00e9n\u00e9rale ordinaire par voie d\u2019affichage et<br>par courrier \u00e9lectronique, au moins 10 jours avant la date fix\u00e9e pour l\u2019assembl\u00e9e.<\/p>\n<p>&nbsp;<\/p>\n<p><em>L\u2019assembl\u00e9e g\u00e9n\u00e9rale extraordinaire<\/em><\/p>\n<p><strong>Art. 9<\/strong><\/p>\n<p>Ont le pouvoir de convoquer une assembl\u00e9e g\u00e9n\u00e9rale extraordinaire<\/p>\n<ol>\n<li>a) les membres de l\u2019association, si dix membres au moins en font la demande par \u00e9crit au comit\u00e9,<br>b) le comit\u00e9, \u00e0 majorit\u00e9.<\/li>\n<\/ol>\n<p><strong>Art. 10<\/strong><\/p>\n<p>1) Le comit\u00e9 a charge de convoquer l\u2019assembl\u00e9e g\u00e9n\u00e9rale extraordinaire; \u00e0 cette fin, il<br>proc\u00e8de par courrier \u00e9lectronique au moins 10 jours avant la date fix\u00e9e pour la tenue de<br>l\u2019assembl\u00e9e, et par voie d\u2019affiches \u00e0 condition de respecter les m\u00eames d\u00e9lais.<br>2) L\u2019avis de convocation doit mentionner l\u2019ordre du jour. Si une modification des statuts<br>figure \u00e0 l\u2019ordre du jour, la teneur de la modification doit figurer sur l\u2019avis de convocation.<br>3) L\u2019ordre du jour de l\u2019assembl\u00e9e g\u00e9n\u00e9rale extraordinaire est \u00e9tabli par le comit\u00e9 d\u2019entente<br>avec ceux qui demandent la convocation de l\u2019assembl\u00e9e; en cas de litige \u00e0 propos de<br>l\u2019ordre du jour, l\u2019assembl\u00e9e tranche en d\u00e9but de s\u00e9ance.<\/p>\n<p><strong>Art. 11<\/strong><\/p>\n<p>1) Chaque membre a droit \u00e0 une seule voix.<br>2) Les d\u00e9cisions sont prises \u00e0 la majorit\u00e9 des voix exprim\u00e9es, sous r\u00e9serve des<br>dispositions imp\u00e9ratives de la loi et des statuts.<br>3) En cas d\u2019\u00e9galit\u00e9 des voix, on proc\u00e8de \u00e0 un second vote; si toutefois aucune majorit\u00e9 ne<br>se d\u00e9gage, le pr\u00e9sident tranche.<\/p>\n<p>&nbsp;<\/p>\n<p><em>Majorit\u00e9 qualifi\u00e9e<\/em><\/p>\n<p><strong>Art. 12<\/strong><\/p>\n<p>Toute modification de statuts ainsi que la dissolution de l\u2019association et la r\u00e9vocation d\u2019un<br>membre du comit\u00e9 ou de la d\u00e9l\u00e9gation doivent faire l\u2019objet d\u2019une majorit\u00e9 qualifi\u00e9e de 2\/3<br>des membres pr\u00e9sents.<\/p>\n<p><strong>Art. 13<\/strong><\/p>\n<p>Le proc\u00e8s-verbal relatant les d\u00e9cisions de l\u2019assembl\u00e9e g\u00e9n\u00e9rale, qu\u2019elle soit ordinaire ou<br>extraordinaire, doit indiquer le nombre de membres pr\u00e9sents.<\/p>\n<p>&nbsp;<\/p>\n<p><em>Le comit\u00e9<\/em><\/p>\n<p><strong>Art. 14<\/strong><\/p>\n<p>1) Le comit\u00e9 se compose d\u2019au moins 3 membres : le pr\u00e9sident, le secr\u00e9taire et le tr\u00e9sorier.<br>2) Le pr\u00e9sident, le secr\u00e9taire et le tr\u00e9sorier sont \u00e9lus par l\u2019AG, les autres membres du comit\u00e9 peuvent \u00eatre \u00e9lus lors des s\u00e9ances du comit\u00e9 \u00e9galement.<br>3) La dur\u00e9e de son mandat est d\u2019un an ; ses membres sont n\u00e9anmoins r\u00e9vocables en tout temps par le comit\u00e9, sauf le pr\u00e9sident, le secr\u00e9taire le tr\u00e9sorier, qui ne peuvent \u00eatre r\u00e9voqu\u00e9s que lors d\u2019une AG ou lors d\u2019une AG extraordinaire.<br>4) Les membres du Comit\u00e9 travaillent de mani\u00e8re b\u00e9n\u00e9vole, et sont sujets au remboursement de leur frais effectifs en lien avec les activit\u00e9s de l\u2019association (repr\u00e9sentation au sein de diverses commissions et aupr\u00e8s des partenaires, lors d\u2019\u00e9v\u00e9venements, etc).<br>5) Les membres du comit\u00e9 sont r\u00e9\u00e9ligibles.<br>6) Tout membre du comit\u00e9 participe aux \u00e9v\u00e9nements organis\u00e9s par l\u2019association et\/ou aux diff\u00e9rents conseils et commissions dans lesquels l\u2019association est repr\u00e9sent\u00e9e.<br>7) Tout membre du comit\u00e9 doit \u00eatre pr\u00e9sent au rendez-vous mensuel et toute abbsence doit \u00eatre signal\u00e9e et\/ou justifi\u00e9e.<br>8) Tout membre du comit\u00e9 peut \u00eatre exclu du comit\u00e9 d\u00e8s 3 absences non signal\u00e9es et\/ou non justifi\u00e9es. La r\u00e9vocation doit \u00eatre clairement pr\u00e9sente dans l\u2019ordre du jour et soumise au vote pendant la s\u00e9ance du comit\u00e9.<\/p>\n<p>9) Conditions d&#8217;\u00e9ligibilit\u00e9 pour les presidents <strong>a.<\/strong> Les candidats doivent \u00eatre membres actifs de l&#8217;ADAS afin de s&#8217;assurer qu&#8217;ils connaissent les objectifs et le fonctionnement de l&#8217;association. <strong>b.<\/strong> En l&#8217;absence de candidats du comit\u00e9 actuel, de nouveaux participants peuvent se pr\u00e9senter \u00e0 la pr\u00e9sidence.<\/p>\n<p>&nbsp;<\/p>\n<p><strong>Art. 15<\/strong><\/p>\n<p>1) Le comit\u00e9 est charg\u00e9 d\u2019administrer l\u2019association selon les pr\u00e9sents statuts et en<br>conformit\u00e9 avec les d\u00e9cisions prises par l\u2019assembl\u00e9e g\u00e9n\u00e9rale.<br>2) Son action sera conforme aux buts d\u00e9finis \u00e0 l\u2019art.2 des pr\u00e9sents statuts.<br>3) Le comit\u00e9 a les pouvoirs et les obligations suivants:<\/p>\n<ol>\n<li>&nbsp; &nbsp;a) \u00e9tablir les comptes annuels,<br>&nbsp; &nbsp;b) tenir les proc\u00e8s-verbaux de l\u2019assembl\u00e9e g\u00e9n\u00e9rale,<br>&nbsp; &nbsp; &nbsp;c) convoquer l\u2019assembl\u00e9e g\u00e9n\u00e9rale et ex\u00e9cuter les d\u00e9cisions.<br>&nbsp; &nbsp; &nbsp;4) Le comit\u00e9 rend compte de ses activit\u00e9s \u00e0 l\u2019assembl\u00e9e g\u00e9n\u00e9rale.<\/li>\n<\/ol>\n<p><strong>Art. 16<\/strong><\/p>\n<p>1) Le pr\u00e9sident convoque le comit\u00e9 chaque fois qu\u2019il le juge n\u00e9cessaire, ou \u00e0 la demande<br>d\u2019un autre membre du comit\u00e9.<br>2) Les d\u00e9cisions du comit\u00e9 ne peuvent \u00eatre prises qu\u2019\u00e0 condition que la majorit\u00e9 des<br>membres du comit\u00e9 soient pr\u00e9sents.<br>3) Les d\u00e9cisions sont prises \u00e0 la majorit\u00e9 des voix exprim\u00e9es; en cas d\u2019\u00e9galit\u00e9, la voix du<br>pr\u00e9sident est pr\u00e9pond\u00e9rante.<\/p>\n<p><strong>Art. 17<\/strong><\/p>\n<p>L\u2019association est engag\u00e9e vis-\u00e0-vis des tiers par la signature collective \u00e0 deux des<br>membres du comit\u00e9.<\/p>\n<p>&nbsp;<\/p>\n<p><em>Les groupes de travail<\/em><\/p>\n<p><strong>Art. 18<\/strong><\/p>\n<p>1) Tout membre de l\u2019association peut faire partie des groupes de travail.<br>2) Le comit\u00e9 et\/ou l\u2019assembl\u00e9e g\u00e9n\u00e9rale peuvent former des groupes de travail.<br>3) Les groupes de travail sont responsables de leur propre organisation.<\/p>\n<p>&nbsp;<\/p>\n<p><em>V\u00e9rificateurs des comptes<\/em><\/p>\n<p><strong>Art. 19<\/strong><\/p>\n<p>1) Les v\u00e9rificateurs des comptes sont au nombre de deux.<br>2) Ils sont d\u00e9sign\u00e9s par le comit\u00e9 et approuv\u00e9s par l\u2019assembl\u00e9e g\u00e9n\u00e9rale.<\/p>\n<p>&nbsp;<\/p>\n<p><em>R\u00e9union d\u2019urgence<\/em><\/p>\n<p><strong>Art. 20<\/strong><\/p>\n<p>1) D\u00e9finition : Une r\u00e9union d\u2019urgence est convoqu\u00e9e pour traiter des questions urgentes de<br>grande importance qui ne n\u00e9cessitent pas une assembl\u00e9e g\u00e9n\u00e9rale extraordinaire (comme<br>d\u00e9crit \u00e0 l\u2019Article 7) mais n\u00e9cessitent une action imm\u00e9diate avant la prochaine r\u00e9union.<br>Cette r\u00e9union est convoqu\u00e9e par au moins la moiti\u00e9 du comit\u00e9, y compris le(s)<br>pr\u00e9sident(s). La r\u00e9union doit se tenir en personne.<br>2) Participation : Les r\u00e9unions d\u2019urgence n\u00e9cessitent la pr\u00e9sence d\u2019au moins la moiti\u00e9 des<br>membres du comit\u00e9. L\u2019avis de convocation doit \u00eatre donn\u00e9 au moins 2 jours \u00e0 l\u2019avance par<br>des canaux officiels (par exemple, application Slack, email). L\u2019avis doit inclure l\u2019ordre du<br>jour, pr\u00e9cisant la raison de la r\u00e9union et les actions ou discussions propos\u00e9es.<br>3) D\u00e9cisions et votes : Chaque membre pr\u00e9sent a droit \u00e0 une voix. Les d\u00e9cisions sont prises \u00e0<br>la majorit\u00e9 des deux tiers des membres pr\u00e9sents (en conformit\u00e9 avec l\u2019Article 12), sous<br>r\u00e9serve des dispositions imp\u00e9ratives de la loi et des statuts. En cas d\u2019\u00e9galit\u00e9, un second<br>vote est pris. Si aucune majorit\u00e9 ne se d\u00e9gage, le(s) pr\u00e9sident(s) a la voix pr\u00e9pond\u00e9rante<br>(en conformit\u00e9 avec l\u2019Article 11).<br>4) Enregistrement\/proc\u00e8s-verbal : Un proc\u00e8s-verbal de la r\u00e9union d\u2019urgence doit \u00eatre tenu,<br>incluant l\u2019ordre du jour, les noms des participants et les d\u00e9cisions prises. Le proc\u00e8s-verbal<br>doit \u00eatre conserv\u00e9 avec les proc\u00e8s-verbaux des r\u00e9unions et partag\u00e9 lors de la prochaine<br>r\u00e9union r\u00e9guli\u00e8re.<\/p>\n<p>&nbsp;<\/p>\n<p><em>Dissolution<\/em><\/p>\n<p><strong>Art. 21<\/strong><\/p>\n<p>La dissolution de l\u2019association ne peut intervenir que par une d\u00e9cision prise par l\u2019assembl\u00e9e g\u00e9n\u00e9rale \u00e0 la majorit\u00e9 des deux tiers des membres pr\u00e9sents. De plus, la majorit\u00e9 du comit\u00e9 devra \u00eatre pr\u00e9sents lors du vote.<br>En cas de dissolution, l\u2019actif \u00e9ventuel restant sera remis \u00e0 une institution suisse exon\u00e9r\u00e9 d\u2019imp\u00f4t en raison de son but d\u2019utilit\u00e9 publique ou de service publique. De mani\u00e8re facultative et\/ou alternative, l\u2019actif \u00e9ventuel sera attribu\u00e9 \u00e0 la Conf\u00e9d\u00e9ration, aux cantons, aux communes et \u00e0 leurs \u00e9tablissements. En aucun cas, les biens ne pourront retourner aux fondateurs physiques ou aux membres, ni \u00eatre utilis\u00e9s \u00e0 leur profit en tout ou partie et de quelque mani\u00e8re que ce soit.<br>La liquidation des actifs a lieu par les soins du comit\u00e9, \u00e0 moins que l\u2019assembl\u00e9e g\u00e9n\u00e9rale ne d\u00e9signe d\u2019autres liquidateurs; l\u2019un des liquidateurs doit \u00eatre membre du comit\u00e9.<\/p>\n<p>&nbsp;<\/p>\n<p><em>Adoption des statuts<\/em><\/p>\n<p><strong>Art. 22<\/strong><\/p>\n<p>Ces statuts ont \u00e9t\u00e9 adopt\u00e9s par l\u2019assembl\u00e9e g\u00e9n\u00e9rale du 21 novembre 2024 et<br>entrent en vigueur imm\u00e9diatement.<\/p>\n<p>&nbsp;<\/p>\n<\/div><\/div>\n","protected":false},"excerpt":{"rendered":"<p>Statuts Only available in French\u2014\u2014\u2014\u2014\u2014\u2014\u2014\u2014\u2014\u2014\u2014\u2014\u2014\u2014\u2014\u2014\u2014\u2014\u2014\u2014\u2014\u2014\u2014\u2014STATUTS de l\u2019Association des Doctorants et Assistantsde la Facult\u00e9 de Biologie et M\u00e9decinede l\u2019UNIVERSITE de LAUSANNE\u2014\u2014\u2014\u2014\u2014\u2014\u2014\u2014\u2014\u2014\u2014\u2014\u2014\u2014\u2014\u2014\u2014\u2014\u2014\u2014\u2014\u2014\u2014\u2014 Toutes les fonctions et qualit\u00e9s relatives \u00e0 des personnes sont &hellip; <\/p>\n","protected":false},"author":108,"featured_media":0,"parent":0,"menu_order":4,"comment_status":"closed","ping_status":"closed","template":"","meta":{"_seopress_robots_primary_cat":"","_seopress_titles_title":"","_seopress_titles_desc":"","_seopress_robots_index":"","ngg_post_thumbnail":0,"footnotes":"","_links_to":"","_links_to_target":""},"class_list":["post-1104","page","type-page","status-publish"],"_links":{"self":[{"href":"https:\/\/wp.unil.ch\/adas\/wp-json\/wp\/v2\/pages\/1104","targetHints":{"allow":["GET"]}}],"collection":[{"href":"https:\/\/wp.unil.ch\/adas\/wp-json\/wp\/v2\/pages"}],"about":[{"href":"https:\/\/wp.unil.ch\/adas\/wp-json\/wp\/v2\/types\/page"}],"author":[{"embeddable":true,"href":"https:\/\/wp.unil.ch\/adas\/wp-json\/wp\/v2\/users\/108"}],"replies":[{"embeddable":true,"href":"https:\/\/wp.unil.ch\/adas\/wp-json\/wp\/v2\/comments?post=1104"}],"version-history":[{"count":4,"href":"https:\/\/wp.unil.ch\/adas\/wp-json\/wp\/v2\/pages\/1104\/revisions"}],"predecessor-version":[{"id":28448,"href":"https:\/\/wp.unil.ch\/adas\/wp-json\/wp\/v2\/pages\/1104\/revisions\/28448"}],"wp:attachment":[{"href":"https:\/\/wp.unil.ch\/adas\/wp-json\/wp\/v2\/media?parent=1104"}],"curies":[{"name":"wp","href":"https:\/\/api.w.org\/{rel}","templated":true}]}}