{"id":110,"date":"2010-12-26T16:52:06","date_gmt":"2010-12-26T15:52:06","guid":{"rendered":"http:\/\/wp.unil.ch\/adas\/"},"modified":"2019-06-05T14:58:02","modified_gmt":"2019-06-05T12:58:02","slug":"reglements","status":"publish","type":"page","link":"https:\/\/wp.unil.ch\/adas\/services\/reglements\/?lang=fr","title":{"rendered":"R\u00e8glements"},"content":{"rendered":"<p>Tous les r\u00e8glements en vigueur sur les \u00e9tudes doctorales peuvent se trouver sur le site de la FBM :<\/p>\n<p><a href=\"https:\/\/www.unil.ch\/ecoledoctoralefbm\/home\/menuinst\/doctorate.html\">https:\/\/www.unil.ch\/ecoledoctoralefbm\/home\/menuinst\/doctorate.html<\/a><\/p>\n<p>Ceci inclus les diff\u00e9rents r\u00e8glements et formulaires de commande de dipl\u00f4me pour&nbsp;:<\/p>\n<ul>\n<li>le doctorat en m\u00e9decine (MD)<\/li>\n<li>le doctorat en m\u00e9decine et science (MD-PhD)<\/li>\n<li>le doctorat en science de la vie (PhD)<\/li>\n<li>le doctorat en neurosciences (PhD)<\/li>\n<li>le doctorat en science infirmi\u00e8res (PhD)<\/li>\n<\/ul>\n<p>Le r\u00e8glement g\u00e9n\u00e9ral de l\u2019\u00e9cole doctorale et le nouveau r\u00e8glement pour les directions de th\u00e8se sont \u00e9galement disponibles.<\/p>\n<p>Les textes l\u00e9gaux, tels que les<\/p>\n<ul>\n<li>r\u00e8glements cantonaux<\/li>\n<li>r\u00e8glement de l\u2019Universit\u00e9 de Lausanne<\/li>\n<li>r\u00e8glements par facult\u00e9<\/li>\n<li>ainsi que la loi universitaire (LUL)<\/li>\n<\/ul>\n<p>sont disponibles sur cette page <a href=\"https:\/\/www.unil.ch\/central\/page4782.html\">https:\/\/www.unil.ch\/central\/page4782.html<\/a><\/p>\n","protected":false},"excerpt":{"rendered":"<p>Tous les r\u00e8glements en vigueur sur les \u00e9tudes doctorales peuvent se trouver sur le site de la FBM : https:\/\/www.unil.ch\/ecoledoctoralefbm\/home\/menuinst\/doctorate.html Ceci inclus les diff\u00e9rents r\u00e8glements et formulaires de commande de &hellip; <\/p>\n","protected":false},"author":1001873,"featured_media":0,"parent":6,"menu_order":1,"comment_status":"closed","ping_status":"closed","template":"","meta":{"_seopress_robots_primary_cat":"","_seopress_titles_title":"","_seopress_titles_desc":"","_seopress_robots_index":"","ngg_post_thumbnail":0,"footnotes":"","_links_to":"","_links_to_target":""},"class_list":["post-110","page","type-page","status-publish"],"_links":{"self":[{"href":"https:\/\/wp.unil.ch\/adas\/wp-json\/wp\/v2\/pages\/110","targetHints":{"allow":["GET"]}}],"collection":[{"href":"https:\/\/wp.unil.ch\/adas\/wp-json\/wp\/v2\/pages"}],"about":[{"href":"https:\/\/wp.unil.ch\/adas\/wp-json\/wp\/v2\/types\/page"}],"author":[{"embeddable":true,"href":"https:\/\/wp.unil.ch\/adas\/wp-json\/wp\/v2\/users\/1001873"}],"replies":[{"embeddable":true,"href":"https:\/\/wp.unil.ch\/adas\/wp-json\/wp\/v2\/comments?post=110"}],"version-history":[{"count":0,"href":"https:\/\/wp.unil.ch\/adas\/wp-json\/wp\/v2\/pages\/110\/revisions"}],"up":[{"embeddable":true,"href":"https:\/\/wp.unil.ch\/adas\/wp-json\/wp\/v2\/pages\/6"}],"wp:attachment":[{"href":"https:\/\/wp.unil.ch\/adas\/wp-json\/wp\/v2\/media?parent=110"}],"curies":[{"name":"wp","href":"https:\/\/api.w.org\/{rel}","templated":true}]}}