{"id":2,"date":"2017-07-19T08:45:08","date_gmt":"2017-07-19T06:45:08","guid":{"rendered":"http:\/\/wp.unil.ch\/acontrario\/?page_id=2"},"modified":"2026-03-11T14:52:57","modified_gmt":"2026-03-11T13:52:57","slug":"sample-page","status":"publish","type":"page","link":"https:\/\/wp.unil.ch\/acontrario\/","title":{"rendered":"derniers num\u00e9ros"},"content":{"rendered":"\n<p><a rel=\"noreferrer noopener\" href=\"https:\/\/www.cairn.info\/revue-a-contrario-2019-2.htm\" target=\"_blank\"><\/a><\/p>\n\n\n\n<p>Tous les num\u00e9ros de la revue sont disponibles sur <a href=\"https:\/\/www.cairn.info\/revue-a-contrario.htm\">Cairn<\/a><\/p>\n\n\n\n<div class=\"wp-block-media-text is-stacked-on-mobile\" style=\"grid-template-columns:36% auto\"><figure class=\"wp-block-media-text__media\"><img loading=\"lazy\" decoding=\"async\" width=\"683\" height=\"1024\" src=\"https:\/\/wp.unil.ch\/acontrario\/files\/2026\/03\/aco_38_couv-vignette-683x1024.jpg\" alt=\"aco 38 entier\" class=\"wp-image-321 size-full\" srcset=\"https:\/\/wp.unil.ch\/acontrario\/files\/2026\/03\/aco_38_couv-vignette-683x1024.jpg 683w, https:\/\/wp.unil.ch\/acontrario\/files\/2026\/03\/aco_38_couv-vignette-200x300.jpg 200w, https:\/\/wp.unil.ch\/acontrario\/files\/2026\/03\/aco_38_couv-vignette-768x1152.jpg 768w, https:\/\/wp.unil.ch\/acontrario\/files\/2026\/03\/aco_38_couv-vignette.jpg 800w\" sizes=\"auto, (max-width: 683px) 100vw, 683px\" \/><\/figure><div class=\"wp-block-media-text__content\">\n<p><a href=\"https:\/\/shs.cairn.info\/revue-a-contrario-2025-2?lang=fr\"><strong><em>a contrario 38<\/em><\/strong><\/a><\/p>\n\n\n\n<p><em><strong>Formes d<em><strong>\u2019<\/strong><\/em>exp\u00e9rience de la danse: entre lieux, m\u00e9dias et images<\/strong><\/em><\/p>\n\n\n\n<p>Sous la direction de Lorena Ehrbar et Camilla Murgia<\/p>\n<\/div><\/div>\n\n\n\n<div class=\"wp-block-media-text is-stacked-on-mobile\" style=\"grid-template-columns:36% auto\"><figure class=\"wp-block-media-text__media\"><img loading=\"lazy\" decoding=\"async\" width=\"683\" height=\"1024\" src=\"https:\/\/wp.unil.ch\/acontrario\/files\/2025\/08\/aco37_vignette_couv_96-683x1024.jpg\" alt=\"aco37 vignette couv 96\" class=\"wp-image-315 size-full\" srcset=\"https:\/\/wp.unil.ch\/acontrario\/files\/2025\/08\/aco37_vignette_couv_96-683x1024.jpg 683w, https:\/\/wp.unil.ch\/acontrario\/files\/2025\/08\/aco37_vignette_couv_96-200x300.jpg 200w, https:\/\/wp.unil.ch\/acontrario\/files\/2025\/08\/aco37_vignette_couv_96-768x1152.jpg 768w, https:\/\/wp.unil.ch\/acontrario\/files\/2025\/08\/aco37_vignette_couv_96.jpg 800w\" sizes=\"auto, (max-width: 683px) 100vw, 683px\" \/><\/figure><div class=\"wp-block-media-text__content\">\n<p><a href=\"https:\/\/shs.cairn.info\/revue-a-contrario-2025-1?lang=fr\"><strong><em>a contrario 37<\/em><\/strong><\/a><\/p>\n\n\n\n<p><em><strong>Le Malentendu\/L\u2019Inattendu<\/strong><\/em><\/p>\n\n\n\n<p>Sous la direction de Federico Bravo<\/p>\n<\/div><\/div>\n\n\n\n<div class=\"wp-block-media-text is-stacked-on-mobile\" style=\"grid-template-columns:36% auto\"><figure class=\"wp-block-media-text__media\"><img loading=\"lazy\" decoding=\"async\" width=\"683\" height=\"1024\" src=\"https:\/\/wp.unil.ch\/acontrario\/files\/2025\/03\/aco_36_vignette_couv_96-683x1024.jpg\" alt=\"aco 36 vignette couv 96\" class=\"wp-image-310 size-full\" srcset=\"https:\/\/wp.unil.ch\/acontrario\/files\/2025\/03\/aco_36_vignette_couv_96-683x1024.jpg 683w, https:\/\/wp.unil.ch\/acontrario\/files\/2025\/03\/aco_36_vignette_couv_96-200x300.jpg 200w, https:\/\/wp.unil.ch\/acontrario\/files\/2025\/03\/aco_36_vignette_couv_96-768x1152.jpg 768w, https:\/\/wp.unil.ch\/acontrario\/files\/2025\/03\/aco_36_vignette_couv_96.jpg 800w\" sizes=\"auto, (max-width: 683px) 100vw, 683px\" \/><\/figure><div class=\"wp-block-media-text__content\">\n<p><a href=\"https:\/\/shs.cairn.info\/revue-a-contrario-2024-1?lang=fr\"><strong><em>a contrario <\/em>36<\/strong><\/a><\/p>\n\n\n\n<p><em><strong>Devenir des lecteurs\u00b7trices autonomes&nbsp;<\/strong><\/em><strong><em>? Apprentissage de la lecture et philosophie \u00e0 l&rsquo;\u00e9cole<\/em><\/strong><\/p>\n\n\n\n<p>Sous la direction de Jos\u00e9phine Stebler, Marion B\u00e9rard, Yves Erard, Layla Ra\u00efd et Svetlana Zenger<\/p>\n<\/div><\/div>\n\n\n\n<div class=\"wp-block-media-text is-stacked-on-mobile\" style=\"grid-template-columns:36% auto\"><figure class=\"wp-block-media-text__media\"><img alt=\"\" loading=\"lazy\" decoding=\"async\" width=\"683\" height=\"1024\" src=\"https:\/\/wp.unil.ch\/acontrario\/files\/2024\/09\/AC35_Vignette_800x1200-683x1024.jpg\" alt=\"\" class=\"wp-image-299 size-full\" srcset=\"https:\/\/wp.unil.ch\/acontrario\/files\/2024\/09\/AC35_Vignette_800x1200-683x1024.jpg 683w, https:\/\/wp.unil.ch\/acontrario\/files\/2024\/09\/AC35_Vignette_800x1200-200x300.jpg 200w, https:\/\/wp.unil.ch\/acontrario\/files\/2024\/09\/AC35_Vignette_800x1200-768x1152.jpg 768w, https:\/\/wp.unil.ch\/acontrario\/files\/2024\/09\/AC35_Vignette_800x1200.jpg 800w\" sizes=\"auto, (max-width: 683px) 100vw, 683px\" \/><\/figure><div class=\"wp-block-media-text__content\">\n<p><a href=\"https:\/\/shs.cairn.info\/revue-a-contrario-2023-2?lang=fr\"><strong><em>a contrario <\/em>35<\/strong><\/a><\/p>\n\n\n\n<p><em><strong>Vari\u00e9t\u00e9s de la philosophie de terrain<\/strong><\/em><\/p>\n\n\n\n<p>Sous la direction de Marion B\u00e9rard et Layla Ra\u00efd<\/p>\n<\/div><\/div>\n\n\n\n<p><\/p>\n\n\n\n<div class=\"wp-block-media-text alignwide is-stacked-on-mobile\" style=\"grid-template-columns:36% auto\"><figure class=\"wp-block-media-text__media\"><img alt=\"\" loading=\"lazy\" decoding=\"async\" width=\"683\" height=\"1024\" src=\"https:\/\/wp.unil.ch\/acontrario\/files\/2023\/09\/ACO_34_vignette_couv_96-683x1024.jpg\" alt=\"\" class=\"wp-image-283 size-full\" srcset=\"https:\/\/wp.unil.ch\/acontrario\/files\/2023\/09\/ACO_34_vignette_couv_96-683x1024.jpg 683w, https:\/\/wp.unil.ch\/acontrario\/files\/2023\/09\/ACO_34_vignette_couv_96-200x300.jpg 200w, https:\/\/wp.unil.ch\/acontrario\/files\/2023\/09\/ACO_34_vignette_couv_96-768x1152.jpg 768w, https:\/\/wp.unil.ch\/acontrario\/files\/2023\/09\/ACO_34_vignette_couv_96.jpg 800w\" sizes=\"auto, (max-width: 683px) 100vw, 683px\" \/><\/figure><div class=\"wp-block-media-text__content\">\n<p><\/p>\n\n\n\n<p><a href=\"https:\/\/shs.cairn.info\/revue-a-contrario-2023-1?lang=fr\"><strong><em>a contrario <\/em>34<\/strong><\/a><\/p>\n\n\n\n<p><em><strong>R\u00e9sister en d\u00e9mocratie<\/strong><\/em><\/p>\n\n\n\n<p>Sous la direction de Julie Lang, Micha\u00ebl Cordey et Sacha Auderset<\/p>\n\n\n\n<hr class=\"wp-block-separator has-alpha-channel-opacity is-style-wide\" \/>\n\n\n\n<p style=\"font-size:15px\"><strong><em>Forum de lecture \u2013 <\/em>Voix de l&rsquo;ordinaire <em>de Veena Das<\/em><\/strong><\/p>\n\n\n\n<p style=\"font-size:15px\">Coordonn\u00e9 par Marco Motta<\/p>\n<\/div><\/div>\n\n\n\n<p><\/p>\n\n\n\n<div class=\"wp-block-media-text alignwide is-stacked-on-mobile\" style=\"grid-template-columns:36% auto\"><figure class=\"wp-block-media-text__media\"><img alt=\"\" loading=\"lazy\" decoding=\"async\" width=\"683\" height=\"1024\" src=\"https:\/\/wp.unil.ch\/acontrario\/files\/2023\/06\/ACO_33_vignette_couv_96-683x1024.jpg\" alt=\"\" class=\"wp-image-273 size-full\" srcset=\"https:\/\/wp.unil.ch\/acontrario\/files\/2023\/06\/ACO_33_vignette_couv_96-683x1024.jpg 683w, https:\/\/wp.unil.ch\/acontrario\/files\/2023\/06\/ACO_33_vignette_couv_96-200x300.jpg 200w, https:\/\/wp.unil.ch\/acontrario\/files\/2023\/06\/ACO_33_vignette_couv_96-768x1152.jpg 768w, https:\/\/wp.unil.ch\/acontrario\/files\/2023\/06\/ACO_33_vignette_couv_96.jpg 800w\" sizes=\"auto, (max-width: 683px) 100vw, 683px\" \/><\/figure><div class=\"wp-block-media-text__content\">\n<p><a href=\"https:\/\/www.cairn.info\/revue-a-contrario-2022-1.htm\"><strong><em>a contrario <\/em>33<\/strong><\/a><\/p>\n\n\n\n<p><em><strong>Nommer les lieux : perspectives crois\u00e9es sur le toponyme<\/strong><\/em><\/p>\n\n\n\n<p>Sous la direction de Lavinia Cairoli et Pauline Mettan<\/p>\n<\/div><\/div>\n\n\n\n<p><\/p>\n\n\n\n<div class=\"wp-block-media-text alignwide is-stacked-on-mobile\" style=\"grid-template-columns:36% auto\"><figure class=\"wp-block-media-text__media\"><img alt=\"\" loading=\"lazy\" decoding=\"async\" width=\"683\" height=\"1024\" src=\"https:\/\/wp.unil.ch\/acontrario\/files\/2023\/06\/ACO_32_vignette_couv-683x1024.jpg\" alt=\"\" class=\"wp-image-269 size-full\" srcset=\"https:\/\/wp.unil.ch\/acontrario\/files\/2023\/06\/ACO_32_vignette_couv-683x1024.jpg 683w, https:\/\/wp.unil.ch\/acontrario\/files\/2023\/06\/ACO_32_vignette_couv-200x300.jpg 200w, https:\/\/wp.unil.ch\/acontrario\/files\/2023\/06\/ACO_32_vignette_couv-768x1152.jpg 768w, https:\/\/wp.unil.ch\/acontrario\/files\/2023\/06\/ACO_32_vignette_couv.jpg 800w\" sizes=\"auto, (max-width: 683px) 100vw, 683px\" \/><\/figure><div class=\"wp-block-media-text__content\">\n<p><strong><a href=\"https:\/\/www.cairn.info\/revue-a-contrario-2021-2.htm\"><em>a contrario<\/em> 32<\/a><\/strong><\/p>\n\n\n\n<p><em><strong>Ha\u00efti : les vies \u00e0 pied d\u2019\u0153uvre<\/strong><\/em><\/p>\n\n\n\n<p>Sous la direction de Marco Motta et Basile Despland<\/p>\n<\/div><\/div>\n\n\n\n<p><\/p>\n\n\n\n<div class=\"wp-block-media-text alignwide is-stacked-on-mobile\" style=\"grid-template-columns:36% auto\"><figure class=\"wp-block-media-text__media\"><img alt=\"\" loading=\"lazy\" decoding=\"async\" width=\"683\" height=\"1024\" src=\"https:\/\/wp.unil.ch\/acontrario\/files\/2021\/09\/ACO_31_vignette_couv-683x1024.jpg\" alt=\"\" class=\"wp-image-231 size-full\" srcset=\"https:\/\/wp.unil.ch\/acontrario\/files\/2021\/09\/ACO_31_vignette_couv-683x1024.jpg 683w, https:\/\/wp.unil.ch\/acontrario\/files\/2021\/09\/ACO_31_vignette_couv-200x300.jpg 200w, https:\/\/wp.unil.ch\/acontrario\/files\/2021\/09\/ACO_31_vignette_couv-768x1152.jpg 768w, https:\/\/wp.unil.ch\/acontrario\/files\/2021\/09\/ACO_31_vignette_couv.jpg 800w\" sizes=\"auto, (max-width: 683px) 100vw, 683px\" \/><\/figure><div class=\"wp-block-media-text__content\">\n<p><a rel=\"noreferrer noopener\" href=\"https:\/\/www.cairn.info\/revue-a-contrario-2021-1.htm\" target=\"_blank\"><strong><em>a<\/em><\/strong><\/a><a rel=\"noreferrer noopener\" href=\"https:\/\/www.cairn.info\/revue-a-contrario-2021-1.htm\" target=\"_blank\"><strong><em> contrario<\/em> 31<\/strong><\/a><\/p>\n\n\n\n<p><em><strong>Apprendre \u00e0 lire les autres avec soin<\/strong><\/em><\/p>\n\n\n\n<p>Sous la direction d&rsquo;Yves Erard, Layla Ra\u00efd, Jos\u00e9phine Stebler<\/p>\n<\/div><\/div>\n\n\n\n<p><\/p>\n\n\n\n<p><\/p>\n\n\n\n<p><\/p>\n\n\n\n<div class=\"wp-block-media-text alignwide is-stacked-on-mobile\" style=\"grid-template-columns:36% auto\"><figure class=\"wp-block-media-text__media\"><img alt=\"\" loading=\"lazy\" decoding=\"async\" width=\"683\" height=\"1024\" src=\"https:\/\/wp.unil.ch\/acontrario\/files\/2021\/01\/be01e2dd-f73c-414b-8d61-cca50c38cf40-683x1024.jpg\" alt=\"\" class=\"wp-image-218 size-full\" srcset=\"https:\/\/wp.unil.ch\/acontrario\/files\/2021\/01\/be01e2dd-f73c-414b-8d61-cca50c38cf40-683x1024.jpg 683w, https:\/\/wp.unil.ch\/acontrario\/files\/2021\/01\/be01e2dd-f73c-414b-8d61-cca50c38cf40-200x300.jpg 200w, https:\/\/wp.unil.ch\/acontrario\/files\/2021\/01\/be01e2dd-f73c-414b-8d61-cca50c38cf40-768x1152.jpg 768w, https:\/\/wp.unil.ch\/acontrario\/files\/2021\/01\/be01e2dd-f73c-414b-8d61-cca50c38cf40-147x220.jpg 147w, https:\/\/wp.unil.ch\/acontrario\/files\/2021\/01\/be01e2dd-f73c-414b-8d61-cca50c38cf40.jpg 800w\" sizes=\"auto, (max-width: 683px) 100vw, 683px\" \/><\/figure><div class=\"wp-block-media-text__content\">\n<p><a rel=\"noreferrer noopener\" href=\"https:\/\/www.cairn.info\/revue-a-contrario-2020-1.htm\" target=\"_blank\"><strong><em>a contrario<\/em> 30<\/strong><\/a><\/p>\n\n\n\n<p><em><strong>Regards sur le t\u00e9moignage<\/strong><\/em><\/p>\n\n\n\n<p>Sous la direction de Jacob Lachat, Camille Schaer et Mathilde Zbaeren<\/p>\n<\/div><\/div>\n\n\n\n<p><\/p>\n\n\n\n<p><\/p>\n\n\n\n<p><\/p>\n\n\n\n<div class=\"wp-block-media-text alignwide is-stacked-on-mobile\" style=\"grid-template-columns:35% auto\"><figure class=\"wp-block-media-text__media\"><img alt=\"\" loading=\"lazy\" decoding=\"async\" width=\"683\" height=\"1024\" src=\"https:\/\/wp.unil.ch\/acontrario\/files\/2021\/01\/dcbd07b6-3c4d-47e2-8422-e3cdd636c1eb-683x1024.jpg\" alt=\"\" class=\"wp-image-219 size-full\" srcset=\"https:\/\/wp.unil.ch\/acontrario\/files\/2021\/01\/dcbd07b6-3c4d-47e2-8422-e3cdd636c1eb-683x1024.jpg 683w, https:\/\/wp.unil.ch\/acontrario\/files\/2021\/01\/dcbd07b6-3c4d-47e2-8422-e3cdd636c1eb-200x300.jpg 200w, https:\/\/wp.unil.ch\/acontrario\/files\/2021\/01\/dcbd07b6-3c4d-47e2-8422-e3cdd636c1eb-768x1152.jpg 768w, https:\/\/wp.unil.ch\/acontrario\/files\/2021\/01\/dcbd07b6-3c4d-47e2-8422-e3cdd636c1eb-147x220.jpg 147w, https:\/\/wp.unil.ch\/acontrario\/files\/2021\/01\/dcbd07b6-3c4d-47e2-8422-e3cdd636c1eb.jpg 800w\" sizes=\"auto, (max-width: 683px) 100vw, 683px\" \/><\/figure><div class=\"wp-block-media-text__content\">\n<p><a href=\"https:\/\/www.cairn.info\/revue-a-contrario-2019-2.htm\"><strong><em>a contrario<\/em> 29<\/strong><\/a><\/p>\n\n\n\n<p><strong><em>La guerre des drones<\/em><\/strong><\/p>\n\n\n\n<p>Sous la direction d&rsquo;Anne-Katrin Weber<\/p>\n<\/div><\/div>\n\n\n\n<p><\/p>\n\n\n\n<p><\/p>\n\n\n\n<div class=\"wp-block-media-text alignwide is-stacked-on-mobile\" style=\"grid-template-columns:35% auto\"><figure class=\"wp-block-media-text__media\"><img alt=\"\" loading=\"lazy\" decoding=\"async\" width=\"683\" height=\"1024\" src=\"https:\/\/wp.unil.ch\/acontrario\/files\/2021\/01\/4dbf6814-d8cf-4491-8202-f21c4de92ce3-683x1024.jpg\" alt=\"\" class=\"wp-image-221 size-full\" srcset=\"https:\/\/wp.unil.ch\/acontrario\/files\/2021\/01\/4dbf6814-d8cf-4491-8202-f21c4de92ce3-683x1024.jpg 683w, https:\/\/wp.unil.ch\/acontrario\/files\/2021\/01\/4dbf6814-d8cf-4491-8202-f21c4de92ce3-200x300.jpg 200w, https:\/\/wp.unil.ch\/acontrario\/files\/2021\/01\/4dbf6814-d8cf-4491-8202-f21c4de92ce3-768x1152.jpg 768w, https:\/\/wp.unil.ch\/acontrario\/files\/2021\/01\/4dbf6814-d8cf-4491-8202-f21c4de92ce3-147x220.jpg 147w, https:\/\/wp.unil.ch\/acontrario\/files\/2021\/01\/4dbf6814-d8cf-4491-8202-f21c4de92ce3.jpg 800w\" sizes=\"auto, (max-width: 683px) 100vw, 683px\" \/><\/figure><div class=\"wp-block-media-text__content\">\n<p><a href=\"https:\/\/www.cairn.info\/revue-a-contrario-2019-1.htm\"><em><strong>a contrario <\/strong><\/em><strong>28<\/strong><\/a><\/p>\n\n\n\n<p><em><strong>Trouver sa voix dans les mots des autres<\/strong><\/em><\/p>\n\n\n\n<p>Sous la direction de Sacha Auderset et Yves Erard<\/p>\n<\/div><\/div>\n\n\n\n<p><\/p>\n\n\n\n<p><\/p>\n\n\n\n<div class=\"wp-block-media-text alignwide is-stacked-on-mobile\" style=\"grid-template-columns:34% auto\"><figure class=\"wp-block-media-text__media\"><img alt=\"\" loading=\"lazy\" decoding=\"async\" width=\"683\" height=\"1024\" src=\"https:\/\/wp.unil.ch\/acontrario\/files\/2021\/09\/ACO_27_vignette_couv-683x1024.jpg\" alt=\"\" class=\"wp-image-227 size-full\" srcset=\"https:\/\/wp.unil.ch\/acontrario\/files\/2021\/09\/ACO_27_vignette_couv-683x1024.jpg 683w, https:\/\/wp.unil.ch\/acontrario\/files\/2021\/09\/ACO_27_vignette_couv-200x300.jpg 200w, https:\/\/wp.unil.ch\/acontrario\/files\/2021\/09\/ACO_27_vignette_couv-768x1152.jpg 768w, https:\/\/wp.unil.ch\/acontrario\/files\/2021\/09\/ACO_27_vignette_couv.jpg 800w\" sizes=\"auto, (max-width: 683px) 100vw, 683px\" \/><\/figure><div class=\"wp-block-media-text__content\">\n<p><strong><em><a href=\"https:\/\/www.cairn.info\/revue-a-contrario-2018-2.htm\">a contrario <\/a><\/em><a href=\"https:\/\/www.cairn.info\/revue-a-contrario-2018-1.htm\">27<\/a><\/strong><\/p>\n\n\n\n<p><strong><em>Ecrire en dialoguant<\/em><\/strong><\/p>\n\n\n\n<p>Sous la direction de Marie Caffari et Johanne Mohs<\/p>\n<\/div><\/div>\n\n\n\n<p><\/p>\n\n\n\n<p><\/p>\n\n\n\n<p><\/p>\n","protected":false},"excerpt":{"rendered":"<p>Tous les num\u00e9ros de la revue sont disponibles sur Cairn a contrario 38 Formes d\u2019exp\u00e9rience de la danse: entre lieux, m\u00e9dias et images Sous la direction de Lorena Ehrbar et &hellip; <\/p>\n","protected":false},"author":1001449,"featured_media":0,"parent":0,"menu_order":0,"comment_status":"closed","ping_status":"closed","template":"","meta":{"_seopress_robots_primary_cat":"","_seopress_titles_title":"","_seopress_titles_desc":"","_seopress_robots_index":"","footnotes":""},"class_list":["post-2","page","type-page","status-publish"],"_links":{"self":[{"href":"https:\/\/wp.unil.ch\/acontrario\/wp-json\/wp\/v2\/pages\/2","targetHints":{"allow":["GET"]}}],"collection":[{"href":"https:\/\/wp.unil.ch\/acontrario\/wp-json\/wp\/v2\/pages"}],"about":[{"href":"https:\/\/wp.unil.ch\/acontrario\/wp-json\/wp\/v2\/types\/page"}],"author":[{"embeddable":true,"href":"https:\/\/wp.unil.ch\/acontrario\/wp-json\/wp\/v2\/users\/1001449"}],"replies":[{"embeddable":true,"href":"https:\/\/wp.unil.ch\/acontrario\/wp-json\/wp\/v2\/comments?post=2"}],"version-history":[{"count":4,"href":"https:\/\/wp.unil.ch\/acontrario\/wp-json\/wp\/v2\/pages\/2\/revisions"}],"predecessor-version":[{"id":324,"href":"https:\/\/wp.unil.ch\/acontrario\/wp-json\/wp\/v2\/pages\/2\/revisions\/324"}],"wp:attachment":[{"href":"https:\/\/wp.unil.ch\/acontrario\/wp-json\/wp\/v2\/media?parent=2"}],"curies":[{"name":"wp","href":"https:\/\/api.w.org\/{rel}","templated":true}]}}