{"id":18,"date":"2017-07-31T19:16:09","date_gmt":"2017-07-31T17:16:09","guid":{"rendered":"http:\/\/wp.unil.ch\/acontrario\/?page_id=18"},"modified":"2025-08-27T09:10:22","modified_gmt":"2025-08-27T07:10:22","slug":"contact","status":"publish","type":"page","link":"https:\/\/wp.unil.ch\/acontrario\/contact\/","title":{"rendered":"contact"},"content":{"rendered":"\n<p>E-mail : <a href=\"mailto:acontrario@unil.ch\">acontrario at unil.ch<\/a><\/p>\n\n\n\n<p>Co-r\u00e9daction en chef :<br><a href=\"mailto:julie.lang@unil.ch\">Julie Lang<\/a> et <a href=\"mailto:mathilde.zbaeren@unil.ch\">Mathilde Zbaeren<\/a><\/p>\n\n\n\n<p>Editeur :<br><a href=\"https:\/\/www.bsnpress.com\/par-titre\/\">BSN Press<\/a><br>Giuseppe Merrone Editeur<br>Av. Beauregard 3<br>1007 Lausanne<\/p>\n\n\n\n<h2 class=\"wp-block-heading\">consignes pour les auteur\u00b7e\u00b7s<\/h2>\n\n\n\n<p>Les manuscrits sont \u00e0 envoyer sous format Word uniquement (.doc ou .docx) \u00e0 l&rsquo;adresse <a href=\"mailto:acontrario@unil.ch\">acontrario@unil.ch<\/a> (acontrario at unil.ch)<\/p>\n\n\n\n<p>Les textes correspondant \u00e0 la <a href=\"https:\/\/wp.unil.ch\/acontrario\/la-revue\/\">ligne \u00e9ditoriale<\/a> seront examin\u00e9s.<\/p>\n\n\n\n<p>Merci de mettre votre texte en forme en tenant compte des consignes de saisie, \u00e0 t\u00e9l\u00e9charger <a href=\"https:\/\/wp.unil.ch\/acontrario\/files\/2023\/08\/ACO_Conventions_20230814.pdf\">ici<\/a>.<\/p>\n","protected":false},"excerpt":{"rendered":"<p>E-mail : acontrario at unil.ch Co-r\u00e9daction en chef :Julie Lang et Mathilde Zbaeren Editeur :BSN PressGiuseppe Merrone EditeurAv. Beauregard 31007 Lausanne consignes pour les auteur\u00b7e\u00b7s Les manuscrits sont \u00e0 envoyer &hellip; <\/p>\n","protected":false},"author":1001449,"featured_media":0,"parent":0,"menu_order":4,"comment_status":"closed","ping_status":"closed","template":"","meta":{"_seopress_robots_primary_cat":"","_seopress_titles_title":"","_seopress_titles_desc":"","_seopress_robots_index":"","footnotes":""},"class_list":["post-18","page","type-page","status-publish"],"_links":{"self":[{"href":"https:\/\/wp.unil.ch\/acontrario\/wp-json\/wp\/v2\/pages\/18","targetHints":{"allow":["GET"]}}],"collection":[{"href":"https:\/\/wp.unil.ch\/acontrario\/wp-json\/wp\/v2\/pages"}],"about":[{"href":"https:\/\/wp.unil.ch\/acontrario\/wp-json\/wp\/v2\/types\/page"}],"author":[{"embeddable":true,"href":"https:\/\/wp.unil.ch\/acontrario\/wp-json\/wp\/v2\/users\/1001449"}],"replies":[{"embeddable":true,"href":"https:\/\/wp.unil.ch\/acontrario\/wp-json\/wp\/v2\/comments?post=18"}],"version-history":[{"count":3,"href":"https:\/\/wp.unil.ch\/acontrario\/wp-json\/wp\/v2\/pages\/18\/revisions"}],"predecessor-version":[{"id":317,"href":"https:\/\/wp.unil.ch\/acontrario\/wp-json\/wp\/v2\/pages\/18\/revisions\/317"}],"wp:attachment":[{"href":"https:\/\/wp.unil.ch\/acontrario\/wp-json\/wp\/v2\/media?parent=18"}],"curies":[{"name":"wp","href":"https:\/\/api.w.org\/{rel}","templated":true}]}}