{"id":838,"date":"2020-11-20T14:48:32","date_gmt":"2020-11-20T13:48:32","guid":{"rendered":"https:\/\/wp.unil.ch\/acissp\/?page_id=838"},"modified":"2025-10-13T08:24:52","modified_gmt":"2025-10-13T06:24:52","slug":"assemblee-generale","status":"publish","type":"page","link":"https:\/\/wp.unil.ch\/acissp\/documents-utiles\/assemblee-generale\/","title":{"rendered":"PV des Assembl\u00e9es G\u00e9n\u00e9rales"},"content":{"rendered":"\n<p>Sur cette page, vous trouverez les PV des Assembl\u00e9es G\u00e9n\u00e9rales de l&rsquo;ACISSP<\/p>\n\n\n\n<p><a href=\"https:\/\/wp.unil.ch\/acissp\/files\/2025\/10\/2024_pv-ag-2024.pdf\">PV AG 2024<\/a><\/p>\n\n\n\n<p><a href=\"https:\/\/wp.unil.ch\/acissp\/files\/2025\/10\/2023_pv-ag.pdf\">PV AG 2023<\/a><\/p>\n\n\n\n<p><a href=\"https:\/\/wp.unil.ch\/acissp\/files\/2022\/09\/AG-extraordinaire-ACISSP_02.06.2022.pdf\">PV AG extraordinaire du 02.06.2022<\/a><\/p>\n\n\n\n<p><a href=\"https:\/\/wp.unil.ch\/acissp\/files\/2022\/03\/PV-AG-ACISSP-011121.pdf\">PV AG 2021<\/a><\/p>\n\n\n\n<p><a href=\"https:\/\/wp.unil.ch\/acissp\/files\/2020\/12\/PV-AG-extraordinaire-26.11.2020.pdf\" data-type=\"URL\" data-id=\"https:\/\/wp.unil.ch\/acissp\/files\/2020\/12\/PV-AG-extraordinaire-26.11.2020.pdf\">PV AG extraordinaire du 26.11.2020<\/a><\/p>\n\n\n\n<p><a href=\"https:\/\/wp.unil.ch\/acissp\/files\/2020\/10\/PV-AG-ACISSP-2020-1.pdf\">PV AG 2020<\/a><\/p>\n\n\n\n<p><a href=\"https:\/\/wp.unil.ch\/acissp\/files\/2019\/11\/PV-AG-ACISSP-2019.pdf\">PV AG 2019<\/a><\/p>\n\n\n\n<p><a href=\"https:\/\/wp.unil.ch\/acissp\/files\/2014\/09\/AG-ACISSP-2018-%E2%80%93-PV.pdf\">PV AG 2018<\/a><\/p>\n\n\n\n<p><a href=\"https:\/\/wp.unil.ch\/acissp\/files\/2014\/09\/compte-rendu.pdf\">PV AG 2016<\/a><\/p>\n\n\n\n<p><a href=\"https:\/\/wp.unil.ch\/acissp\/files\/2011\/04\/PV-AG-16.09.14-1.pdf\">PV AG 2014<\/a><\/p>\n\n\n\n<p><a href=\"https:\/\/wp.unil.ch\/acissp\/files\/2014\/09\/PV-AG-extraordinaire-19.11.13.pdf\">PV AG extraordinaire du 19.11.13<\/a><\/p>\n\n\n\n<p><a href=\"https:\/\/wp.unil.ch\/acissp\/files\/2014\/09\/PV.AG-ordinaire-ACISSP-1er-oct-2013.pdf\">PV AG 2013<\/a><\/p>\n\n\n\n<p><a href=\"https:\/\/wp.unil.ch\/acissp\/files\/2013\/09\/AG-ACISSP-2012.pdf\">PV AG 2012<\/a><\/p>\n\n\n\n<p><a href=\"https:\/\/wp.unil.ch\/acissp\/files\/2011\/03\/PV_AG_20102.pdf\">PV AG 2010<\/a><br><\/p>\n","protected":false},"excerpt":{"rendered":"<p>Sur cette page, vous trouverez les PV des Assembl\u00e9es G\u00e9n\u00e9rales de l&rsquo;ACISSP PV AG 2024 PV AG 2023 PV AG extraordinaire du 02.06.2022 PV AG 2021 PV AG&hellip;<\/p>\n","protected":false},"author":1002018,"featured_media":0,"parent":61,"menu_order":1,"comment_status":"closed","ping_status":"closed","template":"template-full-width.php","meta":{"_seopress_robots_primary_cat":"","_seopress_titles_title":"","_seopress_titles_desc":"","_seopress_robots_index":"","footnotes":""},"class_list":["post-838","page","type-page","status-publish","has-post-thumbnail"],"_links":{"self":[{"href":"https:\/\/wp.unil.ch\/acissp\/wp-json\/wp\/v2\/pages\/838","targetHints":{"allow":["GET"]}}],"collection":[{"href":"https:\/\/wp.unil.ch\/acissp\/wp-json\/wp\/v2\/pages"}],"about":[{"href":"https:\/\/wp.unil.ch\/acissp\/wp-json\/wp\/v2\/types\/page"}],"author":[{"embeddable":true,"href":"https:\/\/wp.unil.ch\/acissp\/wp-json\/wp\/v2\/users\/1002018"}],"replies":[{"embeddable":true,"href":"https:\/\/wp.unil.ch\/acissp\/wp-json\/wp\/v2\/comments?post=838"}],"version-history":[{"count":4,"href":"https:\/\/wp.unil.ch\/acissp\/wp-json\/wp\/v2\/pages\/838\/revisions"}],"predecessor-version":[{"id":1138,"href":"https:\/\/wp.unil.ch\/acissp\/wp-json\/wp\/v2\/pages\/838\/revisions\/1138"}],"up":[{"embeddable":true,"href":"https:\/\/wp.unil.ch\/acissp\/wp-json\/wp\/v2\/pages\/61"}],"wp:attachment":[{"href":"https:\/\/wp.unil.ch\/acissp\/wp-json\/wp\/v2\/media?parent=838"}],"curies":[{"name":"wp","href":"https:\/\/api.w.org\/{rel}","templated":true}]}}