{"id":61,"date":"2011-04-15T13:21:41","date_gmt":"2011-04-15T11:21:41","guid":{"rendered":"http:\/\/wp.unil.ch\/acissp\/?page_id=61"},"modified":"2025-10-06T13:25:49","modified_gmt":"2025-10-06T11:25:49","slug":"documents-utiles","status":"publish","type":"page","link":"https:\/\/wp.unil.ch\/acissp\/documents-utiles\/","title":{"rendered":"Documents et liens utiles"},"content":{"rendered":"\n<p>Sur cette page, vous trouverez les documents officiels relatifs \u00e0 l&rsquo;ACISSP ainsi que des informations et liens qui vous seront utiles en tant que membres du Corps Interm\u00e9diaire de la facult\u00e9 des Sciences Sociales et Politiques: les prises de position sur des affaires trait\u00e9es par l&rsquo;association, des r\u00e8glements importants ainsi que des guides internes au CI.<\/p>\n\n\n\n<h3 class=\"wp-block-heading\">Documents officiels relatifs \u00e0 l&rsquo;ACISSP <\/h3>\n\n\n\n<ul class=\"wp-block-list\">\n<li><a href=\"https:\/\/wp.unil.ch\/acissp\/files\/2016\/09\/Statuts_ACISSP_13.10.15.pdf\">Statuts de l&rsquo;association<\/a> (2015)<\/li>\n\n\n\n<li><a href=\"https:\/\/wp.unil.ch\/acissp\/files\/2012\/02\/ACISSP-guide-commissions1.pdf\">Guide pour les repr\u00e9sentant.e.s CI dans les Commissions de nomination<\/a><\/li>\n\n\n\n<li><a href=\"https:\/\/wp.unil.ch\/acissp\/documents-utiles\/comptes-rendus-du-conseil-de-faculte\/\">Comptes rendus du Conseil de Facult\u00e9<\/a><\/li>\n\n\n\n<li><a href=\"https:\/\/wp.unil.ch\/acissp\/documents-utiles\/assemblee-generale\/\">PV des Assembl\u00e9es G\u00e9n\u00e9rales<\/a><\/li>\n<\/ul>\n\n\n\n<h3 class=\"wp-block-heading\">R\u00e8glements<\/h3>\n\n\n\n<ul class=\"wp-block-list\">\n<li><a href=\"https:\/\/wp.unil.ch\/acissp\/files\/2011\/04\/regl_assistants_UNIL.pdf\">R\u00e8glement Assistant.e.s \u00e0 l&rsquo;UNIL<\/a> ou <a href=\"https:\/\/www.lexfind.ch\/fe\/it\/tol\/18983\/versions\/96218\/fr\">lexfind<\/a><\/li>\n\n\n\n<li><a href=\"https:\/\/www.unil.ch\/files\/live\/sites\/ssp\/files\/shared\/reglements\/Reglement_doctorat.pdf\">R\u00e8glement doctorat SSP<\/a><\/li>\n<\/ul>\n\n\n\n<h3 class=\"wp-block-heading\">Liens utiles<\/h3>\n\n\n\n<ul class=\"wp-block-list\">\n<li><a href=\"https:\/\/www.unil.ch\/ssp\/fr\/home\/ressources\/espaces\/espace-collaborateur-trices.html\">Intranet de la Fac<\/a><\/li>\n\n\n\n<li><a href=\"https:\/\/www.unil.ch\/acidul\">Association du Corps Interm\u00e9diaire et des Doctorants de l&rsquo;Universit\u00e9 de Lausanne \u2013 ACIDUL<\/a><\/li>\n\n\n\n<li><a href=\"https:\/\/www.unil.ch\/unil\/fr\/home\/menuinst\/universite\/organisation-universite\/unites-et-services\/graduate-campus.html\">Graduate Campus<\/a><\/li>\n\n\n\n<li><a href=\"https:\/\/www.unil.ch\/unil\/fr\/home\/menuinst\/campus\/aides-et-soutiens\/aide-unil.html\">Aide UNIL<\/a><\/li>\n<\/ul>\n\n\n\n<p><\/p>\n","protected":false},"excerpt":{"rendered":"<p>Sur cette page, vous trouverez les documents officiels relatifs \u00e0 l&rsquo;ACISSP ainsi que des informations et liens qui vous seront utiles en tant que membres du Corps Interm\u00e9diaire&hellip;<\/p>\n","protected":false},"author":1001141,"featured_media":0,"parent":0,"menu_order":5,"comment_status":"closed","ping_status":"closed","template":"template-full-width.php","meta":{"_seopress_robots_primary_cat":"","_seopress_titles_title":"","_seopress_titles_desc":"","_seopress_robots_index":"","footnotes":""},"class_list":["post-61","page","type-page","status-publish","has-post-thumbnail"],"_links":{"self":[{"href":"https:\/\/wp.unil.ch\/acissp\/wp-json\/wp\/v2\/pages\/61","targetHints":{"allow":["GET"]}}],"collection":[{"href":"https:\/\/wp.unil.ch\/acissp\/wp-json\/wp\/v2\/pages"}],"about":[{"href":"https:\/\/wp.unil.ch\/acissp\/wp-json\/wp\/v2\/types\/page"}],"author":[{"embeddable":true,"href":"https:\/\/wp.unil.ch\/acissp\/wp-json\/wp\/v2\/users\/1001141"}],"replies":[{"embeddable":true,"href":"https:\/\/wp.unil.ch\/acissp\/wp-json\/wp\/v2\/comments?post=61"}],"version-history":[{"count":5,"href":"https:\/\/wp.unil.ch\/acissp\/wp-json\/wp\/v2\/pages\/61\/revisions"}],"predecessor-version":[{"id":1126,"href":"https:\/\/wp.unil.ch\/acissp\/wp-json\/wp\/v2\/pages\/61\/revisions\/1126"}],"wp:attachment":[{"href":"https:\/\/wp.unil.ch\/acissp\/wp-json\/wp\/v2\/media?parent=61"}],"curies":[{"name":"wp","href":"https:\/\/api.w.org\/{rel}","templated":true}]}}