{"id":33,"date":"2011-03-07T13:36:47","date_gmt":"2011-03-07T12:36:47","guid":{"rendered":"http:\/\/wp.unil.ch\/acissp\/"},"modified":"2025-10-03T17:13:46","modified_gmt":"2025-10-03T15:13:46","slug":"accueil","status":"publish","type":"page","link":"https:\/\/wp.unil.ch\/acissp\/","title":{"rendered":"Association du Corps Interm\u00e9diaire de la facult\u00e9 des SSP de l&rsquo;UNIL"},"content":{"rendered":"\n<p>L&rsquo;ACISSP (Association du Corps Interm\u00e9diaire de la facult\u00e9 des Sciences Sociales et Politiques) vous repr\u00e9sente et d\u00e9fend vos droits au sein de l&rsquo;Universit\u00e9 de Lausanne depuis 2010.<\/p>\n\n\n\n<h2 class=\"wp-block-heading\">Pourquoi nous existons ?<\/h2>\n\n\n\n<p>Vous \u00eates doctorant\u00b7e, assistant\u00b7e ou enseignant\u00b7e-chercheur\u00b7euse ? Vous avez une voix qui compte dans les d\u00e9cisions universitaires. Notre mission : organiser, d\u00e9fendre et promouvoir vos int\u00e9r\u00eats dans les multiples instances de la facult\u00e9.<\/p>\n\n\n\n<p>Concr\u00e8tement, nous :<\/p>\n\n\n\n<ul class=\"wp-block-list\">\n<li>Vous repr\u00e9sentons dans les conseils et commissions<\/li>\n\n\n\n<li>R\u00e9pondons \u00e0 vos questions sur le fonctionnement institutionnel<\/li>\n\n\n\n<li>Servons de m\u00e9diation entre vous et le d\u00e9canat<\/li>\n\n\n\n<li>Portons vos pr\u00e9occupations aupr\u00e8s des instances d\u00e9cisionnelles<\/li>\n\n\n\n<li>Vous conseillons sur vos conditions de travail<\/li>\n<\/ul>\n\n\n\n<h2 class=\"wp-block-heading\">Qui peut en faire partie ?<\/h2>\n\n\n\n<p><strong>Bonne nouvelle : si vous travaillez \u00e0 la facult\u00e9 SSP, vous \u00eates d\u00e9j\u00e0 membre !<\/strong><\/p>\n\n\n\n<p>Sont automatiquement membres :<\/p>\n\n\n\n<ul class=\"wp-block-list\">\n<li>Les assistant\u00b7e\u00b7s \u00e9tudiant\u00b7e\u00b7s <\/li>\n\n\n\n<li>Les assistant\u00b7e\u00b7s dipl\u00f4m\u00e9\u00b7e\u00b7s <\/li>\n\n\n\n<li>Les premier\u00b7e\u00b7s assistant\u00b7e\u00b7s <\/li>\n\n\n\n<li>Les Ma\u00eetre\u00b7esse\u00b7s Assistant\u00b7e\u00b7s <\/li>\n\n\n\n<li>Les Ma\u00eetre\u00b7esse\u00b7s d&rsquo;enseignement et de recherche (MER) <\/li>\n\n\n\n<li>Tou\u00b7te\u00b7s les doctorant\u00b7e\u00b7s rattach\u00e9\u00b7e\u00b7s \u00e0 la facult\u00e9 (FNS, externes, etc.)<\/li>\n<\/ul>\n\n\n\n<h2 class=\"wp-block-heading\">Comment nous nous organisons<\/h2>\n\n\n\n<h3 class=\"wp-block-heading\"><strong>L&rsquo;Assembl\u00e9e G\u00e9n\u00e9rale<\/strong><\/h3>\n\n\n\n<p>Une fois par an, \u00e0 la rentr\u00e9e acad\u00e9mique, nous nous r\u00e9unissons pour \u00e9lire le comit\u00e9 et d\u00e9cider des orientations. C&rsquo;est votre moment pour influencer nos actions !<\/p>\n\n\n\n<h3 class=\"wp-block-heading\"><strong>Le Comit\u00e9<\/strong><\/h3>\n\n\n\n<p>Compos\u00e9 d&rsquo;au minimum 4 personnes repr\u00e9sentant id\u00e9alement tous les instituts et les statuts. Actuellement :<\/p>\n\n\n\n<p><a href=\"https:\/\/www.unil.ch\/iss\/fr\/home\/menuinst\/membres.html?url_params=-v_faculte=40-v_unite=235-v_personne=1193656-mode=fiche&amp;pubsIdParam=f9fa7affe0474f50b62fbd148da58652\" data-type=\"link\" data-id=\"https:\/\/www.unil.ch\/iss\/fr\/home\/menuinst\/membres.html?url_params=-v_faculte=40-v_unite=235-v_personne=1193656-mode=fiche&amp;pubsIdParam=f9fa7affe0474f50b62fbd148da58652\">Bornet Guillaume<\/a> &#8211; assistant dipl\u00f4m\u00e9 \u00e0 l&rsquo;ISS<br><a href=\"https:\/\/applicationspub.unil.ch\/interpub\/noauth\/php\/Un\/UnPers.php?PerNum=1242327&amp;LanCode=37\">H\u00e9meury Lucie<\/a> &#8211; premi\u00e8re assistante \u00e0 l&rsquo;ISSUL <br><a href=\"https:\/\/applicationspub.unil.ch\/interpub\/noauth\/php\/Un\/UnPers.php?PerNum=1265377&amp;LanCode=8&amp;menu=coord\">Keller Flavia<\/a> &#8211; doctorante \u00e0 l&rsquo;IEP<br><a href=\"https:\/\/www.unil.ch\/iep\/fr\/home\/menuinst\/membres.html?url_params=-v_faculte=40-v_unite=137-v_personne=1246339-mode=fiche&amp;pubsIdParam=578d3aca67674aab85aca2fc7ef4834f\" data-type=\"link\" data-id=\"https:\/\/www.unil.ch\/iep\/fr\/home\/menuinst\/membres.html?url_params=-v_faculte=40-v_unite=137-v_personne=1246339-mode=fiche&amp;pubsIdParam=578d3aca67674aab85aca2fc7ef4834f\">Lenci Nicolas<\/a> &#8211; assistant dipl\u00f4m\u00e9 \u00e0 l&rsquo;IEP <br><a href=\"https:\/\/applicationspub.unil.ch\/interpub\/noauth\/php\/Un\/UnPers.php?PerNum=1184589&amp;LanCode=37&amp;menu=coord\">Michoud Chlo\u00e9<\/a> &#8211; assistante dipl\u00f4m\u00e9e \u00e0 l&rsquo;IP<br><a href=\"https:\/\/applicationspub.unil.ch\/interpub\/noauth\/php\/Un\/UnPers.php?PerNum=1253802&amp;LanCode=37\">M\u00fcller Maia <\/a>&#8211; doctorante FNS \u00e0 l&rsquo;IEP<\/p>\n\n\n\n<p><strong>Nous recherchons actuellement un\u00b7e MER pour rejoindre le comit\u00e9.<\/strong><\/p>\n\n\n\n<h2 class=\"wp-block-heading\"><strong>Quand et comment nous contacter ?<\/strong><\/h2>\n\n\n\n<p>Vous avez :<\/p>\n\n\n\n<ul class=\"wp-block-list\">\n<li>Des questions sur le fonctionnement de la facult\u00e9 ?<\/li>\n\n\n\n<li>Un probl\u00e8me dans votre travail ?<\/li>\n\n\n\n<li>Des propositions d&rsquo;am\u00e9lioration ?<\/li>\n\n\n\n<li>Envie de nous rejoindre ?<\/li>\n<\/ul>\n\n\n\n<p>Contactez-nous : <a href=\"mailto:ci.ssp@unil.ch\" target=\"_blank\" rel=\"noopener noreferrer\">ci.ssp@unil.ch<\/a><\/p>\n\n\n\n<p>Nous sommes l\u00e0 pour vous accompagner et faire entendre votre voix !<\/p>\n\n\n\n<h2 class=\"wp-block-heading\">Documents utiles<\/h2>\n\n\n\n<p><a href=\"https:\/\/wp.unil.ch\/acissp\/files\/2016\/09\/Statuts_ACISSP_13.10.15.pdf\">Statuts de l&rsquo;Association<\/a> (vot\u00e9s le 13 octobre 2015)<\/p>\n\n\n\n<p>&nbsp;<\/p>\n\n\n\n<div class=\"wp-block-group has-light-background-background-color has-background\"><div class=\"wp-block-group__inner-container is-layout-constrained wp-block-group-is-layout-constrained\">\n<h2 class=\"wp-block-heading\">Notre derni\u00e8re actualit\u00e9<\/h2>\n\n\n<ul class=\"wp-block-latest-posts__list is-grid columns-2 has-dates wp-block-latest-posts\"><li><div class=\"wp-block-latest-posts__featured-image\"><a href=\"https:\/\/wp.unil.ch\/acissp\/2025\/11\/compte-rendu-du-conseil-de-faculte\/\" aria-label=\"Compte rendu du Conseil de Facult\u00e9\"><img decoding=\"async\" src=\"https:\/\/wp.unil.ch\/acissp\/files\/2024\/02\/books-4158244_1280.jpg\" class=\"fallback-featured-image\" \/><\/a><\/div><a class=\"wp-block-latest-posts__post-title\" href=\"https:\/\/wp.unil.ch\/acissp\/2025\/11\/compte-rendu-du-conseil-de-faculte\/\">Compte rendu du Conseil de Facult\u00e9<\/a><time datetime=\"2025-11-13T17:09:18+01:00\" class=\"wp-block-latest-posts__post-date\">13 novembre 2025<\/time><\/li>\n<\/ul>\n\n\n<p><a href=\"https:\/\/wp.unil.ch\/acissp\/dernieres-actualites\/\" data-type=\"page\" data-id=\"1051\">Toutes nos actualit\u00e9s<\/a><\/p>\n<\/div><\/div>\n","protected":false},"excerpt":{"rendered":"<p>L&rsquo;ACISSP (Association du Corps Interm\u00e9diaire de la facult\u00e9 des Sciences Sociales et Politiques) vous repr\u00e9sente et d\u00e9fend vos droits au sein de l&rsquo;Universit\u00e9 de Lausanne depuis 2010. Pourquoi&hellip;<\/p>\n","protected":false},"author":108,"featured_media":1115,"parent":0,"menu_order":0,"comment_status":"closed","ping_status":"closed","template":"template-full-width-cover.php","meta":{"_seopress_robots_primary_cat":"","_seopress_titles_title":"","_seopress_titles_desc":"","_seopress_robots_index":"","footnotes":""},"class_list":["post-33","page","type-page","status-publish","has-post-thumbnail"],"_links":{"self":[{"href":"https:\/\/wp.unil.ch\/acissp\/wp-json\/wp\/v2\/pages\/33","targetHints":{"allow":["GET"]}}],"collection":[{"href":"https:\/\/wp.unil.ch\/acissp\/wp-json\/wp\/v2\/pages"}],"about":[{"href":"https:\/\/wp.unil.ch\/acissp\/wp-json\/wp\/v2\/types\/page"}],"author":[{"embeddable":true,"href":"https:\/\/wp.unil.ch\/acissp\/wp-json\/wp\/v2\/users\/108"}],"replies":[{"embeddable":true,"href":"https:\/\/wp.unil.ch\/acissp\/wp-json\/wp\/v2\/comments?post=33"}],"version-history":[{"count":5,"href":"https:\/\/wp.unil.ch\/acissp\/wp-json\/wp\/v2\/pages\/33\/revisions"}],"predecessor-version":[{"id":1109,"href":"https:\/\/wp.unil.ch\/acissp\/wp-json\/wp\/v2\/pages\/33\/revisions\/1109"}],"wp:featuredmedia":[{"embeddable":true,"href":"https:\/\/wp.unil.ch\/acissp\/wp-json\/wp\/v2\/media\/1115"}],"wp:attachment":[{"href":"https:\/\/wp.unil.ch\/acissp\/wp-json\/wp\/v2\/media?parent=33"}],"curies":[{"name":"wp","href":"https:\/\/api.w.org\/{rel}","templated":true}]}}