{"id":10,"date":"2014-09-07T13:30:33","date_gmt":"2014-09-07T11:30:33","guid":{"rendered":"http:\/\/wp.unil.ch\/acissp\/"},"modified":"2025-12-11T14:56:55","modified_gmt":"2025-12-11T13:56:55","slug":"representation","status":"publish","type":"page","link":"https:\/\/wp.unil.ch\/acissp\/representation\/","title":{"rendered":"Repr\u00e9sentation"},"content":{"rendered":"\n<h2 class=\"wp-block-heading\">Pourquoi c&rsquo;est important ?<\/h2>\n\n\n\n<p>En tant qu&rsquo;enseignant\u00b7e\u00b7s-chercheur\u00b7euse\u00b7s, assistant\u00b7e\u00b7s et doctorant\u00b7e\u00b7s, nous participons aux d\u00e9cisions qui fa\u00e7onnent notre facult\u00e9. Notre voix compte dans les choix p\u00e9dagogiques, les recrutements, l&rsquo;organisation de la recherche et bien d&rsquo;autres aspects de la vie universitaire.<\/p>\n\n\n\n<h2 class=\"wp-block-heading\">Comment \u00e7a marche ?<\/h2>\n\n\n\n<p>La facult\u00e9 fonctionne comme une d\u00e9mocratie : diff\u00e9rents conseils et commissions prennent des d\u00e9cisions importantes, et nous y sommes repr\u00e9sent\u00e9s pour d\u00e9fendre nos int\u00e9r\u00eats.<\/p>\n\n\n\n<figure class=\"wp-block-image size-large\"><a href=\"https:\/\/wp.unil.ch\/acissp\/files\/2025\/10\/organisation_unil_fac-e1759506074193.png\"><img loading=\"lazy\" decoding=\"async\" width=\"1024\" height=\"445\" src=\"https:\/\/wp.unil.ch\/acissp\/files\/2025\/10\/organisation_unil_fac-e1759506074193-1024x445.png\" alt=\"organisation unil fac\" class=\"wp-image-1118\" srcset=\"https:\/\/wp.unil.ch\/acissp\/files\/2025\/10\/organisation_unil_fac-e1759506074193-1024x445.png 1024w, https:\/\/wp.unil.ch\/acissp\/files\/2025\/10\/organisation_unil_fac-e1759506074193-300x130.png 300w, https:\/\/wp.unil.ch\/acissp\/files\/2025\/10\/organisation_unil_fac-e1759506074193-768x334.png 768w, https:\/\/wp.unil.ch\/acissp\/files\/2025\/10\/organisation_unil_fac-e1759506074193-540x235.png 540w, https:\/\/wp.unil.ch\/acissp\/files\/2025\/10\/organisation_unil_fac-e1759506074193.png 1059w\" sizes=\"auto, (max-width: 1024px) 100vw, 1024px\" \/><\/a><figcaption class=\"wp-element-caption\">Organisation UNIL &#8211; Fac<\/figcaption><\/figure>\n\n\n\n<p><strong>Le Conseil de Facult\u00e9<\/strong>. C&rsquo;est un peu le \u00ab\u00a0parlement\u00a0\u00bb de notre facult\u00e9. Il prend les grandes d\u00e9cisions sur l&rsquo;avenir de la facult\u00e9 et de ses membres.<\/p>\n\n\n\n<p><strong>Les Conseils d&rsquo;Instituts<\/strong>. Chaque institut (sciences politiques, sciences sociales, psychologie, sciences du sport) a son propre conseil pour les d\u00e9cisions plus sp\u00e9cifiques.<\/p>\n\n\n\n<p><strong>Les Commissions permanentes et temporaires<\/strong>. Elles s&rsquo;occupent de sujets pr\u00e9cis : enseignement, recherche, recrutements, etc.<\/p>\n\n\n\n<p class=\"has-border-background-color has-background\"><br><a href=\"https:\/\/wp.unil.ch\/acissp\/files\/2025\/12\/acissp_guide_commission_nomination_2025.pdf\">Guide pour les repr\u00e9sentant\u00b7e\u00b7s CI dans les Commissions de nomination<\/a><\/p>\n\n\n\n<details class=\"wp-block-details is-layout-flow wp-block-details-is-layout-flow\"><summary><strong>Repr\u00e9sentant\u00b7e\u00b7s du Corps Interm\u00e9diaire dans les Conseils et Commissions de la Facult\u00e9<\/strong><\/summary>\n<p><strong>Repr\u00e9sentation du Corps interm\u00e9diaire (8 repr\u00e9sentant\u00b7es et 3 suppl\u00e9ant\u00b7es) au Conseil de Facult\u00e9<\/strong><\/p>\n\n\n\n<ul class=\"wp-block-list\">\n<li>Fran\u00e7ois Allisson (MER, IEP)<\/li>\n\n\n\n<li>Maria Bach, (Premi\u00e8re assistante, IEP)<\/li>\n\n\n\n<li>Mathilde De Aragao (Assistante dipl\u00f4m\u00e9e, IEP)<\/li>\n\n\n\n<li>Ghaliya Djelloul (Premi\u00e8re assistante, ISS)<\/li>\n\n\n\n<li>Lucie H\u00e9meury (Premi\u00e8re assistante, ISSUL)<\/li>\n\n\n\n<li>Cinzia Zanetti (Premi\u00e8re assistante, IP)<\/li>\n\n\n\n<li>\u200eThierry Bobst (Assistant dipl\u00f4m\u00e9, IP)<\/li>\n\n\n\n<li>Manon Chollet (Assistante dipl\u00f4m\u00e9e, ISS)<\/li>\n<\/ul>\n\n\n\n<p><strong>Suppl\u00e9ant\u00b7e\u00b7s: <\/strong><\/p>\n\n\n\n<ul class=\"wp-block-list\">\n<li>Ga\u00eblle Fillettaz (Assistante dipl\u00f4m\u00e9e, IP)<\/li>\n\n\n\n<li>\u200eLavinia Gianettoni&nbsp;(MER, ISS)<\/li>\n\n\n\n<li>\u200eCarlos G\u00f3mez G\u00f3nzalez&nbsp;(MER, ISSUL)<\/li>\n<\/ul>\n\n\n\n<p><strong>Repr\u00e9sentant\u00b7e au Conseil de l&rsquo;Universit\u00e9<br><\/strong>Pierre-Emmanuel Sorignet, Ma\u00eetre d\u2019enseignement et de recherche, ISS<\/p>\n\n\n\n<p><strong><strong>Repr\u00e9sentant\u00b7e<\/strong>\u00b7s \u00e0 la Commission de planification de la Facult\u00e9<br><\/strong>Debrot Anick, Ma\u00eetre d&rsquo;enseignement et de recherche, IP<br>Riom Lo\u00efc, Premier assistant, ISS<\/p>\n\n\n\n<p><strong><strong>Repr\u00e9sentant\u00b7e<\/strong> \u00e0 la Commission facultaire de promotion (CFP)<br><\/strong>Vacat<\/p>\n\n\n\n<p><strong><strong>Repr\u00e9sentant\u00b7e<\/strong> \u00e0 la Commission d&rsquo;admission<br><\/strong>Antonini-Philippe Roberta, Ma\u00eetre d&rsquo;enseignement et de recherche, ISSUL<\/p>\n\n\n\n<p><strong><strong>Repr\u00e9sentant\u00b7e<\/strong> \u00e0 la Commission de l&rsquo;enseignement de Facult\u00e9<br><\/strong>Eichenberger Pierre, Ma\u00eetre d\u2019enseignement et de recherche, IEP<\/p>\n\n\n\n<p><strong><strong>Repr\u00e9sentant\u00b7e<\/strong>\u00b7s \u00e0 la Commission de l&rsquo;enseignement de la fili\u00e8re de psychologie<br><\/strong>1) Franzoni Amandine, Assistante dipl\u00f4m\u00e9e, IP<br>2) Frackowiak Michal, Premier Assistant, IP<br>3) Gale Jessica, Premi\u00e8re Assistante, IP<\/p>\n\n\n\n<p><strong><strong>Repr\u00e9sentant\u00b7e<\/strong>\u00b7s \u00e0 la Commission de l&rsquo;enseignement de la fili\u00e8re de sciences sociales<br><\/strong>1) Bornet Guillaume, Assistant dipl\u00f4m\u00e9, ISS<br>2) Girardier Valentine, Assistante dipl\u00f4m\u00e9e, ISS<br>3) Strebel Rebecca, Assistante dipl\u00f4m\u00e9e, ISS<\/p>\n\n\n\n<p><strong><strong>Repr\u00e9sentant\u00b7e<\/strong>\u00b7s \u00e0 la Commission de l&rsquo;enseignement de la fili\u00e8re de sciences politiques<\/strong><br>1) Constantin Tamara, Assistante dipl\u00f4m\u00e9e, IEP<br>2) Vacat<br>3) Vacat<\/p>\n\n\n\n<p><strong><strong>Repr\u00e9sentant\u00b7e<\/strong>\u00b7s \u00e0 la Commission de l&rsquo;enseignement de la fili\u00e8re de sciences du sport<br><\/strong>1) H\u00e9meury Lucie, Premi\u00e8re assistante, ISSUL<br>2) Sabourin Camille, Premi\u00e8re assistante, ISSUL<br>3) Neyroud Daria, Repr\u00e9s. assistant\u00b7e\u00b7s FBM<\/p>\n\n\n\n<p><strong><strong><strong>Repr\u00e9sentant\u00b7e<\/strong> \u00e0 la Commission d&rsquo;examens<br><\/strong><\/strong>Le Goff Jean-Marie Ma\u00eetre d&rsquo;enseignement et de recherche, ISS<\/p>\n\n\n\n<p><strong><strong>Repr\u00e9sentant\u00b7e<\/strong> \u00e0 la Commission de recours<br><\/strong>Rohrer Niels, Assistant dipl\u00f4m\u00e9, ISS<\/p>\n\n\n\n<p><b><strong>Repr\u00e9sentant\u00b7e<\/strong>\u00b7s \u00e0 la Commission de Validation des Acquis de l&rsquo;Exp\u00e9rience<\/b><br>1) Repr\u00e9sentant\u00b7e du CI en sciences sociales &#8211; VACAT<br>2) P\u00e9chu C\u00e9cile, Ma\u00eetre d&rsquo;enseignement et de recherche, IEP<br>3) Presset Bastien, Assistant dipl\u00f4m\u00e9, ISSUL<\/p>\n\n\n\n<p><strong><strong>Repr\u00e9sentant\u00b7e<\/strong> \u00e0 la Commission interdisciplinaire d&rsquo;\u00e9thique SSP<\/strong><br>Coquoz Roxane, Doctorante FNS, IP<\/p>\n\n\n\n<p><strong><strong>Repr\u00e9sentant\u00b7e<\/strong>\u00b7s \u00e0 la Commission de la recherche de la Facult\u00e9<br><\/strong>1) Cerqui Daniela, Ma\u00eetre d&rsquo;enseignement et de recherche, ISS. Repr\u00e9sentante du CI sup\u00e9rieur<br>2) Pape Madeleine, Ma\u00eetre assistante Ambizione FNS, ISS. Repr\u00e9sentante du CI sup\u00e9rieur<br>3) Frackowiak Michal, Premier Assistant, IP. Repr\u00e9sentant des assistant\u00b7e\u00b7s<br>4) Salihi Blerta, Doctorante FNS, IEP. Repr\u00e9sentante des assistant\u00b7e\u00b7s<\/p>\n<\/details>\n\n\n\n<p>L&rsquo;ensemble des si\u00e8ges reli\u00e9s aux Conseils est soumis \u00e0 un vote par l&rsquo;ensemble du corps interm\u00e9diaire qui \u00e9lit ses repr\u00e9sentant\u00b7e\u00b7s. Tenez-vous au courant des renouvellements d&rsquo;engagement si vous souhaitez y si\u00e9ger et\/ou pour \u00e9lire nos d\u00e9l\u00e9gu\u00e9\u00b7e\u00b7s.<\/p>\n\n\n\n<p>Retrouvez la <a href=\"https:\/\/www.unil.ch\/ssp\/fr\/home\/ressources\/espaces\/espace-collaborateur-trices\/representants-commissions.html\">liste compl\u00e8te<\/a> des repr\u00e9sentant\u00b7e\u00b7s SSP dans les Commissions sur le site de la Facult\u00e9.<\/p>\n\n\n\n<h2 class=\"wp-block-heading\">Comment rester inform\u00e9\u00b7e ?<\/h2>\n\n\n\n<p>Tou\u00b7te\u00b7s nos repr\u00e9sentant\u00b7e\u00b7s se r\u00e9unissent avant chaque Conseil de Facult\u00e9 pour pr\u00e9parer les dossiers et coordonner nos positions. Ces r\u00e9unions ont lieu les midis pr\u00e9c\u00e9dant les conseils.<\/p>\n\n\n\n<p><strong>Vous voulez en savoir plus ?<\/strong> Les dates et ordres du jour sont disponibles sur <a href=\"https:\/\/www.unil.ch\/ssp\/fr\/home\/menuinst\/faculte\/gouvernance\/conseil-de-faculte\/calendrier-et-ordres-du-jour.html\">le site de la facult\u00e9<\/a>.<\/p>\n\n\n\n<h2 class=\"wp-block-heading\">Vous aussi, vous pouvez agir !<\/h2>\n\n\n\n<ul class=\"wp-block-list\">\n<li>Contactez vos repr\u00e9sentant\u00b7e\u00b7s si vous avez des pr\u00e9occupations<\/li>\n\n\n\n<li>Participez aux discussions informelles<\/li>\n\n\n\n<li>Proposez-vous comme suppl\u00e9ant\u00b7e ou repr\u00e9sentant\u00b7e lors des prochaines \u00e9lections<\/li>\n<\/ul>\n\n\n\n<p><\/p>\n","protected":false},"excerpt":{"rendered":"<p>Pourquoi c&rsquo;est important ? En tant qu&rsquo;enseignant\u00b7e\u00b7s-chercheur\u00b7euse\u00b7s, assistant\u00b7e\u00b7s et doctorant\u00b7e\u00b7s, nous participons aux d\u00e9cisions qui fa\u00e7onnent notre facult\u00e9. Notre voix compte dans les choix p\u00e9dagogiques, les recrutements, l&rsquo;organisation&hellip;<\/p>\n","protected":false},"author":1001141,"featured_media":0,"parent":0,"menu_order":3,"comment_status":"closed","ping_status":"closed","template":"template-full-width.php","meta":{"_seopress_robots_primary_cat":"","_seopress_titles_title":"","_seopress_titles_desc":"","_seopress_robots_index":"","footnotes":""},"class_list":["post-10","page","type-page","status-publish","has-post-thumbnail"],"_links":{"self":[{"href":"https:\/\/wp.unil.ch\/acissp\/wp-json\/wp\/v2\/pages\/10","targetHints":{"allow":["GET"]}}],"collection":[{"href":"https:\/\/wp.unil.ch\/acissp\/wp-json\/wp\/v2\/pages"}],"about":[{"href":"https:\/\/wp.unil.ch\/acissp\/wp-json\/wp\/v2\/types\/page"}],"author":[{"embeddable":true,"href":"https:\/\/wp.unil.ch\/acissp\/wp-json\/wp\/v2\/users\/1001141"}],"replies":[{"embeddable":true,"href":"https:\/\/wp.unil.ch\/acissp\/wp-json\/wp\/v2\/comments?post=10"}],"version-history":[{"count":5,"href":"https:\/\/wp.unil.ch\/acissp\/wp-json\/wp\/v2\/pages\/10\/revisions"}],"predecessor-version":[{"id":1163,"href":"https:\/\/wp.unil.ch\/acissp\/wp-json\/wp\/v2\/pages\/10\/revisions\/1163"}],"wp:attachment":[{"href":"https:\/\/wp.unil.ch\/acissp\/wp-json\/wp\/v2\/media?parent=10"}],"curies":[{"name":"wp","href":"https:\/\/api.w.org\/{rel}","templated":true}]}}