{"id":6,"date":"2017-10-11T10:32:19","date_gmt":"2017-10-11T08:32:19","guid":{"rendered":"http:\/\/wp.unil.ch\/acilex\/?page_id=6"},"modified":"2022-09-25T21:15:06","modified_gmt":"2022-09-25T19:15:06","slug":"bienvenue","status":"publish","type":"page","link":"https:\/\/wp.unil.ch\/acilex\/","title":{"rendered":"Accueil"},"content":{"rendered":"\n<div class=\"wp-block-columns is-layout-flex wp-container-core-columns-is-layout-9d6595d7 wp-block-columns-is-layout-flex\">\n<div class=\"wp-block-column is-layout-flow wp-block-column-is-layout-flow\"><\/div>\n\n\n\n<div class=\"wp-block-column is-layout-flow wp-block-column-is-layout-flow\"><\/div>\n<\/div>\n\n\n\n<div class=\"wp-block-columns is-layout-flex wp-container-core-columns-is-layout-9d6595d7 wp-block-columns-is-layout-flex\">\n<div class=\"wp-block-column is-layout-flow wp-block-column-is-layout-flow\">\n<p style=\"line-height:1.5\">L&rsquo;<strong>ACILex<\/strong> est l&rsquo;association repr\u00e9sentant les int\u00e9r\u00eats du corps interm\u00e9diaire et des doctorant\u00b7e\u00b7s de l\u2019Ecole de droit de l&rsquo;Universit\u00e9 de Lausanne. <\/p>\n\n\n\n<p>L&rsquo;association a pour buts :<\/p>\n\n\n\n<ul class=\"wp-block-list\"><li>De coordonner l&rsquo;action de ses membres dans tous les domaines qui peuvent les int\u00e9resser ;<\/li><li>De collaborer avec les autres associations qui traitent des probl\u00e8mes universitaires ;<\/li><li>De faire valoir le point de vue du corps interm\u00e9diaire aupr\u00e8s des organes comp\u00e9tents ;<\/li><li>De d\u00e9fendre et de promouvoir les int\u00e9r\u00eats professionnels et mat\u00e9riels du corps interm\u00e9diaire ;<\/li><li>D\u2019apporter son soutien \u00e0 tout projet d\u2019assistants et doctorants de l\u2019Ecole de Droit, visant \u00e0 promouvoir les travaux acad\u00e9miques de ceux-ci, en particulier les th\u00e8ses de doctorat ;<\/li><li>De favoriser la coh\u00e9sion entre les diff\u00e9rents centres.<\/li><\/ul>\n<\/div>\n<\/div>\n\n\n\n<p class=\"has-text-align-left\">Sont membres de droit de l&rsquo;ACILex :<\/p>\n\n\n\n<ul class=\"wp-block-list\"><li>Les membres du corps interm\u00e9diaire et les doctorant\u00b7e\u00b7s de l\u2019Ecole de droit ;<\/li><li>Les charg\u00e9\u00b7e\u00b7s de cours ; <\/li><li>Les assistant\u00b7e\u00b7s et les ma\u00eetres assistant\u00b7e\u00b7s du Fonds national pour la recherche scientifique ou d&rsquo;autres organismes en relation avec l&rsquo;Universit\u00e9&nbsp;collaborant avec l\u2019Ecole de droit.<\/li><\/ul>\n","protected":false},"excerpt":{"rendered":"<p>L&rsquo;ACILex est l&rsquo;association repr\u00e9sentant les int\u00e9r\u00eats du corps interm\u00e9diaire et des doctorant\u00b7e\u00b7s de l\u2019Ecole de droit de l&rsquo;Universit\u00e9 de Lausanne. L&rsquo;association a pour buts : De coordonner l&rsquo;action de ses membres dans tous les domaines qui peuvent les int\u00e9resser ; De collaborer avec les autres associations qui traitent des probl\u00e8mes universitaires ; De faire valoir &hellip; <\/p>\n<p class=\"link-more\"><a href=\"https:\/\/wp.unil.ch\/acilex\/\" class=\"more-link\">Continuer la lecture<span class=\"screen-reader-text\"> de &laquo;&nbsp;Accueil&nbsp;&raquo;<\/span><\/a><\/p>\n","protected":false},"author":108,"featured_media":0,"parent":0,"menu_order":0,"comment_status":"closed","ping_status":"closed","template":"","meta":{"_seopress_robots_primary_cat":"","_seopress_titles_title":"","_seopress_titles_desc":"","_seopress_robots_index":"","footnotes":""},"class_list":["post-6","page","type-page","status-publish"],"_links":{"self":[{"href":"https:\/\/wp.unil.ch\/acilex\/wp-json\/wp\/v2\/pages\/6","targetHints":{"allow":["GET"]}}],"collection":[{"href":"https:\/\/wp.unil.ch\/acilex\/wp-json\/wp\/v2\/pages"}],"about":[{"href":"https:\/\/wp.unil.ch\/acilex\/wp-json\/wp\/v2\/types\/page"}],"author":[{"embeddable":true,"href":"https:\/\/wp.unil.ch\/acilex\/wp-json\/wp\/v2\/users\/108"}],"replies":[{"embeddable":true,"href":"https:\/\/wp.unil.ch\/acilex\/wp-json\/wp\/v2\/comments?post=6"}],"version-history":[{"count":0,"href":"https:\/\/wp.unil.ch\/acilex\/wp-json\/wp\/v2\/pages\/6\/revisions"}],"wp:attachment":[{"href":"https:\/\/wp.unil.ch\/acilex\/wp-json\/wp\/v2\/media?parent=6"}],"curies":[{"name":"wp","href":"https:\/\/api.w.org\/{rel}","templated":true}]}}