{"id":302,"date":"2021-06-08T13:50:36","date_gmt":"2021-06-08T11:50:36","guid":{"rendered":"https:\/\/wp.unil.ch\/acilex\/?page_id=302"},"modified":"2026-03-04T11:13:43","modified_gmt":"2026-03-04T10:13:43","slug":"agenda","status":"publish","type":"page","link":"https:\/\/wp.unil.ch\/acilex\/agenda\/","title":{"rendered":"Agenda et news"},"content":{"rendered":"\n<h1 class=\"wp-block-heading\">Agenda et news<\/h1>\n\n\n\n<p><a href=\"https:\/\/wp.unil.ch\/acilex\/wp-admin\/post.php?post=302&amp;action=edit\">Modifier \u00ab\u00a0Agenda et news\u00a0\u00bb<\/a><\/p>\n\n\n\n<p class=\"has-vivid-red-color has-text-color has-link-color wp-elements-fdbeb598b97bce5467b0181317731326\">L&rsquo;assembl\u00e9e g\u00e9n\u00e9rale de l&rsquo;ACILex aura lieu le mardi 17 mars 2026 \u00e0 18 h 15 ! B\u00e2timent Internef, salle 231. <\/p>\n\n\n\n<p class=\"has-black-color has-text-color has-link-color wp-elements-3a0c601ca20cb630e70edb34531919be\">Pour le semestre d&rsquo;automne et le semestre de printemps 2025-2026, des <strong>ateliers d&rsquo;\u00e9criture de la th\u00e8se<\/strong> se tiendront en autogestion tous les lundis de 13 h 15 \u00e0 18 h, b\u00e2timent Anthropole, salle 3059.<\/p>\n\n\n\n<p class=\"has-vivid-red-color has-text-color has-link-color wp-elements-54874576110d5cf5c8a45e59f6b17334\">Le caf\u00e9 d&rsquo;accueil des nouveaux et nouvelles doctorant-e-s est organis\u00e9 le mardi 11 novembre 2025. Rendez-vous \u00e0 10 h 15 \u00e0 la caf\u00e9t\u00e9ria de l&rsquo;Anthropole ! <\/p>\n\n\n\n<p>Le <strong><em>Vademecum <\/em>de l\u2019assistanat et du doctorat<\/strong>, version 2025, est \u00e0 retrouver dans la page \u00ab&nbsp;informations utiles pour le doctorat&nbsp;\u00bb.<\/p>\n\n\n\n<p class=\"has-vivid-red-color has-text-color has-link-color wp-elements-a31fab23b59d10d9c4b5967267a46aca\">Save the date ! L&rsquo;Assembl\u00e9e g\u00e9n\u00e9rale de l&rsquo;ACILex aura lieu le mardi 25 mars 2025 \u00e0 18 h 15, en salle NEF- 231.<\/p>\n\n\n\n<p class=\"has-black-color has-text-color has-link-color wp-elements-c0f6e81322092862886c8a59be014614\">Le <em>Vademecum <\/em>de l&rsquo;assistanat et du doctorat, version 2024, est \u00e0 retrouver dans la page \u00ab\u00a0informations utiles pour le doctorat\u00a0\u00bb.L&rsquo;agenda du semestre d&rsquo;automne 2023-2024<\/p>\n\n\n\n<p class=\"has-vivid-red-color has-text-color has-link-color wp-elements-ce7f6b05f13d03ef5b635e6e65840544\">Jeudi 19 octobre 2023, 17 h (UNIL &#8211; Internef, auditoire 275) : Conf\u00e9rence doctorale<\/p>\n\n\n\n<p>Th\u00e9matique : \u00ab\u00a0S\u00e9curit\u00e9 et pr\u00e9visibilit\u00e9 du droit : enjeux particuliers\u00a0\u00bb <\/p>\n\n\n\n<p>Pour vous inscrire et acc\u00e9der aux informations compl\u00e8tes sur la conf\u00e9rence, cliquez ici : <a href=\"https:\/\/www.cuso.ch\/activity\/?p=3370&amp;uid=6528\" data-type=\"link\" data-id=\"https:\/\/www.cuso.ch\/activity\/?p=3370&amp;uid=6528\">https:\/\/www.cuso.ch\/activity\/?p=3370&amp;uid=6528<\/a><\/p>\n\n\n\n<p class=\"has-vivid-red-color has-text-color has-link-color wp-elements-c8b8a91ae2058a4401c2e0211464f9f4\">Jeudi 14 d\u00e9cembre 2023, 12 h &#8211; 13 h, NEF-231 : Midi-Th\u00e8se !<\/p>\n\n\n\n<ul class=\"wp-block-list\">\n<li>M. Hugo Hueber, ing\u00e9nieur de recherche FDCA&nbsp;:&nbsp;&nbsp;\u00ab&nbsp;Soutien \u00e0 la recherche : Gestion des donn\u00e9es et support informatique&nbsp;\u00bb<\/li>\n\n\n\n<li>Mme Anne Peroz, MER&nbsp;: \u00ab&nbsp;Conseils m\u00e9thodologiques en histoire du droit dans le cadre de la th\u00e8se&nbsp;(recherche de sources\/r\u00e9daction de la partie historique) \u00bb.<\/li>\n<\/ul>\n\n\n\n<h3 class=\"wp-block-heading has-vivid-red-color has-text-color\">Invitation au prochain Midi-Th\u00e8se ! mercredi 24 mai 2023<\/h3>\n\n\n\n<p>Le Comit\u00e9 de l\u2019ACILex a le plaisir de vous inviter au&nbsp;<strong>prochain Midi-Th\u00e8se<\/strong>, qui se d\u00e9roulera le&nbsp;<strong>24 mai 2023<\/strong>&nbsp;en salle&nbsp;<strong>NEF-233<\/strong>, de&nbsp;<strong>12 h \u00e0 13 h 15<\/strong>.&nbsp;<\/p>\n\n\n\n<p>Ce Midi-Th\u00e8se aura pour th\u00e9matique \u00ab&nbsp;Les juristes et l\u2019intelligence artificielle&nbsp;\u00bb. La Professeure Eva Lein pr\u00e9sentera le P\u00f4le num\u00e9rique de la FDCA et ses activit\u00e9s, puis nous entendrons M. Jonas Zaugg, qui a trait\u00e9 la th\u00e9matique ci-dessus mentionn\u00e9e dans le cadre de sa th\u00e8se. Ces deux communications seront suivies d\u2019une discussion.&nbsp;<\/p>\n\n\n\n<p>Au plaisir de vous voir nombreuses et nombreux !<\/p>\n\n\n\n<p><\/p>\n\n\n\n<p class=\"has-vivid-red-color has-text-color\">AG de l&rsquo;ACILex ! Jeudi 6 avril 2023 <\/p>\n\n\n\n<p>L&rsquo;AG de l&rsquo;ACILex se d\u00e9roulera jeudi 6 avril 2023, \u00e0 partir de 17 heures, dans la salle NEF &#8211; 231. Venez nombreux ! <\/p>\n\n\n\n<p class=\"has-vivid-red-color has-text-color\">Premi\u00e8re journ\u00e9e de la recherche de la FDCA &#8211; jeudi 17 novembre 2022 <\/p>\n\n\n\n<p>Pour rappel, les membres du Corps interm\u00e9diaire sont invit\u00e9s \u00e0 assister \u00e0 cet \u00e9v\u00e9nement, qui aura lieu de 14 h \u00e0 18 h, \u00e0 l&rsquo;Aula de l&rsquo;IDHEAP (programme re\u00e7u par courriel et aussi consultable sur le site internet de la Facult\u00e9). <\/p>\n\n\n\n<p class=\"has-vivid-red-color has-text-color\">Caf\u00e9 d&rsquo;accueil d&rsquo;octobre 2022 !<\/p>\n\n\n\n<p>Le <strong>caf\u00e9 d&rsquo;accueil <\/strong>pour les nouveaux doctorant-e-s aura lieu le mardi 25 octobre \u00e0 10 h 30 \u00e0 la caf\u00e9t\u00e9ria de l&rsquo;Internef.  Au plaisir de vous voir \u00e0 cette occasion ! <\/p>\n\n\n\n<p class=\"has-vivid-red-color has-text-color\">Save the date ! Conf\u00e9rence doctorale<\/p>\n\n\n\n<p>La <strong>Conf\u00e9rence doctorale 2022<\/strong> se tiendra le <strong>jeudi 3 novembre 2022<\/strong> sur le th\u00e8me de <strong>\u00ab\u00a0La volont\u00e9 en droit : aspects choisis\u00a0\u00bb <\/strong>(Internef &#8211; auditoire 271, de 17h &#8211; 19 h).<\/p>\n\n\n\n<p>Intervenant-e-s : Mme Manon NICOLE, M. Florian FASEL, M. Ryan GAUDERON, M. Hadrien MONOD.<\/p>\n\n\n\n<p>Organisateur : M. Lionel HORT, avec le soutien de l&rsquo;Ecole de droit et de l&rsquo;ACILex. <\/p>\n\n\n\n<p>Pour toute question concernant les inscriptions, merci d&rsquo;\u00e9crire \u00e0 M. Hort \u00e0 : lionel.hort@unil.ch. <\/p>\n\n\n\n<p>Le programme complet de la Conf\u00e9rence est consultable en suivant le lien : <a href=\"https:\/\/www.unil.ch\/ecolededroit\/conference-doctorale\" data-type=\"URL\" data-id=\"https:\/\/www.unil.ch\/ecolededroit\/conference-doctorale\">https:\/\/www.unil.ch\/ecolededroit\/conference-doctorale<\/a><\/p>\n\n\n\n<hr class=\"wp-block-separator has-alpha-channel-opacity\" \/>\n\n\n\n<p class=\"has-vivid-red-color has-text-color\">LIVIA : un programme de soutien par internet pour les difficult\u00e9s \u00e0 surmonter la perte d&rsquo;une personne proche.  <\/p>\n\n\n\n<p>Une \u00e9quipe de recherche lausannoise propose de d\u00e9couvrir une \u00e9tude qui teste le premier programme francophone en ligne destin\u00e9 aux personnes qui rencontrent des difficult\u00e9s \u00e0 surmonter la perte d&rsquo;une personne proche \u00e0 la suite d&rsquo;une s\u00e9paration, d&rsquo;un divorce ou d&rsquo;un d\u00e9c\u00e8s. LIVIA propose une aide bienvenue, gr\u00e2ce \u00e0 un programme bas\u00e9 sur les derni\u00e8res connaissances scientifiques en mati\u00e8re de r\u00e9tablissement \u00e0 la suite d&rsquo;une perte et dans le domaine des interventions par internet. LIVIA propose d&rsquo;une part des informations actuelles et fiables sur le deuil et comment s&rsquo;en remettre, et d&rsquo;autre part, des activit\u00e9s et exercices qui aident \u00e0 avancer de fa\u00e7on sereine et \u00e0 retrouver une vie qui a du sens. Actuellement gratuit, ce programme peut \u00eatre accompli en 3 mois \u00e0 raison d&rsquo;une s\u00e9ance par semaine. <\/p>\n\n\n\n<p>Plus d&rsquo;informations et inscriptions sur : <a href=\"https:\/\/www.psyconsultonline.ch\">https:\/\/www.psyconsultonline.ch<\/a> <\/p>\n","protected":false},"excerpt":{"rendered":"<p>Agenda et news Modifier \u00ab\u00a0Agenda et news\u00a0\u00bb L&rsquo;assembl\u00e9e g\u00e9n\u00e9rale de l&rsquo;ACILex aura lieu le mardi 17 mars 2026 \u00e0 18 h 15 ! B\u00e2timent Internef, salle 231. Pour le semestre d&rsquo;automne et le semestre de printemps 2025-2026, des ateliers d&rsquo;\u00e9criture de la th\u00e8se se tiendront en autogestion tous les lundis de 13 h 15 \u00e0 &hellip; <\/p>\n<p class=\"link-more\"><a href=\"https:\/\/wp.unil.ch\/acilex\/agenda\/\" class=\"more-link\">Continuer la lecture<span class=\"screen-reader-text\"> de &laquo;&nbsp;Agenda et news&nbsp;&raquo;<\/span><\/a><\/p>\n","protected":false},"author":1002242,"featured_media":0,"parent":0,"menu_order":0,"comment_status":"closed","ping_status":"closed","template":"","meta":{"_seopress_robots_primary_cat":"","_seopress_titles_title":"","_seopress_titles_desc":"","_seopress_robots_index":"","footnotes":""},"class_list":["post-302","page","type-page","status-publish"],"_links":{"self":[{"href":"https:\/\/wp.unil.ch\/acilex\/wp-json\/wp\/v2\/pages\/302","targetHints":{"allow":["GET"]}}],"collection":[{"href":"https:\/\/wp.unil.ch\/acilex\/wp-json\/wp\/v2\/pages"}],"about":[{"href":"https:\/\/wp.unil.ch\/acilex\/wp-json\/wp\/v2\/types\/page"}],"author":[{"embeddable":true,"href":"https:\/\/wp.unil.ch\/acilex\/wp-json\/wp\/v2\/users\/1002242"}],"replies":[{"embeddable":true,"href":"https:\/\/wp.unil.ch\/acilex\/wp-json\/wp\/v2\/comments?post=302"}],"version-history":[{"count":5,"href":"https:\/\/wp.unil.ch\/acilex\/wp-json\/wp\/v2\/pages\/302\/revisions"}],"predecessor-version":[{"id":539,"href":"https:\/\/wp.unil.ch\/acilex\/wp-json\/wp\/v2\/pages\/302\/revisions\/539"}],"wp:attachment":[{"href":"https:\/\/wp.unil.ch\/acilex\/wp-json\/wp\/v2\/media?parent=302"}],"curies":[{"name":"wp","href":"https:\/\/api.w.org\/{rel}","templated":true}]}}