{"id":299,"date":"2021-06-08T13:33:00","date_gmt":"2021-06-08T11:33:00","guid":{"rendered":"https:\/\/wp.unil.ch\/acilex\/?page_id=299"},"modified":"2022-09-25T21:10:09","modified_gmt":"2022-09-25T19:10:09","slug":"activites","status":"publish","type":"page","link":"https:\/\/wp.unil.ch\/acilex\/activites\/","title":{"rendered":"Activit\u00e9s"},"content":{"rendered":"\n<ol class=\"wp-block-list\"><li><strong>Quelques aspects des engagements de l&rsquo;ACILex pour le Corps interm\u00e9diaire<\/strong><\/li><\/ol>\n\n\n\n<p class=\"has-black-color has-text-color\"><strong><em>Encadrement des doctorant-e-<\/em>s&nbsp;<\/strong><\/p>\n\n\n\n<div data-wp-interactive=\"core\/file\" class=\"wp-block-file\"><object data-wp-bind--hidden=\"!state.hasPdfPreview\" hidden class=\"wp-block-file__embed\" data=\"https:\/\/wp.unil.ch\/acilex\/files\/2022\/01\/Prise-de-position-CI-5.pdf\" type=\"application\/pdf\" style=\"width:100%;height:600px\" aria-label=\"Contenu embarqu\u00e9 Contenu embarqu\u00e9 Prise-de-position-CI-5..\"><\/object><a id=\"wp-block-file--media-2240f6e4-0572-4689-8e3b-a13a9da04cb7\" href=\"https:\/\/wp.unil.ch\/acilex\/files\/2022\/01\/Prise-de-position-CI-5.pdf\">Prise-de-position-CI-5<\/a><a href=\"https:\/\/wp.unil.ch\/acilex\/files\/2022\/01\/Prise-de-position-CI-5.pdf\" class=\"wp-block-file__button\" download aria-describedby=\"wp-block-file--media-2240f6e4-0572-4689-8e3b-a13a9da04cb7\">T\u00e9l\u00e9charger<\/a><\/div>\n\n\n\n<p><strong><em>Taux d&rsquo;engagemen<\/em><\/strong><em><strong>t<\/strong><\/em><\/p>\n\n\n\n<div data-wp-interactive=\"core\/file\" class=\"wp-block-file\"><object data-wp-bind--hidden=\"!state.hasPdfPreview\" hidden class=\"wp-block-file__embed\" data=\"https:\/\/wp.unil.ch\/acilex\/files\/2022\/01\/Question-du-taux-dengagement-1-1.pdf\" type=\"application\/pdf\" style=\"width:100%;height:600px\" aria-label=\"Contenu embarqu\u00e9 Contenu embarqu\u00e9 Question-du-taux-dengagement-1-1..\"><\/object><a id=\"wp-block-file--media-43701be8-2b2b-4266-9c6e-ec359e2b4df3\" href=\"https:\/\/wp.unil.ch\/acilex\/files\/2022\/01\/Question-du-taux-dengagement-1-1.pdf\">Question-du-taux-dengagement-1-1<\/a><a href=\"https:\/\/wp.unil.ch\/acilex\/files\/2022\/01\/Question-du-taux-dengagement-1-1.pdf\" class=\"wp-block-file__button\" download aria-describedby=\"wp-block-file--media-43701be8-2b2b-4266-9c6e-ec359e2b4df3\">T\u00e9l\u00e9charger<\/a><\/div>\n\n\n\n<p><\/p>\n\n\n\n<p><strong>2)<\/strong> <strong>Organisation d&rsquo;\u00e9v\u00e9nements par l&rsquo;ACILex<\/strong><\/p>\n\n\n\n<p><strong><em>Les \u00ab\u00a0Midis-th\u00e8se\u00a0\u00bb<\/em><\/strong><\/p>\n\n\n\n<p>Le Midi-th\u00e8se est une manifestation \u00e0 vocation semestrielle. L&rsquo;id\u00e9e est de rassembler, pendant la pause de midi, des doctorant-e-s venant pr\u00e9senter leur sujet de th\u00e8se, et des membres du corps enseignant exposant la m\u00e9thodologie de la recherche dans leurs mati\u00e8res, le tout dans des interventions d&rsquo;un quart d&rsquo;heure \u00e0 vingt minutes maximum, suivies de discussions. Les Midis-th\u00e8se se veulent conviviaux et informels. Ils donnent la possibilit\u00e9 d&rsquo;expliciter une probl\u00e9matique de th\u00e8se parfois complexe et d&rsquo;\u00e9changer avec coll\u00e8gues et professeur-e-s. <\/p>\n\n\n\n<p class=\"has-black-color has-text-color\"><em>Midi-th\u00e8se du 28 avril 2022 (salle 231, Internef, 12 h-13 h)<\/em><\/p>\n\n\n\n<p>Monsieur <strong>Juan Camilo Delgado Franco<\/strong>&nbsp;a pr\u00e9sent\u00e9 son sujet de th\u00e8se portant sur&nbsp;<em>Le devoir d\u2019information de l\u2019assureur dans le droit europ\u00e9en et de l\u2019Am\u00e9rique latine, notamment l\u2019\u00e9tendue de l\u2019obligation (fondement, contenu, forme, d\u00e9limitation, sanctions de sa violation)<\/em>. Madame <strong>Pauline Monod<\/strong>&nbsp;a \u00e9voqu\u00e9 la mani\u00e8re d\u2019inclure dans une recherche les sources non acad\u00e9miques, telles que la pratique des autorit\u00e9s.&nbsp;<\/p>\n\n\n\n<p class=\"has-black-color has-text-color\"><em>Midi-th\u00e8se du 25 novembre 2021  (salle 232, Internef, 12 h 15 &#8211; 13 h 15)<\/em><\/p>\n\n\n\n<p>Le <strong>Professeur Andrea Bonomi<\/strong> a donn\u00e9 quelques conseils pratiques sur l&rsquo;utilisation du droit compar\u00e9 dans le cadre d&rsquo;une th\u00e8se. Madame <strong>Corinne Mammino, <\/strong>doctorante et assistante dipl\u00f4m\u00e9e au CDCEI, a pr\u00e9sent\u00e9 son sujet de th\u00e8se portant sur le droit international priv\u00e9 de la famille. <\/p>\n\n\n<p><em><strong>Les conf\u00e9rences doctorales <\/strong><\/em><\/p>\n<p>La conf\u00e9rence doctorale, \u00e0 vocation annuelle, est une manifestation un peu plus \u00ab\u00a0consistante\u00a0\u00bb que le Midi-th\u00e8se. Elle rassemble, sur un cr\u00e9neau d&rsquo;environ 2 \u00e0 3 heures, plusieurs doctorant-e-s pr\u00e9sentant leur sujet de th\u00e8se ou une partie de celui-ci, pour des expos\u00e9s d&rsquo;environ 25 minutes. Cette conf\u00e9rence se veut \u00eatre l&rsquo;opportunit\u00e9 privil\u00e9gi\u00e9e d&rsquo;\u00e9changer sur des th\u00e9matiques juridiques g\u00e9n\u00e9rales rencontr\u00e9es dans les domaines du droit explor\u00e9s lors des recherches doctorales. Plut\u00f4t qu\u2019une succession de pr\u00e9sentations&nbsp;<em>ex cathedra<\/em>, il s\u2019agit donc de tenir une discussion entre les conf\u00e9renci\u00e8res et conf\u00e9renciers. Discussion qui porte sur les diff\u00e9rents aspects de leur sujet de th\u00e8se mis en relation les uns aux autres par le biais de th\u00e9matiques successives. Cela permet de r\u00e9v\u00e9ler les points communs \u2013 ou au contraire les diff\u00e9rences \u2013 dans les approches adopt\u00e9es.<\/p>\n<p><em>Conf\u00e9rence doctorale 2021<\/em><strong><br><\/strong><\/p>\n<div>\n<p>Avec le soutien de l\u2019\u00c9cole de droit de l\u2019Universit\u00e9 de Lausanne et en collaboration avec l\u2019ACILex, une conf\u00e9rence scientifique \u2013 dite Conf\u00e9rence doctorale \u2013 a \u00e9t\u00e9 donn\u00e9e par cinq doctorantes et doctorants en droit <strong><span class=\"textecouleur\">le jeudi 28 octobre 2021<\/span>&nbsp;<\/strong>sur le campus de Dorigny.<\/p>\n<p>Plus d&rsquo;informations sur cette conf\u00e9rence 2021 et le lien d&rsquo;inscription se trouvent <a href=\"https:\/\/www.unil.ch\/ecolededroit\/conference-doctorale\">ici<\/a>.&nbsp;<\/p>\n<p><a href=\"https:\/\/www.unil.ch\/ecolededroit\/files\/live\/sites\/ecolededroit\/files\/Ecole\/Conf%c3%a9rence%20doctorale\/Flyer_Conf-Doc-28-10-2021.pdf\"><img alt=\"\" loading=\"lazy\" decoding=\"async\" class=\"size-medium wp-image-325 aligncenter\" src=\"https:\/\/wp.unil.ch\/acilex\/files\/2021\/06\/Flyer_Conf-Doc-28-10-2021-212x300.jpeg\" alt=\"\" width=\"212\" height=\"300\" srcset=\"https:\/\/wp.unil.ch\/acilex\/files\/2021\/06\/Flyer_Conf-Doc-28-10-2021-212x300.jpeg 212w, https:\/\/wp.unil.ch\/acilex\/files\/2021\/06\/Flyer_Conf-Doc-28-10-2021-724x1024.jpeg 724w, https:\/\/wp.unil.ch\/acilex\/files\/2021\/06\/Flyer_Conf-Doc-28-10-2021-768x1086.jpeg 768w, https:\/\/wp.unil.ch\/acilex\/files\/2021\/06\/Flyer_Conf-Doc-28-10-2021.jpeg 849w\" sizes=\"auto, (max-width: 212px) 100vw, 212px\" \/><\/a><\/p>\n<hr><\/div>\n\n\n<p><\/p>\n\n\n\n<p><strong><br><\/strong><\/p>\n\n\n","protected":false},"excerpt":{"rendered":"<p>Quelques aspects des engagements de l&rsquo;ACILex pour le Corps interm\u00e9diaire Encadrement des doctorant-e-s&nbsp; Taux d&rsquo;engagement 2) Organisation d&rsquo;\u00e9v\u00e9nements par l&rsquo;ACILex Les \u00ab\u00a0Midis-th\u00e8se\u00a0\u00bb Le Midi-th\u00e8se est une manifestation \u00e0 vocation semestrielle. L&rsquo;id\u00e9e est de rassembler, pendant la pause de midi, des doctorant-e-s venant pr\u00e9senter leur sujet de th\u00e8se, et des membres du corps enseignant exposant la &hellip; <\/p>\n<p class=\"link-more\"><a href=\"https:\/\/wp.unil.ch\/acilex\/activites\/\" class=\"more-link\">Continuer la lecture<span class=\"screen-reader-text\"> de &laquo;&nbsp;Activit\u00e9s&nbsp;&raquo;<\/span><\/a><\/p>\n","protected":false},"author":1002242,"featured_media":0,"parent":0,"menu_order":0,"comment_status":"closed","ping_status":"closed","template":"","meta":{"_seopress_robots_primary_cat":"","_seopress_titles_title":"","_seopress_titles_desc":"","_seopress_robots_index":"","footnotes":""},"class_list":["post-299","page","type-page","status-publish"],"_links":{"self":[{"href":"https:\/\/wp.unil.ch\/acilex\/wp-json\/wp\/v2\/pages\/299","targetHints":{"allow":["GET"]}}],"collection":[{"href":"https:\/\/wp.unil.ch\/acilex\/wp-json\/wp\/v2\/pages"}],"about":[{"href":"https:\/\/wp.unil.ch\/acilex\/wp-json\/wp\/v2\/types\/page"}],"author":[{"embeddable":true,"href":"https:\/\/wp.unil.ch\/acilex\/wp-json\/wp\/v2\/users\/1002242"}],"replies":[{"embeddable":true,"href":"https:\/\/wp.unil.ch\/acilex\/wp-json\/wp\/v2\/comments?post=299"}],"version-history":[{"count":0,"href":"https:\/\/wp.unil.ch\/acilex\/wp-json\/wp\/v2\/pages\/299\/revisions"}],"wp:attachment":[{"href":"https:\/\/wp.unil.ch\/acilex\/wp-json\/wp\/v2\/media?parent=299"}],"curies":[{"name":"wp","href":"https:\/\/api.w.org\/{rel}","templated":true}]}}