{"id":171,"date":"2021-03-26T11:07:28","date_gmt":"2021-03-26T10:07:28","guid":{"rendered":"https:\/\/wp.unil.ch\/acilex\/?page_id=171"},"modified":"2025-09-01T14:06:42","modified_gmt":"2025-09-01T12:06:42","slug":"comite","status":"publish","type":"page","link":"https:\/\/wp.unil.ch\/acilex\/comite\/","title":{"rendered":"Comit\u00e9"},"content":{"rendered":"\n<p>Le Comit\u00e9 est compos\u00e9 des membres suivants :<\/p>\n\n\n\n<p><strong>PR\u00c9SIDENCE<\/strong> :<\/p>\n\n\n\n<p><strong>M. Lo\u00efc PILLARD, <\/strong> Assistant dipl\u00f4m\u00e9, Centre de droit priv\u00e9<\/p>\n\n\n\n<p style=\"line-height:1.5\"><strong>MEMBRES DU COMIT\u00c9<\/strong> :<\/p>\n\n\n\n<p><strong>Mme M\u00e9lanie BRAILLARD<\/strong>, Assistante dipl\u00f4m\u00e9e, Centre de droit public<\/p>\n\n\n\n<p><strong>M. Sim\u00e9on GOY,<\/strong> Assistant dipl\u00f4m\u00e9, Centre de droit public<\/p>\n\n\n\n<p><strong>Mme No\u00e9mie HOFER<\/strong>, Assistante dipl\u00f4m\u00e9e, Centre de droit public<\/p>\n\n\n\n<p><strong>Mme Anne PEROZ<\/strong>, Ma\u00eetre d&rsquo;enseignement et de recherche, Centre de droit priv\u00e9<\/p>\n\n\n\n<p><strong>Mme Ga\u00eblle VALTERIO<\/strong>, Assistante dipl\u00f4m\u00e9e, Centre de droit priv\u00e9. <\/p>\n\n\n\n<p><strong>STATUTS DE L&rsquo;ASSOCIATION<\/strong> :<\/p>\n\n\n\n<div data-wp-interactive=\"core\/file\" class=\"wp-block-file\"><object data-wp-bind--hidden=\"!state.hasPdfPreview\" hidden class=\"wp-block-file__embed\" data=\"https:\/\/wp.unil.ch\/acilex\/files\/2022\/02\/STATUTS-2018.pdf\" type=\"application\/pdf\" style=\"width:100%;height:600px\" aria-label=\"Contenu embarqu\u00e9 STATUTS-2018.\"><\/object><a id=\"wp-block-file--media-466e79c7-1ebb-49eb-8c31-9319e58ae9ee\" href=\"https:\/\/wp.unil.ch\/acilex\/files\/2022\/02\/STATUTS-2018.pdf\">STATUTS-2018<\/a><a href=\"https:\/\/wp.unil.ch\/acilex\/files\/2022\/02\/STATUTS-2018.pdf\" class=\"wp-block-file__button wp-element-button\" download aria-describedby=\"wp-block-file--media-466e79c7-1ebb-49eb-8c31-9319e58ae9ee\">T\u00e9l\u00e9charger<\/a><\/div>\n\n\n\n<p><\/p>\n\n\n\n<p><\/p>\n","protected":false},"excerpt":{"rendered":"<p>Le Comit\u00e9 est compos\u00e9 des membres suivants : PR\u00c9SIDENCE : M. Lo\u00efc PILLARD, Assistant dipl\u00f4m\u00e9, Centre de droit priv\u00e9 MEMBRES DU COMIT\u00c9 : Mme M\u00e9lanie BRAILLARD, Assistante dipl\u00f4m\u00e9e, Centre de droit public M. Sim\u00e9on GOY, Assistant dipl\u00f4m\u00e9, Centre de droit public Mme No\u00e9mie HOFER, Assistante dipl\u00f4m\u00e9e, Centre de droit public Mme Anne PEROZ, Ma\u00eetre d&rsquo;enseignement &hellip; <\/p>\n<p class=\"link-more\"><a href=\"https:\/\/wp.unil.ch\/acilex\/comite\/\" class=\"more-link\">Continuer la lecture<span class=\"screen-reader-text\"> de &laquo;&nbsp;Comit\u00e9&nbsp;&raquo;<\/span><\/a><\/p>\n","protected":false},"author":1002158,"featured_media":0,"parent":0,"menu_order":0,"comment_status":"closed","ping_status":"closed","template":"","meta":{"_seopress_robots_primary_cat":"","_seopress_titles_title":"","_seopress_titles_desc":"","_seopress_robots_index":"","footnotes":""},"class_list":["post-171","page","type-page","status-publish"],"_links":{"self":[{"href":"https:\/\/wp.unil.ch\/acilex\/wp-json\/wp\/v2\/pages\/171","targetHints":{"allow":["GET"]}}],"collection":[{"href":"https:\/\/wp.unil.ch\/acilex\/wp-json\/wp\/v2\/pages"}],"about":[{"href":"https:\/\/wp.unil.ch\/acilex\/wp-json\/wp\/v2\/types\/page"}],"author":[{"embeddable":true,"href":"https:\/\/wp.unil.ch\/acilex\/wp-json\/wp\/v2\/users\/1002158"}],"replies":[{"embeddable":true,"href":"https:\/\/wp.unil.ch\/acilex\/wp-json\/wp\/v2\/comments?post=171"}],"version-history":[{"count":4,"href":"https:\/\/wp.unil.ch\/acilex\/wp-json\/wp\/v2\/pages\/171\/revisions"}],"predecessor-version":[{"id":530,"href":"https:\/\/wp.unil.ch\/acilex\/wp-json\/wp\/v2\/pages\/171\/revisions\/530"}],"wp:attachment":[{"href":"https:\/\/wp.unil.ch\/acilex\/wp-json\/wp\/v2\/media?parent=171"}],"curies":[{"name":"wp","href":"https:\/\/api.w.org\/{rel}","templated":true}]}}