{"id":11,"date":"2017-10-11T10:33:17","date_gmt":"2017-10-11T08:33:17","guid":{"rendered":"http:\/\/wp.unil.ch\/acilex\/?page_id=11"},"modified":"2021-06-08T14:35:32","modified_gmt":"2021-06-08T12:35:32","slug":"contact","status":"publish","type":"page","link":"https:\/\/wp.unil.ch\/acilex\/contact\/","title":{"rendered":"Contact"},"content":{"rendered":"\n<div class=\"wp-block-columns is-layout-flex wp-container-core-columns-is-layout-9d6595d7 wp-block-columns-is-layout-flex\">\n<div class=\"wp-block-column is-layout-flow wp-block-column-is-layout-flow\">\n<p><strong>Adresse e-mail : <\/strong><\/p>\n\n\n\n<p>acilex@unil.ch<\/p>\n\n\n\n<p><strong>Adresse postale :<\/strong><\/p>\n\n\n\n<p style=\"line-height:1.1\">ACILex &#8211; Association du corps interm\u00e9diaire et des doctorant\u00b7e\u00b7s de l&rsquo;Ecole de droit de l&rsquo;Universit\u00e9 de Lausanne <\/p>\n\n\n\n<p style=\"line-height:1.1\">B\u00e2timent Anthropole<\/p>\n\n\n\n<p style=\"line-height:1.1\">CH- 1015 Lausanne<\/p>\n<\/div>\n<\/div>\n\n\n\n<figure class=\"wp-block-image size-large is-style-rounded\"><img alt=\"\" loading=\"lazy\" decoding=\"async\" width=\"801\" height=\"501\" src=\"https:\/\/wp.unil.ch\/acilex\/files\/2021\/03\/DSC_0195_01-2-edited.jpg\" alt=\"\" class=\"wp-image-211\" srcset=\"https:\/\/wp.unil.ch\/acilex\/files\/2021\/03\/DSC_0195_01-2-edited.jpg 801w, https:\/\/wp.unil.ch\/acilex\/files\/2021\/03\/DSC_0195_01-2-edited-300x188.jpg 300w, https:\/\/wp.unil.ch\/acilex\/files\/2021\/03\/DSC_0195_01-2-edited-768x480.jpg 768w\" sizes=\"auto, (max-width: 706px) 89vw, (max-width: 767px) 82vw, 740px\" \/><\/figure>\n\n\n\n<p><em><sup>Les photos du site internet sont utilis\u00e9es avec l&rsquo;aimable autorisation de leur auteur: Alexandre Barbey, \u00e9tudiant \u00e0 l&rsquo;Ecole de droit<\/sup><\/em><\/p>\n","protected":false},"excerpt":{"rendered":"<p>Adresse e-mail : acilex@unil.ch Adresse postale : ACILex &#8211; Association du corps interm\u00e9diaire et des doctorant\u00b7e\u00b7s de l&rsquo;Ecole de droit de l&rsquo;Universit\u00e9 de Lausanne B\u00e2timent Anthropole CH- 1015 Lausanne Les photos du site internet sont utilis\u00e9es avec l&rsquo;aimable autorisation de leur auteur: Alexandre Barbey, \u00e9tudiant \u00e0 l&rsquo;Ecole de droit<\/p>\n","protected":false},"author":108,"featured_media":0,"parent":0,"menu_order":0,"comment_status":"closed","ping_status":"closed","template":"","meta":{"_seopress_robots_primary_cat":"","_seopress_titles_title":"","_seopress_titles_desc":"","_seopress_robots_index":"","footnotes":""},"class_list":["post-11","page","type-page","status-publish"],"_links":{"self":[{"href":"https:\/\/wp.unil.ch\/acilex\/wp-json\/wp\/v2\/pages\/11","targetHints":{"allow":["GET"]}}],"collection":[{"href":"https:\/\/wp.unil.ch\/acilex\/wp-json\/wp\/v2\/pages"}],"about":[{"href":"https:\/\/wp.unil.ch\/acilex\/wp-json\/wp\/v2\/types\/page"}],"author":[{"embeddable":true,"href":"https:\/\/wp.unil.ch\/acilex\/wp-json\/wp\/v2\/users\/108"}],"replies":[{"embeddable":true,"href":"https:\/\/wp.unil.ch\/acilex\/wp-json\/wp\/v2\/comments?post=11"}],"version-history":[{"count":0,"href":"https:\/\/wp.unil.ch\/acilex\/wp-json\/wp\/v2\/pages\/11\/revisions"}],"wp:attachment":[{"href":"https:\/\/wp.unil.ch\/acilex\/wp-json\/wp\/v2\/media?parent=11"}],"curies":[{"name":"wp","href":"https:\/\/api.w.org\/{rel}","templated":true}]}}