{"id":973,"date":"2018-10-10T18:03:56","date_gmt":"2018-10-10T16:03:56","guid":{"rendered":"http:\/\/wp.unil.ch\/acil\/?page_id=973"},"modified":"2021-02-16T20:28:01","modified_gmt":"2021-02-16T19:28:01","slug":"stabilisation-ma-a-mer-2","status":"publish","type":"page","link":"https:\/\/wp.unil.ch\/acil\/stabilisation-ma-a-mer-2\/","title":{"rendered":"2017-2018 : Rel\u00e8ve"},"content":{"rendered":"\n<p><a href=\"https:\/\/wp.unil.ch\/acil\/files\/2019\/12\/Feuille-de-route-de-l\u2019ACIL-concernant-la-rel\u00e8ve-en-Facult\u00e9-des-lettres3.pdf\">Feuille de route de l&rsquo;ACIL (nov. 2017)<\/a><\/p>\n\n\n\n<p><a href=\"https:\/\/wp.unil.ch\/acil\/files\/2018\/10\/PV-rencontre-avec-lACIL-du-8-mai-2018.pdf\">PV rencontre entre D\u00e9canat et l&rsquo;ACIL du 8 mai 201<\/a><a href=\"https:\/\/wp.unil.ch\/acil\/files\/2018\/10\/PV-rencontre-avec-lACIL-du-8-mai-2018.pdf\">8<\/a><\/p>\n\n\n\n<p><a href=\"https:\/\/www.unil.ch\/interne\/files\/live\/sites\/interne\/files\/textes-leg\/1-ress-hum\/dir1-6-MA-proc-engag-dure-stab5.pdf\">Directive 1.6 de la direction (mise \u00e0 jour le 26 Juin 2018)<\/a><\/p>\n\n\n\n<p><a href=\"https:\/\/www.unil.ch\/lettres\/files\/live\/sites\/lettres\/files\/shared\/Faculte\/Reglements\/DD\/0.11-DD-promotion-fonction-acad-sup2018-08.pdf\">Directive 0.11 du d\u00e9canat (mise \u00e0 jour le 16 Ao\u00fbt 2018)<\/a><\/p>\n\n\n\n<p><a href=\"https:\/\/wp.unil.ch\/acil\/files\/2010\/09\/0.11-dir_dec_promotion_fonction_acad_sup.pdf\">Directive du D\u00e9canat sur la promotion \u00e0 une fonction acad\u00e9mique sup\u00e9rieure<\/a><\/p>\n\n\n\n<p><a href=\"https:\/\/wp.unil.ch\/acidul\/papier-de-position-sur-la-releve\">Papier de position sur la rel\u00e8ve de l&rsquo;ACIDUL (23.10.2018)<\/a><\/p>\n","protected":false},"excerpt":{"rendered":"<p>Feuille de route de l&rsquo;ACIL (nov. 2017) PV rencontre entre D\u00e9canat et l&rsquo;ACIL du 8 mai 2018 Directive 1.6 de la direction (mise \u00e0 jour le 26 Juin 2018) Directive 0.11 du d\u00e9canat (mise \u00e0 jour le 16 Ao\u00fbt 2018) Directive du D\u00e9canat sur la promotion \u00e0 une fonction acad\u00e9mique sup\u00e9rieure Papier de position sur &hellip; <\/p>\n<p class=\"link-more\"><a href=\"https:\/\/wp.unil.ch\/acil\/stabilisation-ma-a-mer-2\/\" class=\"more-link\">Continuer la lecture<span class=\"screen-reader-text\"> de &laquo;&nbsp;2017-2018 : Rel\u00e8ve&nbsp;&raquo;<\/span><\/a><\/p>\n","protected":false},"author":1001839,"featured_media":0,"parent":0,"menu_order":0,"comment_status":"closed","ping_status":"closed","template":"","meta":{"_seopress_robots_primary_cat":"","_seopress_titles_title":"","_seopress_titles_desc":"","_seopress_robots_index":"","footnotes":""},"class_list":["post-973","page","type-page","status-publish"],"_links":{"self":[{"href":"https:\/\/wp.unil.ch\/acil\/wp-json\/wp\/v2\/pages\/973","targetHints":{"allow":["GET"]}}],"collection":[{"href":"https:\/\/wp.unil.ch\/acil\/wp-json\/wp\/v2\/pages"}],"about":[{"href":"https:\/\/wp.unil.ch\/acil\/wp-json\/wp\/v2\/types\/page"}],"author":[{"embeddable":true,"href":"https:\/\/wp.unil.ch\/acil\/wp-json\/wp\/v2\/users\/1001839"}],"replies":[{"embeddable":true,"href":"https:\/\/wp.unil.ch\/acil\/wp-json\/wp\/v2\/comments?post=973"}],"version-history":[{"count":0,"href":"https:\/\/wp.unil.ch\/acil\/wp-json\/wp\/v2\/pages\/973\/revisions"}],"wp:attachment":[{"href":"https:\/\/wp.unil.ch\/acil\/wp-json\/wp\/v2\/media?parent=973"}],"curies":[{"name":"wp","href":"https:\/\/api.w.org\/{rel}","templated":true}]}}