{"id":971,"date":"2018-10-10T18:03:56","date_gmt":"2018-10-10T16:03:56","guid":{"rendered":"http:\/\/wp.unil.ch\/acil\/?page_id=971"},"modified":"2021-09-23T15:49:59","modified_gmt":"2021-09-23T13:49:59","slug":"stabilisation-ma-a-mer","status":"publish","type":"page","link":"https:\/\/wp.unil.ch\/acil\/stabilisation-ma-a-mer\/","title":{"rendered":"2017-2018 : Stabilisation MA \u00e0 MER"},"content":{"rendered":"<p>Le dossier qui a occup\u00e9 l&rsquo;ACIL presque exclusivement en 2017-2018 a \u00e9t\u00e9 le probl\u00e8me des stabilisations MA \u00e0 MER. L&rsquo;ACIL a \u00e9labor\u00e9 un questionnaire en 2018 pour prendre la temp\u00e9rature sur les opinions du CI en vue des changements institutionnels \u00e0 venir et ses cons\u00e9quences pour la rel\u00e8ve. Les r\u00e9sultats de ce questionnaire sont d\u00e9velopp\u00e9s dans le r<a href=\"https:\/\/wp.unil.ch\/acil\/files\/2018\/10\/Rapport-dactivit\u00e9s-2017-2018.pdf\">apport d&rsquo;activit\u00e9s 2017-2018<\/a>. L&rsquo;ACIL s&rsquo;est aussi entre autres r\u00e9uni avec le d\u00e9canat le 8 mai 2018 pour discuter de ce dossier. Voir ci-dessous pour le PV de cette rencontre.<\/p>\n<p><a href=\"https:\/\/wp.unil.ch\/acil\/files\/2018\/10\/PV-rencontre-avec-lACIL-du-8-mai-2018.pdf\">PV rencontre avec l&rsquo;ACIL du 8 mai 201<\/a><a href=\"https:\/\/wp.unil.ch\/acil\/files\/2018\/10\/PV-rencontre-avec-lACIL-du-8-mai-2018.pdf\">8<\/a><\/p>\n<p>Vous trouverez ci-dessous les nouvelles directives 2018 de la direction et du d\u00e9canat des lettres au sujet de ces stabilisations.<\/p>\n<p><a href=\"https:\/\/www.unil.ch\/files\/live\/sites\/central\/files\/textes-leg\/1-ress-hum\/dir1-6-MA-proc-engag-dure-stab6.pdf\">Directive 1.6 de la direction (mise \u00e0 jour le 26 Juin 2018)<\/a><\/p>\n<p><a href=\"https:\/\/www.unil.ch\/lettres\/files\/live\/sites\/lettres\/files\/shared\/Faculte\/Reglements\/DD\/0.11-DD-promotion-fonction-acad-sup2018-08.pdf\">Directive 0.11 du d\u00e9canat (mise \u00e0 jour le 16 Ao\u00fbt 2018)<\/a><\/p>\n","protected":false},"excerpt":{"rendered":"<p>Le dossier qui a occup\u00e9 l&rsquo;ACIL presque exclusivement en 2017-2018 a \u00e9t\u00e9 le probl\u00e8me des stabilisations MA \u00e0 MER. L&rsquo;ACIL a \u00e9labor\u00e9 un questionnaire en 2018 pour prendre la temp\u00e9rature sur les opinions du CI en vue des changements institutionnels \u00e0 venir et ses cons\u00e9quences pour la rel\u00e8ve. Les r\u00e9sultats de ce questionnaire sont d\u00e9velopp\u00e9s &hellip; <\/p>\n<p class=\"link-more\"><a href=\"https:\/\/wp.unil.ch\/acil\/stabilisation-ma-a-mer\/\" class=\"more-link\">Continuer la lecture<span class=\"screen-reader-text\"> de &laquo;&nbsp;2017-2018 : Stabilisation MA \u00e0 MER&nbsp;&raquo;<\/span><\/a><\/p>\n","protected":false},"author":1001839,"featured_media":0,"parent":0,"menu_order":0,"comment_status":"closed","ping_status":"closed","template":"","meta":{"_seopress_robots_primary_cat":"","_seopress_titles_title":"","_seopress_titles_desc":"","_seopress_robots_index":"","footnotes":""},"class_list":["post-971","page","type-page","status-publish"],"_links":{"self":[{"href":"https:\/\/wp.unil.ch\/acil\/wp-json\/wp\/v2\/pages\/971","targetHints":{"allow":["GET"]}}],"collection":[{"href":"https:\/\/wp.unil.ch\/acil\/wp-json\/wp\/v2\/pages"}],"about":[{"href":"https:\/\/wp.unil.ch\/acil\/wp-json\/wp\/v2\/types\/page"}],"author":[{"embeddable":true,"href":"https:\/\/wp.unil.ch\/acil\/wp-json\/wp\/v2\/users\/1001839"}],"replies":[{"embeddable":true,"href":"https:\/\/wp.unil.ch\/acil\/wp-json\/wp\/v2\/comments?post=971"}],"version-history":[{"count":0,"href":"https:\/\/wp.unil.ch\/acil\/wp-json\/wp\/v2\/pages\/971\/revisions"}],"wp:attachment":[{"href":"https:\/\/wp.unil.ch\/acil\/wp-json\/wp\/v2\/media?parent=971"}],"curies":[{"name":"wp","href":"https:\/\/api.w.org\/{rel}","templated":true}]}}