{"id":64,"date":"2010-07-29T16:50:14","date_gmt":"2010-07-29T14:50:14","guid":{"rendered":"http:\/\/wp.unil.ch\/acil\/?page_id=64"},"modified":"2025-11-06T15:08:02","modified_gmt":"2025-11-06T14:08:02","slug":"comite","status":"publish","type":"page","link":"https:\/\/wp.unil.ch\/acil\/comite\/","title":{"rendered":"Comit\u00e9"},"content":{"rendered":"\n<p>Le comit\u00e9 actuel est compos\u00e9 de :<\/p>\n\n\n\n<p><strong>Sarah Munoz (co-pr\u00e9sidente)<br><\/strong>Ma\u00eetre assistante, section d&rsquo;histoire de l&rsquo;art<\/p>\n\n\n\n<p><strong>Daria Zalesskaya (co-pr\u00e9sidente, webmaster)<br><\/strong>Ma\u00eetre assistante, section de langues et civilisations slaves et d&rsquo;Asie du Sud<\/p>\n\n\n\n<p><strong>Maxime Hoffmann (secr\u00e9taire)<span style=\"font-family: -webkit-standard;font-size: medium;font-weight: 400\"><\/span><br><\/strong>Assistant dipl\u00f4m\u00e9, section de fran\u00e7ais <\/p>\n\n\n\n<p><strong><strong>Desmond Kraege<\/strong><span style=\"font-family: -webkit-standard;font-size: medium;font-weight: 400\"><\/span> (tr\u00e9sorier)<br><\/strong>Ma\u00eetre assistant, section d&rsquo;histoire de l&rsquo;art<\/p>\n\n\n\n<p><strong><strong>Alicia Shmidt <\/strong><br><\/strong>Assistante dipl\u00f4m\u00e9e, section de fran\u00e7ais<\/p>\n\n\n\n<p><strong>Olivier Th\u00e9venaz<\/strong><br>Ma\u00eetre d&rsquo;enseignement et de recherche, institut d&rsquo;arch\u00e9ologie et des sciences de l&rsquo;Antiquit\u00e9<\/p>\n\n\n\n<p>Durant les p\u00e9riodes de cours, le Comit\u00e9 se r\u00e9unit environ une fois par mois.<br>Une s\u00e9ance pr\u00e9c\u00e8de chaque Conseil de Facult\u00e9 et chaque rencontre avec le d\u00e9canat.<\/p>\n\n\n\n<p>Les s\u00e9ances de comit\u00e9 sont ouvertes \u00e0 toute personne int\u00e9ress\u00e9e. Si vous souhaitez y participer, contactez-nous pour conna\u00eetre la date de la prochaine r\u00e9union.<\/p>\n\n\n\n<div class=\"wp-block-buttons is-layout-flex wp-block-buttons-is-layout-flex\"><\/div>\n","protected":false},"excerpt":{"rendered":"<p>Le comit\u00e9 actuel est compos\u00e9 de : Sarah Munoz (co-pr\u00e9sidente)Ma\u00eetre assistante, section d&rsquo;histoire de l&rsquo;art Daria Zalesskaya (co-pr\u00e9sidente, webmaster)Ma\u00eetre assistante, section de langues et civilisations slaves et d&rsquo;Asie du Sud Maxime Hoffmann (secr\u00e9taire)Assistant dipl\u00f4m\u00e9, section de fran\u00e7ais Desmond Kraege (tr\u00e9sorier)Ma\u00eetre assistant, section d&rsquo;histoire de l&rsquo;art Alicia Shmidt Assistante dipl\u00f4m\u00e9e, section de fran\u00e7ais Olivier Th\u00e9venazMa\u00eetre d&rsquo;enseignement &hellip; <\/p>\n<p class=\"link-more\"><a href=\"https:\/\/wp.unil.ch\/acil\/comite\/\" class=\"more-link\">Continuer la lecture<span class=\"screen-reader-text\"> de &laquo;&nbsp;Comit\u00e9&nbsp;&raquo;<\/span><\/a><\/p>\n","protected":false},"author":1001664,"featured_media":0,"parent":0,"menu_order":47,"comment_status":"closed","ping_status":"closed","template":"","meta":{"_seopress_robots_primary_cat":"","_seopress_titles_title":"","_seopress_titles_desc":"","_seopress_robots_index":"","footnotes":""},"class_list":["post-64","page","type-page","status-publish"],"_links":{"self":[{"href":"https:\/\/wp.unil.ch\/acil\/wp-json\/wp\/v2\/pages\/64","targetHints":{"allow":["GET"]}}],"collection":[{"href":"https:\/\/wp.unil.ch\/acil\/wp-json\/wp\/v2\/pages"}],"about":[{"href":"https:\/\/wp.unil.ch\/acil\/wp-json\/wp\/v2\/types\/page"}],"author":[{"embeddable":true,"href":"https:\/\/wp.unil.ch\/acil\/wp-json\/wp\/v2\/users\/1001664"}],"replies":[{"embeddable":true,"href":"https:\/\/wp.unil.ch\/acil\/wp-json\/wp\/v2\/comments?post=64"}],"version-history":[{"count":5,"href":"https:\/\/wp.unil.ch\/acil\/wp-json\/wp\/v2\/pages\/64\/revisions"}],"predecessor-version":[{"id":1749,"href":"https:\/\/wp.unil.ch\/acil\/wp-json\/wp\/v2\/pages\/64\/revisions\/1749"}],"wp:attachment":[{"href":"https:\/\/wp.unil.ch\/acil\/wp-json\/wp\/v2\/media?parent=64"}],"curies":[{"name":"wp","href":"https:\/\/api.w.org\/{rel}","templated":true}]}}