{"id":342,"date":"2010-10-04T10:00:34","date_gmt":"2010-10-04T08:00:34","guid":{"rendered":"http:\/\/wp.unil.ch\/acil\/"},"modified":"2021-02-16T20:34:59","modified_gmt":"2021-02-16T19:34:59","slug":"2008-2","status":"publish","type":"page","link":"https:\/\/wp.unil.ch\/acil\/2008-2\/","title":{"rendered":"2008 : Groupe de travail"},"content":{"rendered":"<div>\n<h6><span style=\"text-decoration: underline\">Groupes de travail Assistants \u2013 MA \u2013 MER<\/span><\/h6>\n<\/div>\n<p>Lors de la rencontre, le <strong>21 avril 2008<\/strong> entre le d\u00e9canat et le comit\u00e9 de l\u2019ACIL, Mme Bielman a pr\u00e9sent\u00e9 les grandes lignes des futures modifications qui devraient toucher, \u00e0 moyen terme, l\u2019ensemble du corps interm\u00e9diaire.Suite \u00e0 cet entretien, le comit\u00e9 a d\u00e9cid\u00e9 de mettre sur pied trois groupes de travail (assistants, MA et MER) afin d\u2019informer ses membres et de conna\u00eetre leur position sur les futurs changements pr\u00e9vus. Approuv\u00e9s lors de l\u2019Assembl\u00e9e g\u00e9n\u00e9rale du <strong>26 novembre 2008<\/strong>, les r\u00e9sultats des deux GT pr\u00e9sent\u00e9s ci-dessous ont \u00e9t\u00e9 transmis au d\u00e9canat.<\/p>\n<p><a href=\"..\/files\/2010\/10\/Rapport_GT_Assistants-1.pdf\">Rapport du groupe de travail assistantEs<\/a><br \/>\n<a href=\"..\/files\/2010\/10\/GT_MA.pdf\">Groupe de travail MA<\/a><\/p>\n","protected":false},"excerpt":{"rendered":"<p>Groupes de travail Assistants \u2013 MA \u2013 MER Lors de la rencontre, le 21 avril 2008 entre le d\u00e9canat et le comit\u00e9 de l\u2019ACIL, Mme Bielman a pr\u00e9sent\u00e9 les grandes lignes des futures modifications qui devraient toucher, \u00e0 moyen terme, l\u2019ensemble du corps interm\u00e9diaire.Suite \u00e0 cet entretien, le comit\u00e9 a d\u00e9cid\u00e9 de mettre sur pied &hellip; <\/p>\n<p class=\"link-more\"><a href=\"https:\/\/wp.unil.ch\/acil\/2008-2\/\" class=\"more-link\">Continuer la lecture<span class=\"screen-reader-text\"> de &laquo;&nbsp;2008 : Groupe de travail&nbsp;&raquo;<\/span><\/a><\/p>\n","protected":false},"author":241,"featured_media":0,"parent":0,"menu_order":42,"comment_status":"closed","ping_status":"closed","template":"","meta":{"_seopress_robots_primary_cat":"","_seopress_titles_title":"","_seopress_titles_desc":"","_seopress_robots_index":"","footnotes":""},"class_list":["post-342","page","type-page","status-publish"],"_links":{"self":[{"href":"https:\/\/wp.unil.ch\/acil\/wp-json\/wp\/v2\/pages\/342","targetHints":{"allow":["GET"]}}],"collection":[{"href":"https:\/\/wp.unil.ch\/acil\/wp-json\/wp\/v2\/pages"}],"about":[{"href":"https:\/\/wp.unil.ch\/acil\/wp-json\/wp\/v2\/types\/page"}],"author":[{"embeddable":true,"href":"https:\/\/wp.unil.ch\/acil\/wp-json\/wp\/v2\/users\/241"}],"replies":[{"embeddable":true,"href":"https:\/\/wp.unil.ch\/acil\/wp-json\/wp\/v2\/comments?post=342"}],"version-history":[{"count":0,"href":"https:\/\/wp.unil.ch\/acil\/wp-json\/wp\/v2\/pages\/342\/revisions"}],"wp:attachment":[{"href":"https:\/\/wp.unil.ch\/acil\/wp-json\/wp\/v2\/media?parent=342"}],"curies":[{"name":"wp","href":"https:\/\/api.w.org\/{rel}","templated":true}]}}