{"id":321,"date":"2010-09-24T16:28:24","date_gmt":"2010-09-24T14:28:24","guid":{"rendered":"http:\/\/wp.unil.ch\/acil\/"},"modified":"2021-02-16T20:35:23","modified_gmt":"2021-02-16T19:35:23","slug":"modification-des-plans-detudes","status":"publish","type":"page","link":"https:\/\/wp.unil.ch\/acil\/modification-des-plans-detudes\/","title":{"rendered":"2007-2008 : Modification des plans d\u2019\u00e9tudes"},"content":{"rendered":"<h6>Bref historique<\/h6>\n<div>\n<p>Dans sa s\u00e9ance du <strong>10 septembre 2007<\/strong>, le d\u00e9canat demanda \u00e0 Olivier Bianchi, alors conseiller aux \u00e9tudes, de mettre sur pied un groupe de travail r\u00e9unissant quelques enseignants de la facult\u00e9.<br \/>\nSa mission \u00e9tait de \u00ab\u00a0mener une r\u00e9flexion sur l&rsquo;application de la r\u00e9forme de Bologne en Facult\u00e9 des Lettres, et son ad\u00e9quation aux besoins des \u00e9tudiants\u00a0\u00bb. Pour ce faire, cette \u00e9quipe commen\u00e7a par d\u00e9finir plusieurs th\u00e9matiques concernant les plans d&rsquo;\u00e9tudes. Dans un second temps, ce groupe rencontra l&rsquo;ensemble des sections ainsi que l&rsquo;AEL. Il s&rsquo;agissait, \u00e0 l&rsquo;aide du canevas pr\u00e9\u00e9tabli, de comprendre les difficult\u00e9s rencontr\u00e9es avec les plans d&rsquo;\u00e9tudes actuels et d&rsquo;enregistrer les demandes souhait\u00e9es lors de leur modification.<\/p>\n<p>Ce groupe de travail, outre Olivier Bianchi, \u00e9tait compos\u00e9 de Martine Hennard Dutheil (MER en section d&rsquo;anglais), Danielle van Mal-Maeder (prof. en section d&rsquo;ASA), Agnieszka Soltysik (prof. en section d&rsquo;anglais) et Patrick Seriot (prof. en section de russe).<\/p>\n<p>En octobre 2008, le groupe de travail remit son rapport final au d\u00e9canat qui en prit connaissance le 20 du m\u00eame mois.<\/p>\n<p>Sur la base de ce document, le d\u00e9canat imagina deux projets pour le BA qu&rsquo;il pr\u00e9senta successivement \u00e0 la Direction (qui les refusa).<br \/>\nLe troisi\u00e8me, disponible ci-dessous, fut accept\u00e9 et pr\u00e9sent\u00e9 \u00e0 la commission de plans d&rsquo;\u00e9tudes le 26 f\u00e9vrier 2009.<br \/>\nCette commission devait se r\u00e9unir \u00e0 nouveau pour discuter et approuver le projet le 12 mars, mais les membres l&rsquo;ayant accept\u00e9 par courriel, ladite r\u00e9union fut annul\u00e9e.<\/p>\n<p>Soumis \u00e0 un \u00ab\u00a0vote de principe\u00a0\u00bb au Conseil de facult\u00e9 du 2 avril 2009, le projet ne put \u00eatre approuv\u00e9 ce jour-l\u00e0. Les d\u00e9bats, focalis\u00e9s sur la \u00ab\u00a0r\u00e9introdution\u00a0\u00bb d&rsquo;une troisi\u00e8me branche d\u00e8s la premi\u00e8re ann\u00e9e et sur les \u00ab\u00a0options transverses\u00a0\u00bb, \u00e9taient si intenses que la doyenne pr\u00e9f\u00e9ra reporter le vote au <strong>Conseil de facult\u00e9 du 7 mai 2009<\/strong>.<\/p>\n<h6>R\u00f4le de l&rsquo;ACIL<\/h6>\n<\/div>\n<div>\n<p>Lors de la constitution du groupe de r\u00e9flexion, Olivier Bianchi refusa toute participation de l&rsquo;AEL&nbsp;ou de l&rsquo;ACIL sous pr\u00e9texte que le d\u00e9canat souhaitait avant tout travailler avec des \u00ab\u00a0bonnes volont\u00e9s\u00a0\u00bb qui ne repr\u00e9senteraient pas un corps particulier.<\/p>\n<p>Certain que les principales orientations de la r\u00e9forme pourraient d\u00e9j\u00e0 \u00eatre choisies lors de la r\u00e9daction du rapport final, le comit\u00e9 continua \u00e0 demander une place pour un membre du CI. Gr\u00e2ce \u00e0 Martine Hennard Dutheil, vice-doyenne, ce fut chose faite en&nbsp; mars 2008. Mais le canevas \u00e9tait d\u00e9j\u00e0 \u00e9tabli et la tourn\u00e9e des sections commenc\u00e9e. Le d\u00e9l\u00e9gu\u00e9, jusque-l\u00e0 interess\u00e9, pr\u00e9f\u00e9ra alors renoncer \u00e0 si\u00e9ger.<\/p>\n<p>Malgr\u00e9 son absence, le comit\u00e9 de l&rsquo;ACIL obtint l&rsquo;acc\u00e8s aux principaux documents du groupe de r\u00e9flexion et re\u00e7ut le rapport final comme le projet de modification du BA.<br \/>\nIl comptait discuter avec ses deux d\u00e9l\u00e9gu\u00e9es \u00e0 la commission des plans d&rsquo;\u00e9tudes (Brigitte Maire et Marta Caraion) avant la discussion finale, mais une mauvaise coordination avec le d\u00e9canat l&#8217;emp\u00eacha.&nbsp; En r\u00e9sum\u00e9, le comit\u00e9 prit contact avec ses d\u00e9l\u00e9gu\u00e9es alors que la s\u00e9ance pr\u00e9vue le 1 2 mars avait d\u00e9j\u00e0 \u00e9t\u00e9 annul\u00e9e.<\/p>\n<p>Suite au d\u00e9roulement du dernier conseil, le comit\u00e9 de l&rsquo;ACIL&nbsp;a d\u00e9cid\u00e9 de convoquer une assembl\u00e9e g\u00e9n\u00e9rale pour conna\u00eetre l&rsquo;avis du plus grand nombre de membres du CI.<\/p>\n<p><a href=\"https:\/\/wp.unil.ch\/acil\/files\/2010\/09\/Projet_de_structure_du_BAmars2009.doc_.pdf\">Projet_de_structure_du_BAmars2009.doc<\/a><br \/>\n<a href=\"https:\/\/wp.unil.ch\/acil\/files\/2010\/09\/Explications_du_projet.pdf\">Explications_du_D\u00e9canat<\/a><\/p>\n<\/div>\n","protected":false},"excerpt":{"rendered":"<p>Bref historique Dans sa s\u00e9ance du 10 septembre 2007, le d\u00e9canat demanda \u00e0 Olivier Bianchi, alors conseiller aux \u00e9tudes, de mettre sur pied un groupe de travail r\u00e9unissant quelques enseignants de la facult\u00e9. Sa mission \u00e9tait de \u00ab\u00a0mener une r\u00e9flexion sur l&rsquo;application de la r\u00e9forme de Bologne en Facult\u00e9 des Lettres, et son ad\u00e9quation aux &hellip; <\/p>\n<p class=\"link-more\"><a href=\"https:\/\/wp.unil.ch\/acil\/modification-des-plans-detudes\/\" class=\"more-link\">Continuer la lecture<span class=\"screen-reader-text\"> de &laquo;&nbsp;2007-2008 : Modification des plans d\u2019\u00e9tudes&nbsp;&raquo;<\/span><\/a><\/p>\n","protected":false},"author":241,"featured_media":0,"parent":0,"menu_order":21,"comment_status":"closed","ping_status":"closed","template":"","meta":{"_seopress_robots_primary_cat":"","_seopress_titles_title":"","_seopress_titles_desc":"","_seopress_robots_index":"","footnotes":""},"class_list":["post-321","page","type-page","status-publish"],"_links":{"self":[{"href":"https:\/\/wp.unil.ch\/acil\/wp-json\/wp\/v2\/pages\/321","targetHints":{"allow":["GET"]}}],"collection":[{"href":"https:\/\/wp.unil.ch\/acil\/wp-json\/wp\/v2\/pages"}],"about":[{"href":"https:\/\/wp.unil.ch\/acil\/wp-json\/wp\/v2\/types\/page"}],"author":[{"embeddable":true,"href":"https:\/\/wp.unil.ch\/acil\/wp-json\/wp\/v2\/users\/241"}],"replies":[{"embeddable":true,"href":"https:\/\/wp.unil.ch\/acil\/wp-json\/wp\/v2\/comments?post=321"}],"version-history":[{"count":0,"href":"https:\/\/wp.unil.ch\/acil\/wp-json\/wp\/v2\/pages\/321\/revisions"}],"wp:attachment":[{"href":"https:\/\/wp.unil.ch\/acil\/wp-json\/wp\/v2\/media?parent=321"}],"curies":[{"name":"wp","href":"https:\/\/api.w.org\/{rel}","templated":true}]}}