{"id":306,"date":"2012-10-16T13:22:35","date_gmt":"2012-10-16T11:22:35","guid":{"rendered":"http:\/\/wp.unil.ch\/acil\/"},"modified":"2021-02-16T20:33:27","modified_gmt":"2021-02-16T19:33:27","slug":"enquete-conditions-travail-assistants","status":"publish","type":"page","link":"https:\/\/wp.unil.ch\/acil\/enquete-conditions-travail-assistants\/","title":{"rendered":"2011 : Enqu\u00eate sur les conditions de travail des assistant-e-s"},"content":{"rendered":"<p>Suite aux discussions men\u00e9es depuis plusieurs ann\u00e9es entre l&rsquo;ACIL et le D\u00e9canat concernant les conditions de travail et le statut des assistant-e-s en Facult\u00e9 des lettres, ainsi qu&rsquo;au d\u00e9bat sur la question soulev\u00e9 au Conseil de Facult\u00e9 en f\u00e9vrier 2011, l&rsquo;ACIL a men\u00e9 en octobre 2011 une enqu\u00eate afin de r\u00e9colter des donn\u00e9es quantitatives et qualitatives permettant d&rsquo;\u00e9valuer&nbsp;les conditions de travail effectives des assistant-e-s. Soumise via un questionnaire \u00e9lectronique anonyme \u00e0 tous les assistant-e-s dipl\u00f4m\u00e9-e-s de la Facult\u00e9, l&rsquo;enqu\u00eate cherchait \u00e0 recueillir leurs perception et leurs exp\u00e9riences sur des points tels que le cahier des charges, le temps effectif d\u00e9volu \u00e0 la th\u00e8se, l&rsquo;implication dans l&rsquo;enseignement et les t\u00e2ches administratives ainsi que la circulation des informations.<\/p>\n<p><a href=\"https:\/\/wp.unil.ch\/acil\/files\/2012\/11\/Synthese-Enquete-AD-2011.pdf\">Synth\u00e8se Enqu\u00eate AD 2011<\/a><\/p>\n<p>&nbsp;<\/p>\n<p>Sur la base des r\u00e9sultats de cette enqu\u00eate, l&rsquo;ACIL a demand\u00e9 au D\u00e9canat de reprendre les recommandations diffus\u00e9es aux sections en 2010 afin de les corriger et d&rsquo;en faire un document qui puisse \u00eatre diffus\u00e9 plus largement aux assistant-e-s ainsi qu&rsquo;aux responsables d&rsquo;unit\u00e9. Ce document a finalement pris la forme d&rsquo;une liste de recommandations sur l&rsquo;\u00e9laboration et l&rsquo;application du cahier des charges, document qui est d\u00e9sormais envoy\u00e9 avec tout nouveau contrat d&rsquo;assistant-e. Il remplace ainsi le document appel\u00e9 \u00ab\u00a0Explications du cahier des charges type\u00a0\u00bb produit par le D\u00e9canat et l&rsquo;ACIL en 2007.<\/p>\n<p><a href=\"https:\/\/wp.unil.ch\/acil\/files\/2012\/10\/Recommandations-sur-le-cahier-des-charges-des-AD.pdf\">Recommandations du D\u00e9canat sur l&rsquo;\u00e9laboration et l&rsquo;application du cahier des charges des assistants de Lettres<\/a><\/p>\n","protected":false},"excerpt":{"rendered":"<p>Suite aux discussions men\u00e9es depuis plusieurs ann\u00e9es entre l&rsquo;ACIL et le D\u00e9canat concernant les conditions de travail et le statut des assistant-e-s en Facult\u00e9 des lettres, ainsi qu&rsquo;au d\u00e9bat sur la question soulev\u00e9 au Conseil de Facult\u00e9 en f\u00e9vrier 2011, l&rsquo;ACIL a men\u00e9 en octobre 2011 une enqu\u00eate afin de r\u00e9colter des donn\u00e9es quantitatives et &hellip; <\/p>\n<p class=\"link-more\"><a href=\"https:\/\/wp.unil.ch\/acil\/enquete-conditions-travail-assistants\/\" class=\"more-link\">Continuer la lecture<span class=\"screen-reader-text\"> de &laquo;&nbsp;2011 : Enqu\u00eate sur les conditions de travail des assistant-e-s&nbsp;&raquo;<\/span><\/a><\/p>\n","protected":false},"author":241,"featured_media":0,"parent":0,"menu_order":20,"comment_status":"closed","ping_status":"closed","template":"","meta":{"_seopress_robots_primary_cat":"","_seopress_titles_title":"","_seopress_titles_desc":"","_seopress_robots_index":"","footnotes":""},"class_list":["post-306","page","type-page","status-publish"],"_links":{"self":[{"href":"https:\/\/wp.unil.ch\/acil\/wp-json\/wp\/v2\/pages\/306","targetHints":{"allow":["GET"]}}],"collection":[{"href":"https:\/\/wp.unil.ch\/acil\/wp-json\/wp\/v2\/pages"}],"about":[{"href":"https:\/\/wp.unil.ch\/acil\/wp-json\/wp\/v2\/types\/page"}],"author":[{"embeddable":true,"href":"https:\/\/wp.unil.ch\/acil\/wp-json\/wp\/v2\/users\/241"}],"replies":[{"embeddable":true,"href":"https:\/\/wp.unil.ch\/acil\/wp-json\/wp\/v2\/comments?post=306"}],"version-history":[{"count":0,"href":"https:\/\/wp.unil.ch\/acil\/wp-json\/wp\/v2\/pages\/306\/revisions"}],"wp:attachment":[{"href":"https:\/\/wp.unil.ch\/acil\/wp-json\/wp\/v2\/media?parent=306"}],"curies":[{"name":"wp","href":"https:\/\/api.w.org\/{rel}","templated":true}]}}