{"id":269,"date":"2010-09-21T15:56:31","date_gmt":"2010-09-21T13:56:31","guid":{"rendered":"http:\/\/wp.unil.ch\/acil\/"},"modified":"2025-09-17T12:51:10","modified_gmt":"2025-09-17T10:51:10","slug":"fonctions-academiques-evaluation-de-travaux-enseignement-et-promotion","status":"publish","type":"page","link":"https:\/\/wp.unil.ch\/acil\/fonctions-academiques-evaluation-de-travaux-enseignement-et-promotion\/","title":{"rendered":"Directives et r\u00e8glements g\u00e9n\u00e9raux"},"content":{"rendered":"\n<p><a href=\"https:\/\/www.unil.ch\/lettres\/fr\/home\/menuinst\/faculte\/reglements-directives.html\">Page officielle des r\u00e8glements et directives de la Facult\u00e9 des Lettres<\/a><\/p>\n\n\n\n<p><a href=\"https:\/\/www.unil.ch\/central\/fr\/home\/menuinst\/organisation\/documents-officiels\/textes-legaux\/directives-internes-de-lunil.html\">Page officielle des directives internes de l&rsquo;Universit\u00e9<\/a><\/p>\n\n\n\n<p><a href=\"https:\/\/wp.unil.ch\/acil\/files\/2024\/09\/Charges-et-responsabilites-du-CI_version-09.2024.pdf\" data-type=\"attachment\" data-id=\"1669\">Charges et responsabilit\u00e9s associ\u00e9es aux statuts du CI (version du 09.09.2024)<\/a><\/p>\n\n\n\n<p>Vous trouverez ci-dessous des liens vers des directives du D\u00e9canat et de la Direction h\u00e9berg\u00e9es sur le site de l&rsquo;Universit\u00e9. Ceux-ci sont r\u00e9guli\u00e8rement mis \u00e0 jour sur notre site mais il est pr\u00e9f\u00e9rable de consulter \u00e9galement les pages officielles de l&rsquo;Universit\u00e9.<\/p>\n\n\n\n<p><a href=\"https:\/\/www.unil.ch\/files\/live\/sites\/lettres\/files\/shared\/01faculte\/0105reglements\/RFAC_20230919.pdf\">R\u00e8glement de la Facult\u00e9 des lettres (2023)<\/a><\/p>\n\n\n\n<p><a href=\"https:\/\/www.unil.ch\/files\/live\/sites\/lettres\/files\/shared\/01faculte\/0105reglements\/DD\/0.9-fonctions-academiques-et-evaluation-de-travaux-faculte.pdf\">Directive du D\u00e9canat sur les fonctions acad\u00e9miques et l&rsquo;\u00e9valuation de travaux en Facult\u00e9 des Lettres<\/a><\/p>\n\n\n\n<p><a href=\"https:\/\/www.unil.ch\/files\/live\/sites\/lettres\/files\/shared\/01faculte\/0105reglements\/DD\/0.10%20\u2013%20DD%20charges%20d'enseignement%20et%20fonctions%20acad\u00e9miques.pdf\">Directive du D\u00e9canat sur les charges d&rsquo;enseignement et les fonctions acad\u00e9miques<\/a><\/p>\n\n\n\n<p><a href=\"https:\/\/www.unil.ch\/files\/live\/sites\/lettres\/files\/shared\/01faculte\/0105reglements\/DD\/0.11-DD-promotion-fonction-acad-sup.pdf\">Directive du D\u00e9canat sur la promotion \u00e0 une fonction acad\u00e9mique sup\u00e9rieure<\/a><\/p>\n\n\n\n<p><a href=\"https:\/\/www.unil.ch\/files\/live\/sites\/lettres\/files\/shared\/01faculte\/0105reglements\/DD\/0.16-dir_dec_procedure_engagement_assistants_1ers_assistants.pdf\">Directives de la Direction sur l&rsquo;engagement des assistant-e-s dipl\u00f4m\u00e9-e-s et des premier-\u00e8re-s assistant-e-s<\/a><\/p>\n\n\n\n<p><a href=\"https:\/\/www.unil.ch\/files\/live\/sites\/unil\/files\/02-universite\/0212-cadres-legal-reglementaire\/textes-leg\/1-ress-hum\/dir1-6-MA-proc-engag-dure-stab6.pdf\">Directive de la Direction sur l&rsquo;engagement, la dur\u00e9e du mandat et la stabilisation des ma\u00eetres assistants<\/a><\/p>\n\n\n\n<p><a href=\"https:\/\/www.unil.ch\/files\/live\/sites\/unil\/files\/02-universite\/0212-cadres-legal-reglementaire\/textes-leg\/1-ress-hum\/dir1-5-proc-engag-MER2.pdf\">Directive de la Direction sur l&rsquo;engagement des Ma\u00eetres d&rsquo;enseignement et de recherche<\/a><\/p>\n\n\n\n<p><a href=\"https:\/\/www.unil.ch\/files\/live\/sites\/lettres\/files\/shared\/01faculte\/0105reglements\/DD\/0.14-dir_dec_subsides_deplacement_CI.pdf\">Directive du D\u00e9canat sur les subsides de d\u00e9placement au corps interm\u00e9diaire, aux charg\u00e9es et charg\u00e9s de cours, aux privat-docentes et privat-docents ainsi qu\u2019aux membres du PAT<\/a><\/p>\n\n\n\n<p><a href=\"https:\/\/www.unil.ch\/files\/live\/sites\/unil\/files\/02-universite\/0212-cadres-legal-reglementaire\/textes-leg\/0-aff-gen\/dir0-16-reconn-ident-genre.pdf\">Directive de la Direction sur la reconnaissance de l\u2019identit\u00e9 de genre : utilisation du pr\u00e9nom d\u2019usage et changement de formule de politesse pour les personnes trans*<\/a><\/p>\n\n\n\n<p><a href=\"https:\/\/www.unil.ch\/files\/live\/sites\/unil\/files\/02-universite\/0212-cadres-legal-reglementaire\/textes-leg\/1-ress-hum\/dir1-25-activites-accessoires6.pdf\">Directive de la Direction sur les activit\u00e9s accessoires<\/a><\/p>\n\n\n\n<p><\/p>\n","protected":false},"excerpt":{"rendered":"<p>Page officielle des r\u00e8glements et directives de la Facult\u00e9 des Lettres Page officielle des directives internes de l&rsquo;Universit\u00e9 Charges et responsabilit\u00e9s associ\u00e9es aux statuts du CI (version du 09.09.2024) Vous trouverez ci-dessous des liens vers des directives du D\u00e9canat et de la Direction h\u00e9berg\u00e9es sur le site de l&rsquo;Universit\u00e9. Ceux-ci sont r\u00e9guli\u00e8rement mis \u00e0 jour &hellip; <\/p>\n<p class=\"link-more\"><a href=\"https:\/\/wp.unil.ch\/acil\/fonctions-academiques-evaluation-de-travaux-enseignement-et-promotion\/\" class=\"more-link\">Continuer la lecture<span class=\"screen-reader-text\"> de &laquo;&nbsp;Directives et r\u00e8glements g\u00e9n\u00e9raux&nbsp;&raquo;<\/span><\/a><\/p>\n","protected":false},"author":108,"featured_media":0,"parent":0,"menu_order":28,"comment_status":"closed","ping_status":"closed","template":"","meta":{"_seopress_robots_primary_cat":"","_seopress_titles_title":"","_seopress_titles_desc":"","_seopress_robots_index":"","footnotes":""},"class_list":["post-269","page","type-page","status-publish"],"_links":{"self":[{"href":"https:\/\/wp.unil.ch\/acil\/wp-json\/wp\/v2\/pages\/269","targetHints":{"allow":["GET"]}}],"collection":[{"href":"https:\/\/wp.unil.ch\/acil\/wp-json\/wp\/v2\/pages"}],"about":[{"href":"https:\/\/wp.unil.ch\/acil\/wp-json\/wp\/v2\/types\/page"}],"author":[{"embeddable":true,"href":"https:\/\/wp.unil.ch\/acil\/wp-json\/wp\/v2\/users\/108"}],"replies":[{"embeddable":true,"href":"https:\/\/wp.unil.ch\/acil\/wp-json\/wp\/v2\/comments?post=269"}],"version-history":[{"count":5,"href":"https:\/\/wp.unil.ch\/acil\/wp-json\/wp\/v2\/pages\/269\/revisions"}],"predecessor-version":[{"id":1741,"href":"https:\/\/wp.unil.ch\/acil\/wp-json\/wp\/v2\/pages\/269\/revisions\/1741"}],"wp:attachment":[{"href":"https:\/\/wp.unil.ch\/acil\/wp-json\/wp\/v2\/media?parent=269"}],"curies":[{"name":"wp","href":"https:\/\/api.w.org\/{rel}","templated":true}]}}