{"id":221,"date":"2010-09-09T19:34:02","date_gmt":"2010-09-09T17:34:02","guid":{"rendered":"http:\/\/wp.unil.ch\/acil\/"},"modified":"2026-01-29T10:40:51","modified_gmt":"2026-01-29T09:40:51","slug":"commissions-temporaires","status":"publish","type":"page","link":"https:\/\/wp.unil.ch\/acil\/commissions-temporaires\/","title":{"rendered":"Commissions temporaires"},"content":{"rendered":"<p>Il s&rsquo;agit principalement de commissions de nomination.<\/p>\n<p><strong>Mode de d\u00e9signation des repr\u00e9sentant-e-s du corps interm\u00e9diaire<\/strong><\/p>\n<p>1) Le d\u00e9canat annonce au comit\u00e9 de l&rsquo;ACIL la cr\u00e9ation prochaine d&rsquo;une commission en pr\u00e9cisant le nombre de repr\u00e9sentant-e-s d\u00e9sir\u00e9-e-s (g\u00e9n\u00e9ralement un).<\/p>\n<p>2) Le comit\u00e9 envoie par e-mail un appel \u00e0 candidatures \u00e0 tous les membres du CI. Il invite les candidat-e-s \u00e0 lui faire parvenir un bref texte d&rsquo;auto-pr\u00e9sentation (max. 100 mots) pouvant inclure un lien vers une page personnelle (Unisciences ou autre). Les candidat-e-s sont seul-e-s responsables du contenu de ce texte, qui ne doit cependant servir qu&rsquo;\u00e0 soutenir leur propre candidature.<\/p>\n<p>3 a) S&rsquo;il n&rsquo;y a qu&rsquo;un-e seul-e candidat-e par si\u00e8ge, le comit\u00e9 soumet par e-mail cette candidature pour approbation \u00e0 l&rsquo;ensemble du CI, en sp\u00e9cifiant le nom et la fonction de la personne et en joignant son texte de pr\u00e9sentation. Il est possible de pr\u00e9senter une opposition avec contre-proposition, ce qui donnera lieu \u00e0 un vote \u00e9lectronique.<\/p>\n<p>3 b) S&rsquo;il y a plus de candidat-e-s que de si\u00e8ges \u00e0 pourvoir, le comit\u00e9 organise une \u00e9lection par vote \u00e9lectronique. L\u2019ensemble du CI re\u00e7oit alors un e-mail contenant les noms, fonctions et textes de pr\u00e9sentation des candidat-e-s, ainsi qu&rsquo;un lien vers le vote \u00e9lectronique anonyme.<\/p>\n","protected":false},"excerpt":{"rendered":"<p>Il s&rsquo;agit principalement de commissions de nomination. Mode de d\u00e9signation des repr\u00e9sentant-e-s du corps interm\u00e9diaire 1) Le d\u00e9canat annonce au comit\u00e9 de l&rsquo;ACIL la cr\u00e9ation prochaine d&rsquo;une commission en pr\u00e9cisant le nombre de repr\u00e9sentant-e-s d\u00e9sir\u00e9-e-s (g\u00e9n\u00e9ralement un). 2) Le comit\u00e9 envoie par e-mail un appel \u00e0 candidatures \u00e0 tous les membres du CI. Il invite &hellip; <\/p>\n<p class=\"link-more\"><a href=\"https:\/\/wp.unil.ch\/acil\/commissions-temporaires\/\" class=\"more-link\">Continuer la lecture<span class=\"screen-reader-text\"> de &laquo;&nbsp;Commissions temporaires&nbsp;&raquo;<\/span><\/a><\/p>\n","protected":false},"author":241,"featured_media":0,"parent":0,"menu_order":38,"comment_status":"closed","ping_status":"closed","template":"","meta":{"_seopress_robots_primary_cat":"","_seopress_titles_title":"","_seopress_titles_desc":"","_seopress_robots_index":"","footnotes":""},"class_list":["post-221","page","type-page","status-publish"],"_links":{"self":[{"href":"https:\/\/wp.unil.ch\/acil\/wp-json\/wp\/v2\/pages\/221","targetHints":{"allow":["GET"]}}],"collection":[{"href":"https:\/\/wp.unil.ch\/acil\/wp-json\/wp\/v2\/pages"}],"about":[{"href":"https:\/\/wp.unil.ch\/acil\/wp-json\/wp\/v2\/types\/page"}],"author":[{"embeddable":true,"href":"https:\/\/wp.unil.ch\/acil\/wp-json\/wp\/v2\/users\/241"}],"replies":[{"embeddable":true,"href":"https:\/\/wp.unil.ch\/acil\/wp-json\/wp\/v2\/comments?post=221"}],"version-history":[{"count":1,"href":"https:\/\/wp.unil.ch\/acil\/wp-json\/wp\/v2\/pages\/221\/revisions"}],"predecessor-version":[{"id":1764,"href":"https:\/\/wp.unil.ch\/acil\/wp-json\/wp\/v2\/pages\/221\/revisions\/1764"}],"wp:attachment":[{"href":"https:\/\/wp.unil.ch\/acil\/wp-json\/wp\/v2\/media?parent=221"}],"curies":[{"name":"wp","href":"https:\/\/api.w.org\/{rel}","templated":true}]}}