{"id":208,"date":"2010-09-09T19:14:10","date_gmt":"2010-09-09T17:14:10","guid":{"rendered":"http:\/\/wp.unil.ch\/acil\/"},"modified":"2026-01-29T10:39:30","modified_gmt":"2026-01-29T09:39:30","slug":"commissions-permanentes-2019-2021","status":"publish","type":"page","link":"https:\/\/wp.unil.ch\/acil\/commissions-permanentes-2019-2021\/","title":{"rendered":"Commissions permanentes"},"content":{"rendered":"<p>Institu\u00e9es par l&rsquo;article 23 du R\u00e8glement structurel de la facult\u00e9, les commissions permanentes sont au nombre de 9. Nos repr\u00e9sentants sont \u00e9lus lors d&rsquo;une assembl\u00e9e g\u00e9n\u00e9rale et restent en place jusqu&rsquo;au renouvellement du d\u00e9canat.<\/p>\n<p><strong>Mode de d\u00e9signation<\/strong><\/p>\n<div>\n<p>Approuv\u00e9 par le d\u00e9canat, le 22 mars 2007,<br \/>Approuv\u00e9 en Assembl\u00e9e g\u00e9n\u00e9rale le 7 mai 2007,<\/p>\n<p>1) Les membres des commissions permanentes si\u00e8gent en principe le temps d&rsquo;une dur\u00e9e d\u00e9canale (3 ans)<br \/>2) Leur mandat est confirm\u00e9 par le Conseil de facult\u00e9 chaque ann\u00e9e.<br \/>3) En cas de vacance ou de renouvellement complet (d\u00e9but d&rsquo;un nouveau d\u00e9canat), l&rsquo;ACIL informe ses membres des places vacantes et fait appel aux candidatures.<br \/>4) Les \u00e9lections ont lieu lors de l&rsquo;Assembl\u00e9e g\u00e9n\u00e9rale qui suit.<\/p>\n<\/div>\n<p><a href=\"https:\/\/www.unil.ch\/lettres\/page38032.html\" target=\"_blank\" rel=\"noopener noreferrer\">Liste des membres des commissions permanentes de la Facult\u00e9 <\/a><\/p>\n\n\n<p><\/p>\n","protected":false},"excerpt":{"rendered":"<p>Institu\u00e9es par l&rsquo;article 23 du R\u00e8glement structurel de la facult\u00e9, les commissions permanentes sont au nombre de 9. Nos repr\u00e9sentants sont \u00e9lus lors d&rsquo;une assembl\u00e9e g\u00e9n\u00e9rale et restent en place jusqu&rsquo;au renouvellement du d\u00e9canat. Mode de d\u00e9signation Approuv\u00e9 par le d\u00e9canat, le 22 mars 2007,Approuv\u00e9 en Assembl\u00e9e g\u00e9n\u00e9rale le 7 mai 2007, 1) Les membres &hellip; <\/p>\n<p class=\"link-more\"><a href=\"https:\/\/wp.unil.ch\/acil\/commissions-permanentes-2019-2021\/\" class=\"more-link\">Continuer la lecture<span class=\"screen-reader-text\"> de &laquo;&nbsp;Commissions permanentes&nbsp;&raquo;<\/span><\/a><\/p>\n","protected":false},"author":1001664,"featured_media":0,"parent":0,"menu_order":36,"comment_status":"closed","ping_status":"closed","template":"","meta":{"_seopress_robots_primary_cat":"","_seopress_titles_title":"","_seopress_titles_desc":"","_seopress_robots_index":"","footnotes":""},"class_list":["post-208","page","type-page","status-publish"],"_links":{"self":[{"href":"https:\/\/wp.unil.ch\/acil\/wp-json\/wp\/v2\/pages\/208","targetHints":{"allow":["GET"]}}],"collection":[{"href":"https:\/\/wp.unil.ch\/acil\/wp-json\/wp\/v2\/pages"}],"about":[{"href":"https:\/\/wp.unil.ch\/acil\/wp-json\/wp\/v2\/types\/page"}],"author":[{"embeddable":true,"href":"https:\/\/wp.unil.ch\/acil\/wp-json\/wp\/v2\/users\/1001664"}],"replies":[{"embeddable":true,"href":"https:\/\/wp.unil.ch\/acil\/wp-json\/wp\/v2\/comments?post=208"}],"version-history":[{"count":2,"href":"https:\/\/wp.unil.ch\/acil\/wp-json\/wp\/v2\/pages\/208\/revisions"}],"predecessor-version":[{"id":1763,"href":"https:\/\/wp.unil.ch\/acil\/wp-json\/wp\/v2\/pages\/208\/revisions\/1763"}],"wp:attachment":[{"href":"https:\/\/wp.unil.ch\/acil\/wp-json\/wp\/v2\/media?parent=208"}],"curies":[{"name":"wp","href":"https:\/\/api.w.org\/{rel}","templated":true}]}}