{"id":200,"date":"2010-09-09T18:43:03","date_gmt":"2010-09-09T16:43:03","guid":{"rendered":"http:\/\/wp.unil.ch\/acil\/"},"modified":"2010-09-09T19:51:58","modified_gmt":"2010-09-09T17:51:58","slug":"commissions","status":"publish","type":"page","link":"https:\/\/wp.unil.ch\/acil\/commissions\/","title":{"rendered":"Commissions"},"content":{"rendered":"<p>Les commissions du d\u00e9canat sont soit permanentes soit temporaires.  Leur cr\u00e9ation et leur mode de fonctionnement suivent les articles 23 \u00e0  26 du r\u00e8glement structurel de la facult\u00e9.<br \/>\nLe corps interm\u00e9diaire dispose de repr\u00e9sentants dans la plupart de  ces commissions. Leur d\u00e9signation est plac\u00e9e sous la responsbilit\u00e9 du  comit\u00e9 de l&rsquo;ACIL et le mode d\u00e9pend du statut de la commission  (permanente ou temporaire).<br \/>\nEn cas de vacance, le comit\u00e9 d\u00e9signe un suppl\u00e9ant et pr\u00e9pare une \u00e9lection compl\u00e9mentaire.<\/p>\n","protected":false},"excerpt":{"rendered":"<p>Les commissions du d\u00e9canat sont soit permanentes soit temporaires. Leur cr\u00e9ation et leur mode de fonctionnement suivent les articles 23 \u00e0 26 du r\u00e8glement structurel de la facult\u00e9. Le corps interm\u00e9diaire dispose de repr\u00e9sentants dans la plupart de ces commissions. Leur d\u00e9signation est plac\u00e9e sous la responsbilit\u00e9 du comit\u00e9 de l&rsquo;ACIL et le mode d\u00e9pend &hellip; <\/p>\n<p class=\"link-more\"><a href=\"https:\/\/wp.unil.ch\/acil\/commissions\/\" class=\"more-link\">Continuer la lecture<span class=\"screen-reader-text\"> de &laquo;&nbsp;Commissions&nbsp;&raquo;<\/span><\/a><\/p>\n","protected":false},"author":241,"featured_media":0,"parent":0,"menu_order":35,"comment_status":"closed","ping_status":"closed","template":"","meta":{"_seopress_robots_primary_cat":"","_seopress_titles_title":"","_seopress_titles_desc":"","_seopress_robots_index":"","footnotes":""},"class_list":["post-200","page","type-page","status-publish"],"_links":{"self":[{"href":"https:\/\/wp.unil.ch\/acil\/wp-json\/wp\/v2\/pages\/200","targetHints":{"allow":["GET"]}}],"collection":[{"href":"https:\/\/wp.unil.ch\/acil\/wp-json\/wp\/v2\/pages"}],"about":[{"href":"https:\/\/wp.unil.ch\/acil\/wp-json\/wp\/v2\/types\/page"}],"author":[{"embeddable":true,"href":"https:\/\/wp.unil.ch\/acil\/wp-json\/wp\/v2\/users\/241"}],"replies":[{"embeddable":true,"href":"https:\/\/wp.unil.ch\/acil\/wp-json\/wp\/v2\/comments?post=200"}],"version-history":[{"count":0,"href":"https:\/\/wp.unil.ch\/acil\/wp-json\/wp\/v2\/pages\/200\/revisions"}],"wp:attachment":[{"href":"https:\/\/wp.unil.ch\/acil\/wp-json\/wp\/v2\/media?parent=200"}],"curies":[{"name":"wp","href":"https:\/\/api.w.org\/{rel}","templated":true}]}}