{"id":194,"date":"2010-09-09T18:37:25","date_gmt":"2010-09-09T16:37:25","guid":{"rendered":"http:\/\/wp.unil.ch\/acil\/"},"modified":"2023-12-05T15:11:16","modified_gmt":"2023-12-05T14:11:16","slug":"delegations","status":"publish","type":"page","link":"https:\/\/wp.unil.ch\/acil\/delegations\/","title":{"rendered":"D\u00e9l\u00e9gations"},"content":{"rendered":"<p><strong>Conseil de Facult\u00e9 (CF) 2023-2025<\/strong><\/p>\n<ul>\n<li>Caleb Abraham, Section d&rsquo;histoire<\/li>\n<li>Alain Ausoni, \u00c9cole de fran\u00e7ais langue \u00e9trang\u00e8re<\/li>\n<li>Mireille Berton, Section d&rsquo;histoire et esth\u00e9tique du cin\u00e9ma<\/li>\n<li>Leticia Ding, Section de fran\u00e7ais<\/li>\n<li>L\u00e9a Jusseau, Section de philosophie<\/li>\n<li>C\u00e9line Magada, Section d&rsquo;anglais<\/li>\n<li>St\u00e9phanie Pahud, \u00c9cole de fran\u00e7ais langue \u00e9trang\u00e8re<\/li>\n<li>Ali\u00e9nor Vauthey, Section de fran\u00e7ais<\/li>\n<\/ul>\n<p><a href=\"https:\/\/www.unil.ch\/lettres\/page6876.html\">Pour en savoir plus sur le CF<\/a><\/p>\n<p><strong>Conseil de l&rsquo;Universit\u00e9 (CU) 2022-2025<\/strong><\/p>\n<ul>\n<li>Anne-Christel Zeiter-Grau, FLE<\/li>\n<\/ul>\n<p><a href=\"https:\/\/www.unil.ch\/conseil\">Pour en savoir plus sur le CU<\/a><\/p>\n","protected":false},"excerpt":{"rendered":"<p>Conseil de Facult\u00e9 (CF) 2023-2025 Caleb Abraham, Section d&rsquo;histoire Alain Ausoni, \u00c9cole de fran\u00e7ais langue \u00e9trang\u00e8re Mireille Berton, Section d&rsquo;histoire et esth\u00e9tique du cin\u00e9ma Leticia Ding, Section de fran\u00e7ais L\u00e9a Jusseau, Section de philosophie C\u00e9line Magada, Section d&rsquo;anglais St\u00e9phanie Pahud, \u00c9cole de fran\u00e7ais langue \u00e9trang\u00e8re Ali\u00e9nor Vauthey, Section de fran\u00e7ais Pour en savoir plus sur &hellip; <\/p>\n<p class=\"link-more\"><a href=\"https:\/\/wp.unil.ch\/acil\/delegations\/\" class=\"more-link\">Continuer la lecture<span class=\"screen-reader-text\"> de &laquo;&nbsp;D\u00e9l\u00e9gations&nbsp;&raquo;<\/span><\/a><\/p>\n","protected":false},"author":241,"featured_media":0,"parent":0,"menu_order":14,"comment_status":"closed","ping_status":"closed","template":"","meta":{"_seopress_robots_primary_cat":"","_seopress_titles_title":"","_seopress_titles_desc":"","_seopress_robots_index":"","footnotes":""},"class_list":["post-194","page","type-page","status-publish"],"_links":{"self":[{"href":"https:\/\/wp.unil.ch\/acil\/wp-json\/wp\/v2\/pages\/194","targetHints":{"allow":["GET"]}}],"collection":[{"href":"https:\/\/wp.unil.ch\/acil\/wp-json\/wp\/v2\/pages"}],"about":[{"href":"https:\/\/wp.unil.ch\/acil\/wp-json\/wp\/v2\/types\/page"}],"author":[{"embeddable":true,"href":"https:\/\/wp.unil.ch\/acil\/wp-json\/wp\/v2\/users\/241"}],"replies":[{"embeddable":true,"href":"https:\/\/wp.unil.ch\/acil\/wp-json\/wp\/v2\/comments?post=194"}],"version-history":[{"count":2,"href":"https:\/\/wp.unil.ch\/acil\/wp-json\/wp\/v2\/pages\/194\/revisions"}],"predecessor-version":[{"id":1635,"href":"https:\/\/wp.unil.ch\/acil\/wp-json\/wp\/v2\/pages\/194\/revisions\/1635"}],"wp:attachment":[{"href":"https:\/\/wp.unil.ch\/acil\/wp-json\/wp\/v2\/media?parent=194"}],"curies":[{"name":"wp","href":"https:\/\/api.w.org\/{rel}","templated":true}]}}