{"id":176,"date":"2010-09-09T16:27:14","date_gmt":"2010-09-09T14:27:14","guid":{"rendered":"http:\/\/wp.unil.ch\/acil\/"},"modified":"2025-09-17T12:57:50","modified_gmt":"2025-09-17T10:57:50","slug":"reglement-detudes","status":"publish","type":"page","link":"https:\/\/wp.unil.ch\/acil\/reglement-detudes\/","title":{"rendered":"Doctorat"},"content":{"rendered":"\n<p><a href=\"https:\/\/wp.unil.ch\/acil\/files\/2023\/10\/Recommandations-productions-scientifique-durant-la-these_DEF.pdf\" data-type=\"link\" data-id=\"https:\/\/wp.unil.ch\/acil\/files\/2023\/10\/Recommandations-productions-scientifique-durant-la-these_DEF.pdf\">Recommandations sur la production scientifique durant la th\u00e8se<\/a><\/p>\n\n\n\n<p><a href=\"https:\/\/www.unil.ch\/files\/live\/sites\/lettres\/files\/shared\/01faculte\/0105reglements\/Lettres_REDO_2025-09-15.pdf\">R\u00e8glement du Doctorat \u00e8s Lettres <\/a><\/p>\n\n\n\n<p><a href=\"https:\/\/wp.unil.ch\/acil\/files\/2019\/12\/Charte_doctorat.pdf\">Charte du doctorat<\/a><\/p>\n\n\n\n<p><a href=\"https:\/\/wp.unil.ch\/acil\/files\/2019\/09\/0.7_dir_dec_co-tutelles_these.pdf\">Directives sur les co-tutelles de th\u00e8se<\/a><\/p>\n\n\n\n<p><a href=\"https:\/\/www.unil.ch\/unil\/fr\/home\/menuinst\/recherche\/soutien-recherche.html\">Soutien aux chercheuses et au chercheurs <\/a><\/p>\n\n\n\n<div class=\"wp-block-file\"><a id=\"wp-block-file--media-9ff62972-b551-4be8-a908-e7a97dc8a881\" href=\"https:\/\/wp.unil.ch\/acil\/files\/2021\/01\/Consignes_FR.pdf\">Consignes pour le financement de mobilit\u00e9 \u00ab\u00a0Mobi.doc\u00a0\u00bb<\/a><\/div>\n\n\n\n<p><a href=\"https:\/\/wp.unil.ch\/acil\/files\/2019\/12\/aides_et_formations_pour_assistants-2.pdf\">Aides et formations pour les doctorants<\/a><\/p>\n\n\n\n<p><a href=\"https:\/\/wp.unil.ch\/acidul\/fonds-de-solidarite-des-doctorant-e-s\">Fonds de Solidarit\u00e9 des Doctorant-e-s<\/a><\/p>\n\n\n\n<p><a href=\"https:\/\/wp.unil.ch\/acil\/files\/2023\/01\/Changement-de-direction-de-these.pdf\">Marche \u00e0 suivre pour changement de direction de th\u00e8se<\/a><\/p>\n\n\n\n<figure class=\"wp-block-gallery has-nested-images columns-default is-cropped wp-block-gallery-1 is-layout-flex wp-block-gallery-is-layout-flex\"><\/figure>\n","protected":false},"excerpt":{"rendered":"<p>Recommandations sur la production scientifique durant la th\u00e8se R\u00e8glement du Doctorat \u00e8s Lettres Charte du doctorat Directives sur les co-tutelles de th\u00e8se Soutien aux chercheuses et au chercheurs Aides et formations pour les doctorants Fonds de Solidarit\u00e9 des Doctorant-e-s Marche \u00e0 suivre pour changement de direction de th\u00e8se<\/p>\n","protected":false},"author":108,"featured_media":0,"parent":0,"menu_order":32,"comment_status":"closed","ping_status":"closed","template":"","meta":{"_seopress_robots_primary_cat":"","_seopress_titles_title":"","_seopress_titles_desc":"","_seopress_robots_index":"","footnotes":""},"class_list":["post-176","page","type-page","status-publish"],"_links":{"self":[{"href":"https:\/\/wp.unil.ch\/acil\/wp-json\/wp\/v2\/pages\/176","targetHints":{"allow":["GET"]}}],"collection":[{"href":"https:\/\/wp.unil.ch\/acil\/wp-json\/wp\/v2\/pages"}],"about":[{"href":"https:\/\/wp.unil.ch\/acil\/wp-json\/wp\/v2\/types\/page"}],"author":[{"embeddable":true,"href":"https:\/\/wp.unil.ch\/acil\/wp-json\/wp\/v2\/users\/108"}],"replies":[{"embeddable":true,"href":"https:\/\/wp.unil.ch\/acil\/wp-json\/wp\/v2\/comments?post=176"}],"version-history":[{"count":2,"href":"https:\/\/wp.unil.ch\/acil\/wp-json\/wp\/v2\/pages\/176\/revisions"}],"predecessor-version":[{"id":1743,"href":"https:\/\/wp.unil.ch\/acil\/wp-json\/wp\/v2\/pages\/176\/revisions\/1743"}],"wp:attachment":[{"href":"https:\/\/wp.unil.ch\/acil\/wp-json\/wp\/v2\/media?parent=176"}],"curies":[{"name":"wp","href":"https:\/\/api.w.org\/{rel}","templated":true}]}}