{"id":1734,"date":"2025-09-17T12:30:03","date_gmt":"2025-09-17T10:30:03","guid":{"rendered":"https:\/\/wp.unil.ch\/acil\/?page_id=1734"},"modified":"2025-09-17T12:30:03","modified_gmt":"2025-09-17T10:30:03","slug":"eureka","status":"publish","type":"page","link":"https:\/\/wp.unil.ch\/acil\/eureka\/","title":{"rendered":"EUREKA"},"content":{"rendered":"\n<p>EUREKA pr\u00e9sente l\u2019actualit\u00e9 de la recherche et s\u2019adresse en priorit\u00e9 aux chercheuses et chercheurs de la Facult\u00e9 des lettres. Envoy\u00e9e trois fois par an, elle expose les diff\u00e9rents projets de recherche en cours, annonce les prochains \u00e9v\u00e9nements en lien avec la recherche et diffuse des opportunit\u00e9s de carri\u00e8re<\/p>\n\n\n\n<p><a href=\"https:\/\/wp.unil.ch\/infolettres\/eureka\/\">Site<\/a> <\/p>\n\n\n\n<p><\/p>\n","protected":false},"excerpt":{"rendered":"<p>EUREKA pr\u00e9sente l\u2019actualit\u00e9 de la recherche et s\u2019adresse en priorit\u00e9 aux chercheuses et chercheurs de la Facult\u00e9 des lettres. Envoy\u00e9e trois fois par an, elle expose les diff\u00e9rents projets de recherche en cours, annonce les prochains \u00e9v\u00e9nements en lien avec la recherche et diffuse des opportunit\u00e9s de carri\u00e8re Site<\/p>\n","protected":false},"author":1002868,"featured_media":0,"parent":0,"menu_order":0,"comment_status":"closed","ping_status":"closed","template":"","meta":{"_seopress_robots_primary_cat":"","_seopress_titles_title":"","_seopress_titles_desc":"","_seopress_robots_index":"","footnotes":""},"class_list":["post-1734","page","type-page","status-publish"],"_links":{"self":[{"href":"https:\/\/wp.unil.ch\/acil\/wp-json\/wp\/v2\/pages\/1734","targetHints":{"allow":["GET"]}}],"collection":[{"href":"https:\/\/wp.unil.ch\/acil\/wp-json\/wp\/v2\/pages"}],"about":[{"href":"https:\/\/wp.unil.ch\/acil\/wp-json\/wp\/v2\/types\/page"}],"author":[{"embeddable":true,"href":"https:\/\/wp.unil.ch\/acil\/wp-json\/wp\/v2\/users\/1002868"}],"replies":[{"embeddable":true,"href":"https:\/\/wp.unil.ch\/acil\/wp-json\/wp\/v2\/comments?post=1734"}],"version-history":[{"count":1,"href":"https:\/\/wp.unil.ch\/acil\/wp-json\/wp\/v2\/pages\/1734\/revisions"}],"predecessor-version":[{"id":1735,"href":"https:\/\/wp.unil.ch\/acil\/wp-json\/wp\/v2\/pages\/1734\/revisions\/1735"}],"wp:attachment":[{"href":"https:\/\/wp.unil.ch\/acil\/wp-json\/wp\/v2\/media?parent=1734"}],"curies":[{"name":"wp","href":"https:\/\/api.w.org\/{rel}","templated":true}]}}