{"id":168,"date":"2010-09-09T16:23:58","date_gmt":"2010-09-09T14:23:58","guid":{"rendered":"http:\/\/wp.unil.ch\/acil\/"},"modified":"2025-09-17T12:56:00","modified_gmt":"2025-09-17T10:56:00","slug":"assistant-e-s","status":"publish","type":"page","link":"https:\/\/wp.unil.ch\/acil\/assistant-e-s\/","title":{"rendered":"Assistanat"},"content":{"rendered":"\n<p><a href=\"https:\/\/wp.unil.ch\/acil\/files\/2010\/09\/Reglement_assistants_UNIL.pdf\">R\u00e8glement sur les assistant-e-s \u00e0 l&rsquo;Unil<\/a><\/p>\n\n\n\n<p><a href=\"https:\/\/www.unil.ch\/files\/live\/sites\/lettres\/files\/shared\/01faculte\/0105reglements\/DD\/0.16-dir_dec_procedure_engagement_assistants_1ers_assistants.pdf\">Directive de la Direction sur la proc\u00e9dure d&rsquo;engagement des assistant-e-s dipl\u00f4m\u00e9-e-s et premier-e-s assistant-e-s<\/a><\/p>\n\n\n\n<p><a href=\"https:\/\/wp.unil.ch\/acil\/files\/2010\/09\/CC_type_Lettres1.pdf\" target=\"_blank\" rel=\"noreferrer noopener\">Cahier des charges type d&rsquo;assistant-e<\/a><\/p>\n\n\n\n<p><a href=\"https:\/\/wp.unil.ch\/acil\/files\/2024\/01\/Recommandations_AD_DEF_2023_D.pdf\">Recommandations du D\u00e9canat sur l&rsquo;\u00e9laboration et l&rsquo;application du cahier des charges des assistant-e-s de Lettres (mis \u00e0 jour en juillet 2023)<\/a><\/p>\n\n\n\n<p><a href=\"https:\/\/wp.unil.ch\/acil\/files\/2019\/12\/aides_et_formations_pour_assistants-2.pdf\">Aides et formations pour les assistant-e-s<\/a><\/p>\n\n\n\n<p>Les Assistant-e-s disposent de nombreuses formes de soutien \u00e0 la th\u00e8se, \u00e0 l&rsquo;enseignement ou au d\u00e9veloppement de comp\u00e9tences particuli\u00e8res.<\/p>\n\n\n\n<h6 class=\"wp-block-heading\"><strong>1) Formations doctorales<\/strong><\/h6>\n\n\n\n<p><strong>Formation Doctorale Interdisciplinaire de la Facult\u00e9 des Lettres (FDI)<\/strong><em><br>Ateliers, colloques de rel\u00e8ve, journ\u00e9es de pr\u00e9sentations de th\u00e8ses, rencontres individuelles<\/em><a href=\"https:\/\/unil.ch\/fdi\"><br>https:\/\/unil.ch\/fdi<\/a><\/p>\n\n\n\n<p><strong>Programmes doctoraux de la Conf\u00e9rence Universitaire de Suisse Occidentale (CUSO)<\/strong><em><br>Voir programmes par domaines<\/em><a href=\"https:\/\/www.cuso.ch\/programmes-doctoraux\/\"><br>https:\/\/www.cuso.ch\/programmes-doctoraux\/<\/a><\/p>\n\n\n\n<p>_______________________________________________<\/p>\n\n\n\n<h6 class=\"wp-block-heading\"><strong>2)<\/strong> <strong>Soutiens \u00e0 la rel\u00e8ve f\u00e9minine<\/strong><\/h6>\n\n\n\n<p><strong>Programme REGARD<\/strong><em><br>Divers ateliers (sujets pas forc\u00e9ment sp\u00e9cifiques aux femmes&nbsp;!)<\/em><a href=\"https:\/\/www.unifr.ch\/regard\"><br>https:\/\/www.unifr.ch\/regard<\/a><\/p>\n\n\n\n<p><strong>Bureau de l&rsquo;\u00e9galit\u00e9<\/strong><br><em>Conseils, informations et soutiens li\u00e9s \u00e0 l&rsquo;\u00e9galit\u00e9<\/em><br><a href=\"https:\/\/www.unil.ch\/egalite\/home.html\" data-type=\"URL\" data-id=\"https:\/\/www.unil.ch\/egalite\/home.html\">https:\/\/www.unil.ch\/egalite\/home.html<\/a><\/p>\n\n\n\n<p>_______________________________________________<\/p>\n\n\n\n<h6 class=\"wp-block-heading\"><strong>3) Aides \u00e0 l\u2019enseignement<\/strong><\/h6>\n\n\n\n<p><strong>Centre de Soutien \u00e0 l\u2019Enseignement (CSE)<\/strong><em><br>Formation d\u2019initiation \u00e0 l\u2019enseignement universitaire (en 7 modules d\u2019une demi-journ\u00e9e), formation \u00e0 l\u2019enseignement en Facult\u00e9 des Lettres pr\u00e9paratoire \u00e0 la HEP (5 cr\u00e9dits HEP), pr\u00e9paration \u00e0 la soutenance de th\u00e8se, ateliers divers<\/em><a href=\"https:\/\/unil.ch\/cse\"><br>https:\/\/unil.ch\/cse<\/a><\/p>\n\n\n\n<p><strong>R\u00e9seau Interfacultaire de Soutien \u00ab\u00a0Enseignement et Technologies\u00a0\u00bb (RISET)<\/strong><em><br>Diverses formations<\/em><a href=\"https:\/\/www.unil.ch\/riset\"><br><\/a><a href=\"https:\/\/sepia2.unil.ch\/eet\/\">https:\/\/sepia2.unil.ch\/eet\/<\/a><\/p>\n\n\n\n<p>_______________________________________________<\/p>\n\n\n\n<h6 class=\"wp-block-heading\"><strong>4) Ateliers pour d\u00e9velopper ses comp\u00e9tences<\/strong><\/h6>\n\n\n\n<p><strong>Programme transversal de d\u00e9veloppement des comp\u00e9tences g\u00e9n\u00e9riques, CUSO<\/strong><em><br>Divers ateliers li\u00e9s \u00e0 la recherche doctorale (Conference and seminar skills, Academic writing, etc)<\/em><a href=\"https:\/\/competences.cuso.ch\/\"><br>https:\/\/competences.cuso.ch\/<\/a><\/p>\n\n\n\n<p><strong>Service d\u2019Orientation et Conseil (SOC)<\/strong><em><br>Divers ateliers pour pr\u00e9parer son passage \u00e0 l\u2019emploi (CV, lettre de motivation, valoriser son doctorat), programme de mentoring<\/em><a href=\"https:\/\/www.unil.ch\/soc\"><br>https:\/\/www.unil.ch\/soc<\/a><\/p>\n\n\n\n<p><strong>Centre Informatique (CI)<\/strong><em><br>Divers cours (Word longs documents, Endnote, WordPress, etc.)<\/em><a href=\"https:\/\/www.unil.ch\/ci\"><br>https:\/\/www.unil.ch\/ci<\/a><\/p>\n\n\n\n<p>_______________________________________________<\/p>\n\n\n\n<h6 class=\"wp-block-heading\"><strong>5)<\/strong> <strong>Autres<\/strong><\/h6>\n\n\n\n<p><strong>Guide RH<\/strong><br><a href=\"https:\/\/www.unil.ch\/files\/live\/sites\/srh\/files\/04_Nos_prestations\/Guide_RH.pdf\">Guide RH de l&rsquo;UNIL<\/a><\/p>\n\n\n\n<p><strong>Conseils ch\u00f4mage<\/strong><br><a href=\"https:\/\/wp.unil.ch\/acidul\/chomage\/\" data-type=\"URL\" data-id=\"https:\/\/wp.unil.ch\/acidul\/chomage\/\">https:\/\/wp.unil.ch\/acidul\/chomage\/<\/a><\/p>\n\n\n\n<p><br><\/p>\n","protected":false},"excerpt":{"rendered":"<p>R\u00e8glement sur les assistant-e-s \u00e0 l&rsquo;Unil Directive de la Direction sur la proc\u00e9dure d&rsquo;engagement des assistant-e-s dipl\u00f4m\u00e9-e-s et premier-e-s assistant-e-s Cahier des charges type d&rsquo;assistant-e Recommandations du D\u00e9canat sur l&rsquo;\u00e9laboration et l&rsquo;application du cahier des charges des assistant-e-s de Lettres (mis \u00e0 jour en juillet 2023) Aides et formations pour les assistant-e-s Les Assistant-e-s disposent &hellip; <\/p>\n<p class=\"link-more\"><a href=\"https:\/\/wp.unil.ch\/acil\/assistant-e-s\/\" class=\"more-link\">Continuer la lecture<span class=\"screen-reader-text\"> de &laquo;&nbsp;Assistanat&nbsp;&raquo;<\/span><\/a><\/p>\n","protected":false},"author":108,"featured_media":0,"parent":0,"menu_order":31,"comment_status":"closed","ping_status":"closed","template":"","meta":{"_seopress_robots_primary_cat":"","_seopress_titles_title":"","_seopress_titles_desc":"","_seopress_robots_index":"","footnotes":""},"class_list":["post-168","page","type-page","status-publish"],"_links":{"self":[{"href":"https:\/\/wp.unil.ch\/acil\/wp-json\/wp\/v2\/pages\/168","targetHints":{"allow":["GET"]}}],"collection":[{"href":"https:\/\/wp.unil.ch\/acil\/wp-json\/wp\/v2\/pages"}],"about":[{"href":"https:\/\/wp.unil.ch\/acil\/wp-json\/wp\/v2\/types\/page"}],"author":[{"embeddable":true,"href":"https:\/\/wp.unil.ch\/acil\/wp-json\/wp\/v2\/users\/108"}],"replies":[{"embeddable":true,"href":"https:\/\/wp.unil.ch\/acil\/wp-json\/wp\/v2\/comments?post=168"}],"version-history":[{"count":4,"href":"https:\/\/wp.unil.ch\/acil\/wp-json\/wp\/v2\/pages\/168\/revisions"}],"predecessor-version":[{"id":1742,"href":"https:\/\/wp.unil.ch\/acil\/wp-json\/wp\/v2\/pages\/168\/revisions\/1742"}],"wp:attachment":[{"href":"https:\/\/wp.unil.ch\/acil\/wp-json\/wp\/v2\/media?parent=168"}],"curies":[{"name":"wp","href":"https:\/\/api.w.org\/{rel}","templated":true}]}}