{"id":1422,"date":"2021-08-27T10:27:03","date_gmt":"2021-08-27T08:27:03","guid":{"rendered":"https:\/\/wp.unil.ch\/acil\/?page_id=1422"},"modified":"2021-08-27T10:34:19","modified_gmt":"2021-08-27T08:34:19","slug":"quest-ce-que-le-corps-intermediaire","status":"publish","type":"page","link":"https:\/\/wp.unil.ch\/acil\/quest-ce-que-le-corps-intermediaire\/","title":{"rendered":"Qu&rsquo;est-ce que le corps interm\u00e9diaire ?"},"content":{"rendered":"\n<p>Le corps interm\u00e9diaire (abr\u00e9g\u00e9 CI) fait partie du corps enseignant de la Facult\u00e9 \u00e0 laquelle il est rattach\u00e9, lui-m\u00eame compos\u00e9 du corps professoral, du corps interm\u00e9diaire, d&rsquo;autres enseignant-e-s et de suppl\u00e9ant-e-s. Le CI de la Facult\u00e9 des lettres comprend  : <\/p>\n\n\n\n<ul class=\"wp-block-list\"><li>Ma\u00eetre d&rsquo;enseignement et de recherche type 1 (MER1)<\/li><li>Ma\u00eetre d&rsquo;enseignement et de recherche type 2 (MER2)<\/li><li>Ma\u00eetre assistant-e (MA)<\/li><li>Premier-\u00e8re assistant-e (1A)<\/li><li>Assistant-e dipl\u00f4m\u00e9-e (AD)<\/li><li>Doctorant-e FNS (DocFNS)<\/li><\/ul>\n\n\n\n<p><\/p>\n","protected":false},"excerpt":{"rendered":"<p>Le corps interm\u00e9diaire (abr\u00e9g\u00e9 CI) fait partie du corps enseignant de la Facult\u00e9 \u00e0 laquelle il est rattach\u00e9, lui-m\u00eame compos\u00e9 du corps professoral, du corps interm\u00e9diaire, d&rsquo;autres enseignant-e-s et de suppl\u00e9ant-e-s. Le CI de la Facult\u00e9 des lettres comprend : Ma\u00eetre d&rsquo;enseignement et de recherche type 1 (MER1) Ma\u00eetre d&rsquo;enseignement et de recherche type 2 &hellip; <\/p>\n<p class=\"link-more\"><a href=\"https:\/\/wp.unil.ch\/acil\/quest-ce-que-le-corps-intermediaire\/\" class=\"more-link\">Continuer la lecture<span class=\"screen-reader-text\"> de &laquo;&nbsp;Qu&rsquo;est-ce que le corps interm\u00e9diaire ?&nbsp;&raquo;<\/span><\/a><\/p>\n","protected":false},"author":1002193,"featured_media":0,"parent":0,"menu_order":0,"comment_status":"closed","ping_status":"closed","template":"","meta":{"_seopress_robots_primary_cat":"","_seopress_titles_title":"","_seopress_titles_desc":"","_seopress_robots_index":"","footnotes":""},"class_list":["post-1422","page","type-page","status-publish"],"_links":{"self":[{"href":"https:\/\/wp.unil.ch\/acil\/wp-json\/wp\/v2\/pages\/1422","targetHints":{"allow":["GET"]}}],"collection":[{"href":"https:\/\/wp.unil.ch\/acil\/wp-json\/wp\/v2\/pages"}],"about":[{"href":"https:\/\/wp.unil.ch\/acil\/wp-json\/wp\/v2\/types\/page"}],"author":[{"embeddable":true,"href":"https:\/\/wp.unil.ch\/acil\/wp-json\/wp\/v2\/users\/1002193"}],"replies":[{"embeddable":true,"href":"https:\/\/wp.unil.ch\/acil\/wp-json\/wp\/v2\/comments?post=1422"}],"version-history":[{"count":0,"href":"https:\/\/wp.unil.ch\/acil\/wp-json\/wp\/v2\/pages\/1422\/revisions"}],"wp:attachment":[{"href":"https:\/\/wp.unil.ch\/acil\/wp-json\/wp\/v2\/media?parent=1422"}],"curies":[{"name":"wp","href":"https:\/\/api.w.org\/{rel}","templated":true}]}}