{"id":1408,"date":"2021-08-27T09:52:18","date_gmt":"2021-08-27T07:52:18","guid":{"rendered":"https:\/\/wp.unil.ch\/acil\/?page_id=1408"},"modified":"2021-10-11T14:17:26","modified_gmt":"2021-10-11T12:17:26","slug":"dossiers-2021-2022","status":"publish","type":"page","link":"https:\/\/wp.unil.ch\/acil\/dossiers-2021-2022\/","title":{"rendered":"2021-2022 : Questionnaire CI"},"content":{"rendered":"\n<p>Le comit\u00e9 de l\u2019ACIL a mis en place cette enqu\u00eate pour faire suite au \u00ab&nbsp;Questionnaire sur la rel\u00e8ve et les conditions de travail du Corps Interm\u00e9diaire en lettres&nbsp;\u00bb envoy\u00e9 aux membres du CI en mai 2018. En effet, de nombreux changements ont eu lieu depuis, comme l\u2019impact important du COVID19 sur la vie professionnelle du CI ou la Directive 1.6 sur la proc\u00e9dure de stabilisation des MA. Il a donc sembl\u00e9 important \u00e0 l\u2019ACIL de consulter \u00e0 nouveau les membres du CI, avec pour but d\u2019\u00e9valuer leur situation et d\u2019identifier les probl\u00e8mes sp\u00e9cifiques li\u00e9s \u00e0 chaque statut.&nbsp;<\/p>\n\n\n\n<p>Le questionnaire a \u00e9t\u00e9 envoy\u00e9 par courriel au CI le 15 mars 2021 et est rest\u00e9 ouvert jusqu\u2019au 13 avril 2021. 138 personnes y ont particip\u00e9, dont 104 l\u2019ont compl\u00e9t\u00e9 enti\u00e8rement. Pour une synth\u00e8se des r\u00e9sultats obtenus, voir le document ci-joint : <\/p>\n\n\n\n<div class=\"wp-block-file\"><a href=\"https:\/\/wp.unil.ch\/acil\/files\/2021\/10\/04_Synthese-Globale-Questionnaire_AG-1.pdf\">Synth\u00e8se globale du questionnaire<\/a><\/div>\n","protected":false},"excerpt":{"rendered":"<p>Le comit\u00e9 de l\u2019ACIL a mis en place cette enqu\u00eate pour faire suite au \u00ab&nbsp;Questionnaire sur la rel\u00e8ve et les conditions de travail du Corps Interm\u00e9diaire en lettres&nbsp;\u00bb envoy\u00e9 aux membres du CI en mai 2018. En effet, de nombreux changements ont eu lieu depuis, comme l\u2019impact important du COVID19 sur la vie professionnelle du &hellip; <\/p>\n<p class=\"link-more\"><a href=\"https:\/\/wp.unil.ch\/acil\/dossiers-2021-2022\/\" class=\"more-link\">Continuer la lecture<span class=\"screen-reader-text\"> de &laquo;&nbsp;2021-2022 : Questionnaire CI&nbsp;&raquo;<\/span><\/a><\/p>\n","protected":false},"author":1002193,"featured_media":0,"parent":0,"menu_order":0,"comment_status":"closed","ping_status":"closed","template":"","meta":{"_seopress_robots_primary_cat":"","_seopress_titles_title":"","_seopress_titles_desc":"","_seopress_robots_index":"","footnotes":""},"class_list":["post-1408","page","type-page","status-publish"],"_links":{"self":[{"href":"https:\/\/wp.unil.ch\/acil\/wp-json\/wp\/v2\/pages\/1408","targetHints":{"allow":["GET"]}}],"collection":[{"href":"https:\/\/wp.unil.ch\/acil\/wp-json\/wp\/v2\/pages"}],"about":[{"href":"https:\/\/wp.unil.ch\/acil\/wp-json\/wp\/v2\/types\/page"}],"author":[{"embeddable":true,"href":"https:\/\/wp.unil.ch\/acil\/wp-json\/wp\/v2\/users\/1002193"}],"replies":[{"embeddable":true,"href":"https:\/\/wp.unil.ch\/acil\/wp-json\/wp\/v2\/comments?post=1408"}],"version-history":[{"count":0,"href":"https:\/\/wp.unil.ch\/acil\/wp-json\/wp\/v2\/pages\/1408\/revisions"}],"wp:attachment":[{"href":"https:\/\/wp.unil.ch\/acil\/wp-json\/wp\/v2\/media?parent=1408"}],"curies":[{"name":"wp","href":"https:\/\/api.w.org\/{rel}","templated":true}]}}