{"id":135,"date":"2010-09-09T15:14:26","date_gmt":"2010-09-09T13:14:26","guid":{"rendered":"http:\/\/wp.unil.ch\/acil\/"},"modified":"2020-10-01T12:21:24","modified_gmt":"2020-10-01T10:21:24","slug":"nous-rejoindre-nous-contacter","status":"publish","type":"page","link":"https:\/\/wp.unil.ch\/acil\/nous-rejoindre-nous-contacter\/","title":{"rendered":"Rejoignez-nous\u00a0! Contactez-nous\u00a0!"},"content":{"rendered":"<p><a href=\"https:\/\/wp.unil.ch\/acil\/files\/2010\/07\/book_pile-150x1501.jpg\"><br \/>\n<\/a>Si vous souhaitez partager un projet ou un souci, n\u2019h\u00e9sitez pas \u00e0 nous contacter \u00e0 l\u2019adresse suivante: <a href=\"mailto:acil.unil.ch\">acil@unil.ch<\/a><\/p>\n<p>Si vous \u00eates int\u00e9ress\u00e9\u00b7e \u00e0 rejoindre le comit\u00e9, contactez-nous et venez participer \u00e0 notre prochaine r\u00e9union du comit\u00e9!<\/p>\n","protected":false},"excerpt":{"rendered":"<p>Si vous souhaitez partager un projet ou un souci, n\u2019h\u00e9sitez pas \u00e0 nous contacter \u00e0 l\u2019adresse suivante: acil@unil.ch Si vous \u00eates int\u00e9ress\u00e9\u00b7e \u00e0 rejoindre le comit\u00e9, contactez-nous et venez participer \u00e0 notre prochaine r\u00e9union du comit\u00e9!<\/p>\n","protected":false},"author":1001664,"featured_media":0,"parent":0,"menu_order":16,"comment_status":"closed","ping_status":"closed","template":"","meta":{"_seopress_robots_primary_cat":"","_seopress_titles_title":"","_seopress_titles_desc":"","_seopress_robots_index":"","footnotes":""},"class_list":["post-135","page","type-page","status-publish"],"_links":{"self":[{"href":"https:\/\/wp.unil.ch\/acil\/wp-json\/wp\/v2\/pages\/135","targetHints":{"allow":["GET"]}}],"collection":[{"href":"https:\/\/wp.unil.ch\/acil\/wp-json\/wp\/v2\/pages"}],"about":[{"href":"https:\/\/wp.unil.ch\/acil\/wp-json\/wp\/v2\/types\/page"}],"author":[{"embeddable":true,"href":"https:\/\/wp.unil.ch\/acil\/wp-json\/wp\/v2\/users\/1001664"}],"replies":[{"embeddable":true,"href":"https:\/\/wp.unil.ch\/acil\/wp-json\/wp\/v2\/comments?post=135"}],"version-history":[{"count":0,"href":"https:\/\/wp.unil.ch\/acil\/wp-json\/wp\/v2\/pages\/135\/revisions"}],"wp:attachment":[{"href":"https:\/\/wp.unil.ch\/acil\/wp-json\/wp\/v2\/media?parent=135"}],"curies":[{"name":"wp","href":"https:\/\/api.w.org\/{rel}","templated":true}]}}