{"id":1090,"date":"2019-09-19T13:27:29","date_gmt":"2019-09-19T11:27:29","guid":{"rendered":"http:\/\/wp.unil.ch\/acil\/?page_id=1090"},"modified":"2019-12-11T22:45:43","modified_gmt":"2019-12-11T21:45:43","slug":"documents-utiles-directives-etc","status":"publish","type":"page","link":"https:\/\/wp.unil.ch\/acil\/documents\/documents-utiles-directives-etc\/","title":{"rendered":"Documents utiles (directives, etc.)"},"content":{"rendered":"<p><a class=\"liens\" title=\"0.14-DD-subsides-deplacement-CI-20190508.pdf (Subsides de d\u00e9placement accord\u00e9s au corps interm\u00e9diaire, aux charg\u00e9s de cours et aux privat-docents)\" href=\"https:\/\/www.unil.ch\/lettres\/files\/live\/sites\/lettres\/files\/shared\/Faculte\/Reglements\/DD\/0.14-DD-subsides-deplacement-CI-20190508.pdf\">Subsides de d\u00e9placement accord\u00e9s au corps interm\u00e9diaire, aux charg\u00e9s de cours et aux privat-docents<\/a><\/p>\n","protected":false},"excerpt":{"rendered":"<p>Subsides de d\u00e9placement accord\u00e9s au corps interm\u00e9diaire, aux charg\u00e9s de cours et aux privat-docents<\/p>\n","protected":false},"author":1001989,"featured_media":0,"parent":801,"menu_order":0,"comment_status":"closed","ping_status":"closed","template":"","meta":{"_seopress_robots_primary_cat":"","_seopress_titles_title":"","_seopress_titles_desc":"","_seopress_robots_index":"","footnotes":""},"class_list":["post-1090","page","type-page","status-publish"],"_links":{"self":[{"href":"https:\/\/wp.unil.ch\/acil\/wp-json\/wp\/v2\/pages\/1090","targetHints":{"allow":["GET"]}}],"collection":[{"href":"https:\/\/wp.unil.ch\/acil\/wp-json\/wp\/v2\/pages"}],"about":[{"href":"https:\/\/wp.unil.ch\/acil\/wp-json\/wp\/v2\/types\/page"}],"author":[{"embeddable":true,"href":"https:\/\/wp.unil.ch\/acil\/wp-json\/wp\/v2\/users\/1001989"}],"replies":[{"embeddable":true,"href":"https:\/\/wp.unil.ch\/acil\/wp-json\/wp\/v2\/comments?post=1090"}],"version-history":[{"count":0,"href":"https:\/\/wp.unil.ch\/acil\/wp-json\/wp\/v2\/pages\/1090\/revisions"}],"up":[{"embeddable":true,"href":"https:\/\/wp.unil.ch\/acil\/wp-json\/wp\/v2\/pages\/801"}],"wp:attachment":[{"href":"https:\/\/wp.unil.ch\/acil\/wp-json\/wp\/v2\/media?parent=1090"}],"curies":[{"name":"wp","href":"https:\/\/api.w.org\/{rel}","templated":true}]}}