{"id":108,"date":"2010-08-22T19:04:41","date_gmt":"2010-08-22T17:04:41","guid":{"rendered":"http:\/\/wp.unil.ch\/acil\/"},"modified":"2023-09-25T14:52:41","modified_gmt":"2023-09-25T12:52:41","slug":"rapports-dactivites","status":"publish","type":"page","link":"https:\/\/wp.unil.ch\/acil\/rapports-dactivites\/","title":{"rendered":"Rapports d&rsquo;activit\u00e9s"},"content":{"rendered":"<div><a href=\"https:\/\/wp.unil.ch\/acil\/files\/2023\/09\/ACIL_Rapport-dactivites-2022-2023.pdf\">Rapport d&rsquo;activit\u00e9s 2022-2023<\/a><\/div>\n<div>\u00a0<\/div>\n<div><a href=\"https:\/\/wp.unil.ch\/acil\/files\/2023\/06\/02_Rapport-dactivites-2022.pdf\">Rapport d&rsquo;activit\u00e9s 2021-2022<\/a><\/div>\n<div>\u00a0<\/div>\n<div>\u00a0<\/div>\n<div class=\"wp-block-file\"><a href=\"https:\/\/wp.unil.ch\/acil\/files\/2021\/10\/03_Rapport-dactivites-2020-21-2.pdf\">Rapport d&rsquo;activit\u00e9s 2020-2021<\/a><\/div>\n\n\n<div class=\"wp-block-file\"><a id=\"wp-block-file--media-92994da1-d32d-4a75-9ef8-ba7f18b6d973\" href=\"https:\/\/wp.unil.ch\/acil\/files\/2021\/02\/Rapport-dactivites-2019-20.pdf\">Rapport d&rsquo;activit\u00e9s 2019-2020<\/a><\/div>\n\n\n\n<div class=\"wp-block-file\"><a id=\"wp-block-file--media-9ba59109-8c76-481e-8c96-ba54abfc4032\" href=\"https:\/\/wp.unil.ch\/acil\/files\/2021\/01\/Rapport-activite-ACIL-2019-DEF_CF2020_lu-cf-np-ch.pdf\">Rapport d&rsquo;activit\u00e9s 2018-2019<\/a><\/div>\n\n\n\n<p><a href=\"https:\/\/wp.unil.ch\/acil\/files\/2018\/10\/Rapport-dactivit\u00e9s-2017-2018.pdf\">Rapport d&rsquo;activit\u00e9s 2017-2018<\/a><\/p>\n\n\n\n<p><a href=\"https:\/\/wp.unil.ch\/acil\/files\/2019\/12\/Rapport_activites_2016-2017.pdf\">Rapport d&rsquo;activit\u00e9s 2016-2017<\/a><\/p>\n\n\n\n<p><a href=\"https:\/\/wp.unil.ch\/acil\/files\/2016\/11\/Rapport_activites_2015-2016_final-1.pdf\" target=\"_blank\" rel=\"noopener noreferrer\">Rapport d&rsquo;activit\u00e9s 2015-2016<\/a><\/p>\n\n\n\n<p><a href=\"https:\/\/wp.unil.ch\/acil\/files\/2016\/11\/Rapport_2014-2015.pdf\" target=\"_blank\" rel=\"noopener noreferrer\">Rapport d&rsquo;activit\u00e9s 2014-2015<\/a><\/p>\n\n\n\n<p><a href=\"https:\/\/wp.unil.ch\/acil\/files\/2010\/08\/Rapport_2013-2014-final.pdf\" target=\"_blank\" rel=\"noopener noreferrer\">Rapport d&rsquo;activit\u00e9s 2013-2014<\/a><\/p>\n\n\n\n<p><a href=\"https:\/\/wp.unil.ch\/acil\/files\/2013\/11\/ACIL-Rapport_2012-2013.pdf\">Rapport d&rsquo;activit\u00e9s 2012-2013<\/a><\/p>\n\n\n\n<p><a href=\"https:\/\/wp.unil.ch\/acil\/files\/2012\/11\/Rapport-dactivit\u00e9s-2011-12.pdf\">Rapport d&rsquo;activit\u00e9s 2011-2012<\/a><\/p>\n\n\n\n<p><a href=\"https:\/\/wp.unil.ch\/acil\/files\/2010\/09\/Rapport-dactivit%C3%A9s-2010-11.pdf\">Rapport d&rsquo;activit\u00e9s 2010-2011<\/a><\/p>\n\n\n\n<p><a href=\"https:\/\/wp.unil.ch\/acil\/files\/2010\/08\/Rapport-activit%C3%A9s-ACIL-2009-2010.pdf\">Rapport d&rsquo;activit\u00e9s 2009-2010<\/a><\/p>\n\n\n\n<p><a href=\"https:\/\/wp.unil.ch\/acil\/files\/2010\/08\/Rapport_activites_2008.pdf\">Rapport d&rsquo;activit\u00e9s 2008-2009<\/a><\/p>\n\n\n\n<p><a href=\"https:\/\/wp.unil.ch\/acil\/files\/2010\/08\/Rapport_activites_2006-2007.pdf\">Rapport d&rsquo;activit\u00e9s 2006-2007<\/a><\/p>\n","protected":false},"excerpt":{"rendered":"<p>Rapport d&rsquo;activit\u00e9s 2022-2023 \u00a0 Rapport d&rsquo;activit\u00e9s 2021-2022 \u00a0 \u00a0 Rapport d&rsquo;activit\u00e9s 2020-2021 Rapport d&rsquo;activit\u00e9s 2017-2018 Rapport d&rsquo;activit\u00e9s 2016-2017 Rapport d&rsquo;activit\u00e9s 2015-2016 Rapport d&rsquo;activit\u00e9s 2014-2015 Rapport d&rsquo;activit\u00e9s 2013-2014 Rapport d&rsquo;activit\u00e9s 2012-2013 Rapport d&rsquo;activit\u00e9s 2011-2012 Rapport d&rsquo;activit\u00e9s 2010-2011 Rapport d&rsquo;activit\u00e9s 2009-2010 Rapport d&rsquo;activit\u00e9s 2008-2009 Rapport d&rsquo;activit\u00e9s 2006-2007<\/p>\n","protected":false},"author":1001664,"featured_media":0,"parent":0,"menu_order":25,"comment_status":"closed","ping_status":"closed","template":"","meta":{"_seopress_robots_primary_cat":"","_seopress_titles_title":"","_seopress_titles_desc":"","_seopress_robots_index":"","footnotes":""},"class_list":["post-108","page","type-page","status-publish"],"_links":{"self":[{"href":"https:\/\/wp.unil.ch\/acil\/wp-json\/wp\/v2\/pages\/108","targetHints":{"allow":["GET"]}}],"collection":[{"href":"https:\/\/wp.unil.ch\/acil\/wp-json\/wp\/v2\/pages"}],"about":[{"href":"https:\/\/wp.unil.ch\/acil\/wp-json\/wp\/v2\/types\/page"}],"author":[{"embeddable":true,"href":"https:\/\/wp.unil.ch\/acil\/wp-json\/wp\/v2\/users\/1001664"}],"replies":[{"embeddable":true,"href":"https:\/\/wp.unil.ch\/acil\/wp-json\/wp\/v2\/comments?post=108"}],"version-history":[{"count":1,"href":"https:\/\/wp.unil.ch\/acil\/wp-json\/wp\/v2\/pages\/108\/revisions"}],"predecessor-version":[{"id":1750,"href":"https:\/\/wp.unil.ch\/acil\/wp-json\/wp\/v2\/pages\/108\/revisions\/1750"}],"wp:attachment":[{"href":"https:\/\/wp.unil.ch\/acil\/wp-json\/wp\/v2\/media?parent=108"}],"curies":[{"name":"wp","href":"https:\/\/api.w.org\/{rel}","templated":true}]}}