{"id":105,"date":"2010-08-22T19:00:37","date_gmt":"2010-08-22T17:00:37","guid":{"rendered":"http:\/\/wp.unil.ch\/acil\/"},"modified":"2010-10-18T08:59:56","modified_gmt":"2010-10-18T06:59:56","slug":"anciens-dossiers","status":"publish","type":"page","link":"https:\/\/wp.unil.ch\/acil\/anciens-dossiers\/","title":{"rendered":"Anciens dossiers"},"content":{"rendered":"<p>\u2022 Reconnaissance de l&rsquo;ACIL.<\/p>\n<p>\u2022 N\u00e9gociation avec le d\u00e9canat du mode de d\u00e9signation de nos repr\u00e9sentants dans les commissions temporaires.<\/p>\n<p>\u2022 Soutien de la p\u00e9tition du corps professoral pour la modification du calendrier des examens.<\/p>\n<p>\u2022 Etablissement d&rsquo;un cahier des charges-type pour les assistants de la facult\u00e9.<\/p>\n<p>\u2022 R\u00e9gler le probl\u00e8me des sessions d&rsquo;examens.<\/p>\n<p>\u2022 Mise en place de contact dans les sections.<\/p>\n<p>\u2022 Participation \u00e0 l&rsquo;auto-\u00e9valuation de la facult\u00e9.<\/p>\n<p>\u2022 R\u00e9flexion sur l&rsquo;entr\u00e9e des partis politiques \u00e0 l&rsquo;Universit\u00e9.<\/p>\n","protected":false},"excerpt":{"rendered":"<p>\u2022 Reconnaissance de l&rsquo;ACIL. \u2022 N\u00e9gociation avec le d\u00e9canat du mode de d\u00e9signation de nos repr\u00e9sentants dans les commissions temporaires. \u2022 Soutien de la p\u00e9tition du corps professoral pour la modification du calendrier des examens. \u2022 Etablissement d&rsquo;un cahier des charges-type pour les assistants de la facult\u00e9. \u2022 R\u00e9gler le probl\u00e8me des sessions d&rsquo;examens. \u2022 &hellip; <\/p>\n<p class=\"link-more\"><a href=\"https:\/\/wp.unil.ch\/acil\/anciens-dossiers\/\" class=\"more-link\">Continuer la lecture<span class=\"screen-reader-text\"> de &laquo;&nbsp;Anciens dossiers&nbsp;&raquo;<\/span><\/a><\/p>\n","protected":false},"author":241,"featured_media":0,"parent":0,"menu_order":24,"comment_status":"closed","ping_status":"closed","template":"","meta":{"_seopress_robots_primary_cat":"","_seopress_titles_title":"","_seopress_titles_desc":"","_seopress_robots_index":"","footnotes":""},"class_list":["post-105","page","type-page","status-publish"],"_links":{"self":[{"href":"https:\/\/wp.unil.ch\/acil\/wp-json\/wp\/v2\/pages\/105","targetHints":{"allow":["GET"]}}],"collection":[{"href":"https:\/\/wp.unil.ch\/acil\/wp-json\/wp\/v2\/pages"}],"about":[{"href":"https:\/\/wp.unil.ch\/acil\/wp-json\/wp\/v2\/types\/page"}],"author":[{"embeddable":true,"href":"https:\/\/wp.unil.ch\/acil\/wp-json\/wp\/v2\/users\/241"}],"replies":[{"embeddable":true,"href":"https:\/\/wp.unil.ch\/acil\/wp-json\/wp\/v2\/comments?post=105"}],"version-history":[{"count":0,"href":"https:\/\/wp.unil.ch\/acil\/wp-json\/wp\/v2\/pages\/105\/revisions"}],"wp:attachment":[{"href":"https:\/\/wp.unil.ch\/acil\/wp-json\/wp\/v2\/media?parent=105"}],"curies":[{"name":"wp","href":"https:\/\/api.w.org\/{rel}","templated":true}]}}